{"id":2482,"date":"2024-08-01T16:39:50","date_gmt":"2024-08-01T13:39:50","guid":{"rendered":"https:\/\/musiikkitoteemifi-wp26890.test.cchosting.fi\/?page_id=2482"},"modified":"2025-06-29T18:03:29","modified_gmt":"2025-06-29T15:03:29","slug":"tietosuojaseloste-2","status":"publish","type":"page","link":"https:\/\/musiikkitoteemi.fi\/en\/tietosuojaseloste-2\/","title":{"rendered":"Privacy Policy"},"content":{"rendered":"<div data-elementor-type=\"wp-page\" data-elementor-id=\"2482\" class=\"elementor elementor-2482\" data-elementor-post-type=\"page\">\n\t\t\t\t\t\t<section class=\"elementor-section elementor-top-section elementor-element elementor-element-7bce3fd elementor-section-height-min-height elementor-section-items-bottom elementor-section-boxed elementor-section-height-default\" data-id=\"7bce3fd\" data-element_type=\"section\" data-e-type=\"section\" data-settings=\"{&quot;background_background&quot;:&quot;classic&quot;}\">\n\t\t\t\t\t\t<div class=\"elementor-container elementor-column-gap-default\">\n\t\t\t\t\t<div class=\"elementor-column elementor-col-100 elementor-top-column elementor-element elementor-element-7063a62\" data-id=\"7063a62\" data-element_type=\"column\" data-e-type=\"column\" data-settings=\"{&quot;background_background&quot;:&quot;classic&quot;}\">\n\t\t\t<div class=\"elementor-widget-wrap elementor-element-populated\">\n\t\t\t\t\t\t<div class=\"elementor-element elementor-element-3403d5f elementor-widget__width-initial elementor-widget elementor-widget-heading\" data-id=\"3403d5f\" data-element_type=\"widget\" data-e-type=\"widget\" data-widget_type=\"heading.default\">\n\t\t\t\t<div class=\"elementor-widget-container\">\n\t\t\t\t\t<div class=\"elementor-heading-title elementor-size-default\">Privacy Policy<\/div>\t\t\t\t<\/div>\n\t\t\t\t<\/div>\n\t\t\t\t<div class=\"elementor-element elementor-element-7c39804 elementor-widget__width-initial elementor-widget elementor-widget-text-editor\" data-id=\"7c39804\" data-element_type=\"widget\" data-e-type=\"widget\" data-widget_type=\"text-editor.default\">\n\t\t\t\t<div class=\"elementor-widget-container\">\n\t\t\t\t\t\t\t\t\t<p><em>Updated 1.8.2024<\/em><\/p>\t\t\t\t\t\t\t\t<\/div>\n\t\t\t\t<\/div>\n\t\t\t\t\t<\/div>\n\t\t<\/div>\n\t\t\t\t\t<\/div>\n\t\t<\/section>\n\t\t\t\t<section class=\"elementor-section elementor-top-section elementor-element elementor-element-136e73c elementor-section-boxed elementor-section-height-default elementor-section-height-default\" data-id=\"136e73c\" data-element_type=\"section\" data-e-type=\"section\">\n\t\t\t\t\t\t<div class=\"elementor-container elementor-column-gap-default\">\n\t\t\t\t\t<div class=\"elementor-column elementor-col-100 elementor-top-column elementor-element elementor-element-5edfb50\" data-id=\"5edfb50\" data-element_type=\"column\" data-e-type=\"column\">\n\t\t\t<div class=\"elementor-widget-wrap elementor-element-populated\">\n\t\t\t\t\t\t<div class=\"elementor-element elementor-element-8bfaf1b elementor-widget elementor-widget-spacer\" data-id=\"8bfaf1b\" data-element_type=\"widget\" data-e-type=\"widget\" data-widget_type=\"spacer.default\">\n\t\t\t\t<div class=\"elementor-widget-container\">\n\t\t\t\t\t\t\t<div class=\"elementor-spacer\">\n\t\t\t<div class=\"elementor-spacer-inner\"><\/div>\n\t\t<\/div>\n\t\t\t\t\t\t<\/div>\n\t\t\t\t<\/div>\n\t\t\t\t\t<\/div>\n\t\t<\/div>\n\t\t\t\t\t<\/div>\n\t\t<\/section>\n\t\t\t\t<section class=\"elementor-section elementor-top-section elementor-element elementor-element-49a9ec2 elementor-section-boxed elementor-section-height-default elementor-section-height-default\" data-id=\"49a9ec2\" data-element_type=\"section\" data-e-type=\"section\">\n\t\t\t\t\t\t<div class=\"elementor-container elementor-column-gap-default\">\n\t\t\t\t\t<div class=\"elementor-column elementor-col-100 elementor-top-column elementor-element elementor-element-586ab22\" data-id=\"586ab22\" data-element_type=\"column\" data-e-type=\"column\">\n\t\t\t<div class=\"elementor-widget-wrap elementor-element-populated\">\n\t\t\t\t\t\t<div class=\"elementor-element elementor-element-d5a76ff elementor-widget elementor-widget-text-editor\" data-id=\"d5a76ff\" data-element_type=\"widget\" data-e-type=\"widget\" data-widget_type=\"text-editor.default\">\n\t\t\t\t<div class=\"elementor-widget-container\">\n\t\t\t\t\t\t\t\t\t<h1>Registration description and information document<\/h1><p><strong>This is Musiikkitoteemi Oy&#039;s combined registration statement and information document for Musiikkitoteemi Oy&#039;s customers, potential customers and website users.<\/strong><br \/><br \/><\/p><div>Prepared: 1.1.2022 \/ Updated: 1.8.2024<\/div><div>\u00a0<\/div><div><strong>Use of cookies: <\/strong>We use cookies on our website musiikkitoteemi.fi<\/div><ul><li>A cookie is a small text file that a website stores on your computer, tablet or mobile phone when you visit the page.<\/li><li>We use cookies to analyze website usage, target advertising, and monitor the performance of advertising in digital media, such as search engines.<\/li><li>Cookies do not contain personal information. <br \/>Cookies are not given or sold to third parties.<\/li><li>By using the musiikkitoteemi.fi website, you agree to the use of cookies as described above. You can avoid the use of cookies by modifying your browser settings and prohibiting their use.<br \/><br \/><\/li><\/ul><div><strong>Registrar: <\/strong>Musiikkitoteemi Oy<\/div><div>\u00a0<\/div><div><strong>Contact person responsible for registry matters:<\/strong>Tomi Tolvanen: info(at)musiikkitoteemi.fi<\/div><div>\u00a0<\/div><div><strong>Register name:<\/strong>Musiikkitoteemi Oy&#039;s customer and marketing register<\/div><div>\u00a0<\/div><div><strong>Purpose of the register:<\/strong> Enabling customer service contacts, customer relationship maintenance and marketing.<\/div><div>\u00a0<\/div><div><strong>Data content of the register:\u00a0<\/strong><\/div><ul><li>Person&#039;s name, email address and title\/area of responsibility<\/li><li>Company name, contact information and industry<\/li><li>Information related to customer management and communication<\/li><li>Information related to online behavior on Musiikkitoteemi Oy&#039;s websites and services<\/li><li>Information related to marketing and promotions, such as marketing activities targeted at the data subject and participation in them<\/li><li>Accounts\/profiles on social media services<\/li><li>Technical information and cookies sent to the data subject&#039;s browser and related information<\/li><\/ul><div><strong>Regular sources of information: <\/strong>The collection of name and other contact information is based on a customer relationship or other connection with Musiikkitoteemi Oy.<\/div><div>\u00a0<\/div><div>The information stored in the register is obtained from the customer, for example, through messages sent via web forms, email, telephone, social media services, contracts, customer meetings and other situations in which the customer provides their information.<\/div><div>\u00a0<\/div><div><strong>Regular disclosures of information:<\/strong>The information will not be disclosed to other parties. Information may be published to the extent agreed with the customer.<\/div><div>\u00a0<\/div><div><strong>Regular data transfers and data transfers outside the EU or EEA: <\/strong>Digital data is stored in the online service primarily in secure data centers within the EU. This data may also be transferred or backed up by the controller outside the EU or EEA, depending on the locations of the data centers of any online service providers.<\/div><div>This way, your data is safe even in situations where the main servers fail.<\/div><div>\u00a0<\/div><div><strong>Principles of register protection: <\/strong>Care is taken in handling the register and the information processed by the information systems is appropriately protected. When register data is stored on Internet servers, the physical and digital security of their hardware is appropriately ensured.<\/div><div>\u00a0<\/div><div>The controller ensures that stored data, server access rights and other information critical to the security of personal data are handled confidentially and only by employees whose job description includes it.<\/div><p>\u00a0<\/p>\t\t\t\t\t\t\t\t<\/div>\n\t\t\t\t<\/div>\n\t\t\t\t\t<\/div>\n\t\t<\/div>\n\t\t\t\t\t<\/div>\n\t\t<\/section>\n\t\t\t\t<\/div>","protected":false},"excerpt":{"rendered":"<p>Tietosuojaseloste P\u00e4ivitetty 1.8.2024 Rekisteriseloste- ja \u2028informointiasiakirja T\u00e4m\u00e4 on Musiikkitoteemi Oy:n yhdistetty rekisteriseloste- ja\u2028informointiasiakirja Musiikkitoteemi Oy:n asiakkaille, potentiaalisille asiakkaille sek\u00e4 verkkosivuston k\u00e4ytt\u00e4jille. Laadittu: 1.1.2022 \/ P\u00e4ivitetty: 1.8.2024\u00a0Ev\u00e4steiden k\u00e4ytt\u00f6:\u2028 K\u00e4yt\u00e4mme ev\u00e4steit\u00e4 (cookies) verkkosivustollamme musiikkitoteemi.fi Ev\u00e4ste on pieni tekstitiedosto, jonka verkkosivu tallentaa tietokoneelle, tabletille tai matkapuhelimelle k\u00e4ydess\u00e4si sivulla. K\u00e4yt\u00e4mme ev\u00e4steit\u00e4 sivuston k\u00e4yt\u00f6n analysointiin, mainonnan kohdentamiseen ja mainonnan toimivuuden [&hellip;]<\/p>\n","protected":false},"author":2,"featured_media":0,"parent":0,"menu_order":0,"comment_status":"closed","ping_status":"closed","template":"","meta":{"_acf_changed":false,"footnotes":""},"class_list":["post-2482","page","type-page","status-publish","hentry"],"acf":[],"yoast_head":"<!-- This site is optimized with the Yoast SEO plugin v27.4 - https:\/\/yoast.com\/product\/yoast-seo-wordpress\/ -->\n<title>Tietosuojaseloste - Musiikkikoulu Musiikkitoteemi<\/title>\n<meta name=\"robots\" content=\"index, follow, max-snippet:-1, max-image-preview:large, max-video-preview:-1\" \/>\n<link rel=\"canonical\" href=\"https:\/\/musiikkitoteemi.fi\/en\/tietosuojaseloste-2\/\" \/>\n<meta property=\"og:locale\" content=\"en_US\" \/>\n<meta property=\"og:type\" content=\"article\" \/>\n<meta property=\"og:title\" content=\"Tietosuojaseloste - Musiikkikoulu Musiikkitoteemi\" \/>\n<meta property=\"og:description\" content=\"Tietosuojaseloste P\u00e4ivitetty 1.8.2024 Rekisteriseloste- ja \u2028informointiasiakirja T\u00e4m\u00e4 on Musiikkitoteemi Oy:n yhdistetty rekisteriseloste- ja\u2028informointiasiakirja Musiikkitoteemi Oy:n asiakkaille, potentiaalisille asiakkaille sek\u00e4 verkkosivuston k\u00e4ytt\u00e4jille. Laadittu: 1.1.2022 \/ P\u00e4ivitetty: 1.8.2024\u00a0Ev\u00e4steiden k\u00e4ytt\u00f6:\u2028 K\u00e4yt\u00e4mme ev\u00e4steit\u00e4 (cookies) verkkosivustollamme musiikkitoteemi.fi Ev\u00e4ste on pieni tekstitiedosto, jonka verkkosivu tallentaa tietokoneelle, tabletille tai matkapuhelimelle k\u00e4ydess\u00e4si sivulla. K\u00e4yt\u00e4mme ev\u00e4steit\u00e4 sivuston k\u00e4yt\u00f6n analysointiin, mainonnan kohdentamiseen ja mainonnan toimivuuden [&hellip;]\" \/>\n<meta property=\"og:url\" content=\"https:\/\/musiikkitoteemi.fi\/en\/tietosuojaseloste-2\/\" \/>\n<meta property=\"og:site_name\" content=\"Musiikkikoulu Musiikkitoteemi\" \/>\n<meta property=\"article:publisher\" content=\"https:\/\/www.facebook.com\/musiikkitoteemi\/\" \/>\n<meta property=\"article:modified_time\" content=\"2025-06-29T15:03:29+00:00\" \/>\n<meta property=\"og:image\" content=\"https:\/\/musiikkitoteemi.fi\/wp-content\/uploads\/2024\/08\/banneri-musiikkitoteemi.jpg\" \/>\n\t<meta property=\"og:image:width\" content=\"2000\" \/>\n\t<meta property=\"og:image:height\" content=\"550\" \/>\n\t<meta property=\"og:image:type\" content=\"image\/jpeg\" \/>\n<meta name=\"twitter:card\" content=\"summary_large_image\" \/>\n<meta name=\"twitter:label1\" content=\"Est. reading time\" \/>\n\t<meta name=\"twitter:data1\" content=\"2 minutes\" \/>\n<script type=\"application\/ld+json\" class=\"yoast-schema-graph\">{\"@context\":\"https:\\\/\\\/schema.org\",\"@graph\":[{\"@type\":\"WebPage\",\"@id\":\"https:\\\/\\\/musiikkitoteemi.fi\\\/tietosuojaseloste-2\\\/\",\"url\":\"https:\\\/\\\/musiikkitoteemi.fi\\\/tietosuojaseloste-2\\\/\",\"name\":\"Tietosuojaseloste - Musiikkikoulu Musiikkitoteemi\",\"isPartOf\":{\"@id\":\"https:\\\/\\\/musiikkitoteemi.fi\\\/#website\"},\"datePublished\":\"2024-08-01T13:39:50+00:00\",\"dateModified\":\"2025-06-29T15:03:29+00:00\",\"breadcrumb\":{\"@id\":\"https:\\\/\\\/musiikkitoteemi.fi\\\/tietosuojaseloste-2\\\/#breadcrumb\"},\"inLanguage\":\"en-US\",\"potentialAction\":[{\"@type\":\"ReadAction\",\"target\":[\"https:\\\/\\\/musiikkitoteemi.fi\\\/tietosuojaseloste-2\\\/\"]}]},{\"@type\":\"BreadcrumbList\",\"@id\":\"https:\\\/\\\/musiikkitoteemi.fi\\\/tietosuojaseloste-2\\\/#breadcrumb\",\"itemListElement\":[{\"@type\":\"ListItem\",\"position\":1,\"name\":\"Etusivu\",\"item\":\"https:\\\/\\\/musiikkitoteemi.fi\\\/\"},{\"@type\":\"ListItem\",\"position\":2,\"name\":\"Tietosuojaseloste\"}]},{\"@type\":\"WebSite\",\"@id\":\"https:\\\/\\\/musiikkitoteemi.fi\\\/#website\",\"url\":\"https:\\\/\\\/musiikkitoteemi.fi\\\/\",\"name\":\"Musiikkitoteemi - Musiikkikoulu Tampereella\",\"description\":\"Sinun musiikkikoulusi Tampereella vuodesta 2004.\",\"publisher\":{\"@id\":\"https:\\\/\\\/musiikkitoteemi.fi\\\/#organization\"},\"potentialAction\":[{\"@type\":\"SearchAction\",\"target\":{\"@type\":\"EntryPoint\",\"urlTemplate\":\"https:\\\/\\\/musiikkitoteemi.fi\\\/?s={search_term_string}\"},\"query-input\":{\"@type\":\"PropertyValueSpecification\",\"valueRequired\":true,\"valueName\":\"search_term_string\"}}],\"inLanguage\":\"en-US\"},{\"@type\":\"Organization\",\"@id\":\"https:\\\/\\\/musiikkitoteemi.fi\\\/#organization\",\"name\":\"Musiikkitoteemi\",\"url\":\"https:\\\/\\\/musiikkitoteemi.fi\\\/\",\"logo\":{\"@type\":\"ImageObject\",\"inLanguage\":\"en-US\",\"@id\":\"https:\\\/\\\/musiikkitoteemi.fi\\\/#\\\/schema\\\/logo\\\/image\\\/\",\"url\":\"https:\\\/\\\/musiikkitoteemi.fi\\\/wp-content\\\/uploads\\\/2024\\\/07\\\/musiikkitoteemi.png\",\"contentUrl\":\"https:\\\/\\\/musiikkitoteemi.fi\\\/wp-content\\\/uploads\\\/2024\\\/07\\\/musiikkitoteemi.png\",\"width\":451,\"height\":221,\"caption\":\"Musiikkitoteemi\"},\"image\":{\"@id\":\"https:\\\/\\\/musiikkitoteemi.fi\\\/#\\\/schema\\\/logo\\\/image\\\/\"},\"sameAs\":[\"https:\\\/\\\/www.facebook.com\\\/musiikkitoteemi\\\/\",\"https:\\\/\\\/www.instagram.com\\\/musiikkitoteemi\\\/\",\"https:\\\/\\\/www.youtube.com\\\/@totemguitar\"]}]}<\/script>\n<!-- \/ Yoast SEO plugin. -->","yoast_head_json":{"title":"Privacy Policy - Music School Musiikkiikkitoteemi","robots":{"index":"index","follow":"follow","max-snippet":"max-snippet:-1","max-image-preview":"max-image-preview:large","max-video-preview":"max-video-preview:-1"},"canonical":"https:\/\/musiikkitoteemi.fi\/en\/tietosuojaseloste-2\/","og_locale":"en_US","og_type":"article","og_title":"Tietosuojaseloste - Musiikkikoulu Musiikkitoteemi","og_description":"Tietosuojaseloste P\u00e4ivitetty 1.8.2024 Rekisteriseloste- ja \u2028informointiasiakirja T\u00e4m\u00e4 on Musiikkitoteemi Oy:n yhdistetty rekisteriseloste- ja\u2028informointiasiakirja Musiikkitoteemi Oy:n asiakkaille, potentiaalisille asiakkaille sek\u00e4 verkkosivuston k\u00e4ytt\u00e4jille. Laadittu: 1.1.2022 \/ P\u00e4ivitetty: 1.8.2024\u00a0Ev\u00e4steiden k\u00e4ytt\u00f6:\u2028 K\u00e4yt\u00e4mme ev\u00e4steit\u00e4 (cookies) verkkosivustollamme musiikkitoteemi.fi Ev\u00e4ste on pieni tekstitiedosto, jonka verkkosivu tallentaa tietokoneelle, tabletille tai matkapuhelimelle k\u00e4ydess\u00e4si sivulla. K\u00e4yt\u00e4mme ev\u00e4steit\u00e4 sivuston k\u00e4yt\u00f6n analysointiin, mainonnan kohdentamiseen ja mainonnan toimivuuden [&hellip;]","og_url":"https:\/\/musiikkitoteemi.fi\/en\/tietosuojaseloste-2\/","og_site_name":"Musiikkikoulu Musiikkitoteemi","article_publisher":"https:\/\/www.facebook.com\/musiikkitoteemi\/","article_modified_time":"2025-06-29T15:03:29+00:00","og_image":[{"width":2000,"height":550,"url":"https:\/\/musiikkitoteemi.fi\/wp-content\/uploads\/2024\/08\/banneri-musiikkitoteemi.jpg","type":"image\/jpeg"}],"twitter_card":"summary_large_image","twitter_misc":{"Est. reading time":"2 minutes"},"schema":{"@context":"https:\/\/schema.org","@graph":[{"@type":"WebPage","@id":"https:\/\/musiikkitoteemi.fi\/tietosuojaseloste-2\/","url":"https:\/\/musiikkitoteemi.fi\/tietosuojaseloste-2\/","name":"Privacy Policy - Music School Musiikkiikkitoteemi","isPartOf":{"@id":"https:\/\/musiikkitoteemi.fi\/#website"},"datePublished":"2024-08-01T13:39:50+00:00","dateModified":"2025-06-29T15:03:29+00:00","breadcrumb":{"@id":"https:\/\/musiikkitoteemi.fi\/tietosuojaseloste-2\/#breadcrumb"},"inLanguage":"en-US","potentialAction":[{"@type":"ReadAction","target":["https:\/\/musiikkitoteemi.fi\/tietosuojaseloste-2\/"]}]},{"@type":"BreadcrumbList","@id":"https:\/\/musiikkitoteemi.fi\/tietosuojaseloste-2\/#breadcrumb","itemListElement":[{"@type":"ListItem","position":1,"name":"Etusivu","item":"https:\/\/musiikkitoteemi.fi\/"},{"@type":"ListItem","position":2,"name":"Tietosuojaseloste"}]},{"@type":"WebSite","@id":"https:\/\/musiikkitoteemi.fi\/#website","url":"https:\/\/musiikkitoteemi.fi\/","name":"Music Totem - Music School in Tampere","description":"Your music school in Tampere since 2004.","publisher":{"@id":"https:\/\/musiikkitoteemi.fi\/#organization"},"potentialAction":[{"@type":"SearchAction","target":{"@type":"EntryPoint","urlTemplate":"https:\/\/musiikkitoteemi.fi\/?s={search_term_string}"},"query-input":{"@type":"PropertyValueSpecification","valueRequired":true,"valueName":"search_term_string"}}],"inLanguage":"en-US"},{"@type":"Organization","@id":"https:\/\/musiikkitoteemi.fi\/#organization","name":"Music Totem","url":"https:\/\/musiikkitoteemi.fi\/","logo":{"@type":"ImageObject","inLanguage":"en-US","@id":"https:\/\/musiikkitoteemi.fi\/#\/schema\/logo\/image\/","url":"https:\/\/musiikkitoteemi.fi\/wp-content\/uploads\/2024\/07\/musiikkitoteemi.png","contentUrl":"https:\/\/musiikkitoteemi.fi\/wp-content\/uploads\/2024\/07\/musiikkitoteemi.png","width":451,"height":221,"caption":"Musiikkitoteemi"},"image":{"@id":"https:\/\/musiikkitoteemi.fi\/#\/schema\/logo\/image\/"},"sameAs":["https:\/\/www.facebook.com\/musiikkitoteemi\/","https:\/\/www.instagram.com\/musiikkitoteemi\/","https:\/\/www.youtube.com\/@totemguitar"]}]}},"_links":{"self":[{"href":"https:\/\/musiikkitoteemi.fi\/en\/wp-json\/wp\/v2\/pages\/2482","targetHints":{"allow":["GET"]}}],"collection":[{"href":"https:\/\/musiikkitoteemi.fi\/en\/wp-json\/wp\/v2\/pages"}],"about":[{"href":"https:\/\/musiikkitoteemi.fi\/en\/wp-json\/wp\/v2\/types\/page"}],"author":[{"embeddable":true,"href":"https:\/\/musiikkitoteemi.fi\/en\/wp-json\/wp\/v2\/users\/2"}],"replies":[{"embeddable":true,"href":"https:\/\/musiikkitoteemi.fi\/en\/wp-json\/wp\/v2\/comments?post=2482"}],"version-history":[{"count":5,"href":"https:\/\/musiikkitoteemi.fi\/en\/wp-json\/wp\/v2\/pages\/2482\/revisions"}],"predecessor-version":[{"id":4413,"href":"https:\/\/musiikkitoteemi.fi\/en\/wp-json\/wp\/v2\/pages\/2482\/revisions\/4413"}],"wp:attachment":[{"href":"https:\/\/musiikkitoteemi.fi\/en\/wp-json\/wp\/v2\/media?parent=2482"}],"curies":[{"name":"wp","href":"https:\/\/api.w.org\/{rel}","templated":true}]}}