{"id":302,"date":"2024-07-29T14:31:21","date_gmt":"2024-07-29T14:31:21","guid":{"rendered":"https:\/\/musiikkitoteemi.fi\/?page_id=302"},"modified":"2025-12-21T17:06:26","modified_gmt":"2025-12-21T15:06:26","slug":"yhteys","status":"publish","type":"page","link":"https:\/\/musiikkitoteemi.fi\/en\/yhteys\/","title":{"rendered":"Contact"},"content":{"rendered":"\t\t<div data-elementor-type=\"wp-page\" data-elementor-id=\"302\" class=\"elementor elementor-302\" data-elementor-post-type=\"page\">\n\t\t\t\t\t\t<section class=\"elementor-section elementor-top-section elementor-element elementor-element-7bce3fd elementor-section-height-min-height elementor-section-items-bottom elementor-section-boxed elementor-section-height-default\" data-id=\"7bce3fd\" data-element_type=\"section\" data-e-type=\"section\" data-settings=\"{&quot;background_background&quot;:&quot;classic&quot;}\">\n\t\t\t\t\t\t<div class=\"elementor-container elementor-column-gap-default\">\n\t\t\t\t\t<div class=\"elementor-column elementor-col-100 elementor-top-column elementor-element elementor-element-7063a62\" data-id=\"7063a62\" data-element_type=\"column\" data-e-type=\"column\" data-settings=\"{&quot;background_background&quot;:&quot;classic&quot;}\">\n\t\t\t<div class=\"elementor-widget-wrap elementor-element-populated\">\n\t\t\t\t\t\t<div class=\"elementor-element elementor-element-3403d5f elementor-widget__width-initial elementor-widget elementor-widget-heading\" data-id=\"3403d5f\" data-element_type=\"widget\" data-e-type=\"widget\" data-widget_type=\"heading.default\">\n\t\t\t\t<div class=\"elementor-widget-container\">\n\t\t\t\t\t<div class=\"elementor-heading-title elementor-size-default\">Yhteys<\/div>\t\t\t\t<\/div>\n\t\t\t\t<\/div>\n\t\t\t\t<div class=\"elementor-element elementor-element-7c39804 elementor-widget__width-initial elementor-widget elementor-widget-text-editor\" data-id=\"7c39804\" data-element_type=\"widget\" data-e-type=\"widget\" data-widget_type=\"text-editor.default\">\n\t\t\t\t<div class=\"elementor-widget-container\">\n\t\t\t\t\t\t\t\t\t<p><strong>Yhteystiedot, toimipisteet sek\u00e4 laskutus- ja yritystiedot<\/strong><\/p>\t\t\t\t\t\t\t\t<\/div>\n\t\t\t\t<\/div>\n\t\t\t\t\t<\/div>\n\t\t<\/div>\n\t\t\t\t\t<\/div>\n\t\t<\/section>\n\t\t\t\t<section class=\"elementor-section elementor-top-section elementor-element elementor-element-136e73c elementor-section-boxed elementor-section-height-default elementor-section-height-default\" data-id=\"136e73c\" data-element_type=\"section\" data-e-type=\"section\">\n\t\t\t\t\t\t<div class=\"elementor-container elementor-column-gap-default\">\n\t\t\t\t\t<div class=\"elementor-column elementor-col-100 elementor-top-column elementor-element elementor-element-5edfb50\" data-id=\"5edfb50\" data-element_type=\"column\" data-e-type=\"column\">\n\t\t\t<div class=\"elementor-widget-wrap elementor-element-populated\">\n\t\t\t\t\t\t<div class=\"elementor-element elementor-element-8bfaf1b elementor-widget elementor-widget-spacer\" data-id=\"8bfaf1b\" data-element_type=\"widget\" data-e-type=\"widget\" data-widget_type=\"spacer.default\">\n\t\t\t\t<div class=\"elementor-widget-container\">\n\t\t\t\t\t\t\t<div class=\"elementor-spacer\">\n\t\t\t<div class=\"elementor-spacer-inner\"><\/div>\n\t\t<\/div>\n\t\t\t\t\t\t<\/div>\n\t\t\t\t<\/div>\n\t\t\t\t\t<\/div>\n\t\t<\/div>\n\t\t\t\t\t<\/div>\n\t\t<\/section>\n\t\t\t\t<section class=\"elementor-section elementor-top-section elementor-element elementor-element-78197af elementor-section-boxed elementor-section-height-default elementor-section-height-default\" data-id=\"78197af\" data-element_type=\"section\" data-e-type=\"section\">\n\t\t\t\t\t\t<div class=\"elementor-container elementor-column-gap-default\">\n\t\t\t\t\t<div class=\"elementor-column elementor-col-33 elementor-top-column elementor-element elementor-element-b0b5500\" data-id=\"b0b5500\" data-element_type=\"column\" data-e-type=\"column\">\n\t\t\t<div class=\"elementor-widget-wrap elementor-element-populated\">\n\t\t\t\t\t\t<div class=\"elementor-element elementor-element-7a4f0a4 elementor-widget elementor-widget-text-editor\" data-id=\"7a4f0a4\" data-element_type=\"widget\" data-e-type=\"widget\" data-widget_type=\"text-editor.default\">\n\t\t\t\t<div class=\"elementor-widget-container\">\n\t\t\t\t\t\t\t\t\t<h3>Musiikkikoulun yhteystiedot<\/h3><p><span style=\"font-family: var( --e-global-typography-text-font-family ), Sans-serif;\"><span style=\"color: var( --e-global-color-text );\"><b>Opinto- ja laskutustiedustelut<\/b><br \/><\/span><\/span><a style=\"color: var( --e-global-color-text ); font-family: var( --e-global-typography-text-font-family ), Sans-serif; font-size: var( --e-global-typography-text-font-size ); font-weight: var( --e-global-typography-text-font-weight );\" href=\"mailto: toimisto[at]musiikkitoteemi.fi\" target=\"_blank\" rel=\"noopener\">toimisto@musiikkitoteemi.fi<\/a><br \/>045 122 4201<\/p>\t\t\t\t\t\t\t\t<\/div>\n\t\t\t\t<\/div>\n\t\t\t\t<div class=\"elementor-element elementor-element-7668dd1 elementor-widget elementor-widget-text-editor\" data-id=\"7668dd1\" data-element_type=\"widget\" data-e-type=\"widget\" data-widget_type=\"text-editor.default\">\n\t\t\t\t<div class=\"elementor-widget-container\">\n\t\t\t\t\t\t\t\t\t<p><span style=\"color: var( --e-global-color-text ); font-family: var( --e-global-typography-text-font-family ), Sans-serif; font-size: var( --e-global-typography-text-font-size );\"><b>Tomi Tolvanen, rehtori<br \/><\/b><\/span><b style=\"font-family: var( --e-global-typography-text-font-family ), Sans-serif; font-size: var( --e-global-typography-text-font-size );\">Kokous- ja juhlatilatiedustelut<br \/><\/b><span style=\"font-family: var( --e-global-typography-text-font-family ), Sans-serif; font-size: var( --e-global-typography-text-font-size );\">info@musiikkitoteemi.fi<br \/><\/span><span style=\"font-size: 1em;\">044 5633 949<\/span><\/p>\t\t\t\t\t\t\t\t<\/div>\n\t\t\t\t<\/div>\n\t\t\t\t\t<\/div>\n\t\t<\/div>\n\t\t\t\t<div class=\"elementor-column elementor-col-66 elementor-top-column elementor-element elementor-element-032a5a0\" data-id=\"032a5a0\" data-element_type=\"column\" data-e-type=\"column\">\n\t\t\t<div class=\"elementor-widget-wrap elementor-element-populated\">\n\t\t\t\t\t\t<div class=\"elementor-element elementor-element-a47d244 elementor-widget elementor-widget-text-editor\" data-id=\"a47d244\" data-element_type=\"widget\" data-e-type=\"widget\" data-widget_type=\"text-editor.default\">\n\t\t\t\t<div class=\"elementor-widget-container\">\n\t\t\t\t\t\t\t\t\t<h3>Postiosoite<\/h3><p><span style=\"font-size: 1em;\">Musiikkitoteemi Oy<br \/>Tahmelankatu 10 A 1<br \/><\/span><span style=\"font-size: 1em;\">33240 Tampere<\/span><\/p><p>Y-tunnus: 3377389-4<br \/>ALV: FI33773894 (taiteen perusopetus ALV 0 %)<\/p><h3>Toimisto<\/h3><p>1\/2026 alkaen Musiikkitoteemin toimisto sijaitsee Riento Guitars &amp; Shopin yhteydess\u00e4 Rientola-keskuksessa osoitteessa Federleynkatu 19.<\/p><h3>Laskutus<\/h3><p>Arvoisa yhteisty\u00f6kumppanimme, emme ota vastaan paperisia tai s\u00e4hk\u00f6postilaskuja. Voit l\u00e4hett\u00e4\u00e4 laskun seuraavin tavoin:<\/p><ol><li>VERKKOLASKU<div><div>Operaattori:\u00a0<span style=\"font-size: 1em;\">Apix Messaging Oy\u00a0<\/span><span style=\"font-size: 1em;\">\u00a0<\/span><span style=\"font-size: 1em;\">(003723327487)<\/span><\/div><div><span style=\"font-size: 1em;\">Verkkolaskuosoite ja OVT-tunnus:<\/span><span style=\"font-size: 1em;\">\u00a0003733773894<\/span><\/div><\/div><p>Huomioittehan, ett\u00e4 mik\u00e4li k\u00e4yt\u00f6ss\u00e4nne on jokin seuraavista operaattoreista verkkolaskun l\u00e4hett\u00e4miseen: Danske Bank Oyj, Handelsbanken, Paikallisosuuspankit tai\u00a0<span style=\"font-size: 1em;\">S\u00e4\u00e4stop\u0308ankit, tulee teidan\u0308 k\u00e4ytt\u00e4\u00e4 Apixin verkkolaskuosoitteenamme seuraavaa osoitetta: verkkolaskuosoite: 003723327487 ja operaattoritunnus: DABAFIHH.<\/span><\/p><\/li><li>OSTOLASKUJEN SKANNAUSPALVELU (k\u00e4yt\u00e4 ainoastaan, jos verkkolaskutus ei onnistu)<\/li><\/ol><ul><li><span style=\"font-size: 1em;\">S\u00e4hk\u00f6postiskannauksen osoite:\u00a0<\/span><span style=\"font-size: 1em;\"><span style=\"font-size: 1em;\">003733773894@procountor.apix.fi<\/span><\/span><p>L\u00e4hetett\u00e4v\u00e4 lasku tulee olla s\u00e4hk\u00f6postin liitteen\u00e4 PDF-tiedostona. Yhdell\u00e4 s\u00e4hkopostilla ja sen liitteiss\u00e4 saa olla vain yksi lasku. Jos s\u00e4hk\u00f6posti sis\u00e4lt\u00e4\u00e4 laskun lis\u00e4ksi muita liitetiedostoja, lis\u00e4t\u00e4\u00e4n ne laskun liitteiksi. Liitetiedostojen maksimikoko on 2 mb. L\u00e4hetyksen j\u00e4lkeen palvelusta tulee joko hyv\u00e4ksynt\u00e4- tai hylk\u00e4ysilmoitus s\u00e4hk\u00f6postilla l\u00e4hetysosoitteeseen 15 minuutin kuluessa l\u00e4hetyksest\u00e4.<\/p><\/li><\/ul><ul><li>PAPERILASKUJEN SKANNAUKSEN OSOITE<p><span style=\"font-family: Helvetica;\">Musiikkitoteemi Oy (Apix skannauspalvelu)<br \/><\/span><span style=\"font-family: Helvetica; font-size: 1em;\">PL 16112<br \/><\/span><span style=\"font-family: Helvetica; font-size: 1em;\">00021 LASKUTUS<\/span><\/p><p>Jotta skannauspalvelu voi kohdistaa laskunne, tulee t\u00e4m\u00e4 laskutusosoite tulostaa my\u00f6s itse laskuun, eik\u00e4 pelk\u00e4st\u00e4\u00e4n kirjekuoreen. T\u00e4h\u00e4nn laskutusosoitteeseen ei tule l\u00e4hett\u00e4\u00e4 muuta materiaalia kuin laskuja, eli esimerkiksi tiedotusten ja markkinointimateriaalin postiosoite pysyy ennallaan.<\/p><\/li><\/ul><h3>Musiikkikoulu Musiikkitoteemin toimipisteet<\/h3><p><strong>Toteemila (Tahmela)<br \/><\/strong>Selininkatu 5 (ovet 2 ja 4)<br \/>33240 Tampere<br \/><a href=\"https:\/\/maps.app.goo.gl\/SjDYBTHAXbSVnGhx5\" target=\"_blank\" rel=\"noopener\">karttalinkki<\/a><\/p><p><strong>Vuoreksen koulu<br \/><\/strong><span style=\"font-size: 1em;\">Rautiolanrinne 2<br \/>33870 Tampere<br \/><\/span><a href=\"https:\/\/maps.app.goo.gl\/azZP5pjUqaPE5B4b8\" target=\"_blank\" rel=\"noopener\">karttalinkki<\/a><\/p><h3>Seuraa meit\u00e4<\/h3><p><a href=\"https:\/\/www.facebook.com\/musiikkitoteemi\/\" target=\"_blank\" rel=\"noopener\">Facebook<\/a><br \/><a href=\"https:\/\/www.instagram.com\/musiikkitoteemi\/\" target=\"_blank\" rel=\"noopener\">Instagram<\/a><br \/><a href=\"https:\/\/www.youtube.com\/@totemguitar\" target=\"_blank\" rel=\"noopener\">YouTube<\/a><\/p><h3>Yritys<\/h3><p>Musiikkitoteemi on vuonna 2004 perustettu kulttuurialan yritys. Sen keskeisimpi\u00e4 toimintoja ovat:<\/p><ul><li><a href=\"https:\/\/musiikkitoteemi.fi\/\">Musiikkikoulu Musiikkitoteemi<\/a><\/li><li><a href=\"https:\/\/musiikkitoteemi.fi\/juhlatila\/\">Tahmelan kokous- ja juhlatila<\/a><\/li><li><a href=\"https:\/\/rientoshop.com\">Riento Shop<\/a> \u2013 Akustisen kitaran erikoisliike Tampereella ja verkossa<\/li><li><a href=\"https:\/\/rientoguitars.fi\">Riento Guitars<\/a> \u2013 Suomen suurin akustisten kitaroiden valmistaja<\/li><\/ul><p>J\u00e4senyydet:<\/p><ul><li><a href=\"https:\/\/www.moyry.fi\/\" target=\"_blank\" rel=\"noopener\">Musiikkioppilaitosyhdys MOY ry<\/a><\/li><li><a href=\"https:\/\/www.yrittajat.fi\/paikallisyhdistykset\/pispalan-yrittajat\/\" target=\"_blank\" rel=\"noopener\">Pispala-Pyynikin Yritt\u00e4j\u00e4t ry<\/a><\/li><\/ul><p>Virstanpylv\u00e4it\u00e4:<\/p><ul><li>29.9.2025 Kulttuurikummit ry palkitsee Tomi Tolvasen Vuoden kulttuurikummisuhdepalkinnolla Tampere-talossa pidetyn Bisnes ja kulttuuri -seminaarin yhteydess\u00e4.<\/li><li>1.8.2024: Musiikkikoulu Sointulan toiminta sulautuu osaksi Musiikkikoulu Musiikkitoteemin toimintaa, ja Musiikkitoteemista tulee Pirkanmaan suurin yksityinen musiikkikoulu.<\/li><li>1.9.2023: Yritysmuoto muuttuu toiminimest\u00e4 osakeyhti\u00f6ksi ja yrityksen virallinen nimi on Musiikkitoteemi Oy.<\/li><li>2022: Oltuaan Kantare-kitaroiden suurin j\u00e4lleenmyyj\u00e4 Suomessa, liiketoiminta siirtyy Musiikkitoteemille ja kitaroiden valmistus alkaa tuotemerkill\u00e4 Riento Guitars. Riento\u00ae ja Lens Resonance System\u00ae rekister\u00f6id\u00e4\u00e4n EU-tuotemerkeiksi.<\/li><li>2015: Musiikkitoteemi ja Tomi Tolvanen valitaan Pispala-Pyynikin Yritt\u00e4jien Vuoden Yritt\u00e4j\u00e4ksi.<\/li><li>26.10.2004: Musiikkitoteemi perustetaan.<\/li><\/ul>\t\t\t\t\t\t\t\t<\/div>\n\t\t\t\t<\/div>\n\t\t\t\t\t<\/div>\n\t\t<\/div>\n\t\t\t\t\t<\/div>\n\t\t<\/section>\n\t\t\t\t<section class=\"elementor-section elementor-top-section elementor-element elementor-element-49a9ec2 elementor-section-boxed elementor-section-height-default elementor-section-height-default\" data-id=\"49a9ec2\" data-element_type=\"section\" data-e-type=\"section\">\n\t\t\t\t\t\t<div class=\"elementor-container elementor-column-gap-default\">\n\t\t\t\t\t<div class=\"elementor-column elementor-col-100 elementor-top-column elementor-element elementor-element-586ab22\" data-id=\"586ab22\" data-element_type=\"column\" data-e-type=\"column\">\n\t\t\t<div class=\"elementor-widget-wrap elementor-element-populated\">\n\t\t\t\t\t\t<div class=\"elementor-element elementor-element-0433676 elementor-widget elementor-widget-spacer\" data-id=\"0433676\" data-element_type=\"widget\" data-e-type=\"widget\" data-widget_type=\"spacer.default\">\n\t\t\t\t<div class=\"elementor-widget-container\">\n\t\t\t\t\t\t\t<div class=\"elementor-spacer\">\n\t\t\t<div class=\"elementor-spacer-inner\"><\/div>\n\t\t<\/div>\n\t\t\t\t\t\t<\/div>\n\t\t\t\t<\/div>\n\t\t\t\t\t<\/div>\n\t\t<\/div>\n\t\t\t\t\t<\/div>\n\t\t<\/section>\n\t\t\t\t<section class=\"elementor-section elementor-top-section elementor-element elementor-element-52f9334 elementor-section-boxed elementor-section-height-default elementor-section-height-default\" data-id=\"52f9334\" data-element_type=\"section\" data-e-type=\"section\">\n\t\t\t\t\t\t<div class=\"elementor-container elementor-column-gap-default\">\n\t\t\t\t\t<div class=\"elementor-column elementor-col-100 elementor-top-column elementor-element elementor-element-1387b23\" data-id=\"1387b23\" data-element_type=\"column\" data-e-type=\"column\">\n\t\t\t<div class=\"elementor-widget-wrap\">\n\t\t\t\t\t\t\t<\/div>\n\t\t<\/div>\n\t\t\t\t\t<\/div>\n\t\t<\/section>\n\t\t\t\t<section class=\"elementor-section elementor-top-section elementor-element elementor-element-cd42086 elementor-section-boxed elementor-section-height-default elementor-section-height-default\" data-id=\"cd42086\" data-element_type=\"section\" data-e-type=\"section\">\n\t\t\t\t\t\t<div class=\"elementor-container elementor-column-gap-default\">\n\t\t\t\t\t<div class=\"elementor-column elementor-col-100 elementor-top-column elementor-element elementor-element-3c50d9b\" data-id=\"3c50d9b\" data-element_type=\"column\" data-e-type=\"column\">\n\t\t\t<div class=\"elementor-widget-wrap elementor-element-populated\">\n\t\t\t\t\t\t<div class=\"elementor-element elementor-element-d4325b9 elementor-widget elementor-widget-spacer\" data-id=\"d4325b9\" data-element_type=\"widget\" data-e-type=\"widget\" data-widget_type=\"spacer.default\">\n\t\t\t\t<div class=\"elementor-widget-container\">\n\t\t\t\t\t\t\t<div class=\"elementor-spacer\">\n\t\t\t<div class=\"elementor-spacer-inner\"><\/div>\n\t\t<\/div>\n\t\t\t\t\t\t<\/div>\n\t\t\t\t<\/div>\n\t\t\t\t\t<\/div>\n\t\t<\/div>\n\t\t\t\t\t<\/div>\n\t\t<\/section>\n\t\t\t\t<\/div>\n\t\t","protected":false},"excerpt":{"rendered":"<p>Yhteys Yhteystiedot, toimipisteet sek\u00e4 laskutus- ja yritystiedot Musiikkikoulun yhteystiedot Opinto- ja laskutustiedusteluttoimisto@musiikkitoteemi.fi045 122 4201 Tomi Tolvanen, rehtoriKokous- ja juhlatilatiedustelutinfo@musiikkitoteemi.fi044 5633 949 Postiosoite Musiikkitoteemi OyTahmelankatu 10 A 133240 Tampere Y-tunnus: 3377389-4ALV: FI33773894 (taiteen perusopetus ALV 0 %) Toimisto 1\/2026 alkaen Musiikkitoteemin toimisto sijaitsee Riento Guitars &amp; Shopin yhteydess\u00e4 Rientola-keskuksessa osoitteessa Federleynkatu 19. Laskutus Arvoisa yhteisty\u00f6kumppanimme, emme [&hellip;]<\/p>\n","protected":false},"author":1,"featured_media":0,"parent":0,"menu_order":0,"comment_status":"closed","ping_status":"closed","template":"","meta":{"_acf_changed":false,"footnotes":""},"class_list":["post-302","page","type-page","status-publish","hentry"],"acf":[],"yoast_head":"<!-- This site is optimized with the Yoast SEO plugin v27.4 - https:\/\/yoast.com\/product\/yoast-seo-wordpress\/ -->\n<title>Yhteys - Musiikkikoulu Musiikkitoteemi<\/title>\n<meta name=\"description\" content=\"Musiikkikoulu Musiikkitoteemin yhteystiedot, toimipisteet sek\u00e4 laskutus- ja yritystiedot. Tahmela, Epil\u00e4, Aleksanterin koulu, Vuoreksen koulu\" \/>\n<meta name=\"robots\" content=\"index, follow, max-snippet:-1, max-image-preview:large, max-video-preview:-1\" \/>\n<link rel=\"canonical\" href=\"https:\/\/musiikkitoteemi.fi\/en\/yhteys\/\" \/>\n<meta property=\"og:locale\" content=\"en_US\" \/>\n<meta property=\"og:type\" content=\"article\" \/>\n<meta property=\"og:title\" content=\"Musiikkikoulu Musiikkitoteemi - Sinun musiikkikoulusi Tampereella\" \/>\n<meta property=\"og:description\" content=\"Musiikkikoulu musiikkitoteemi Tampereella - Kaikenik\u00e4isille, Osaavat opettajat, Ei p\u00e4\u00e4sykokeita, mukaan l\u00e4pi vuoden. Ota yhteytt\u00e4!\" \/>\n<meta property=\"og:url\" content=\"https:\/\/musiikkitoteemi.fi\/en\/yhteys\/\" \/>\n<meta property=\"og:site_name\" content=\"Musiikkikoulu Musiikkitoteemi\" \/>\n<meta property=\"article:publisher\" content=\"https:\/\/www.facebook.com\/musiikkitoteemi\/\" \/>\n<meta property=\"article:modified_time\" content=\"2025-12-21T15:06:26+00:00\" \/>\n<meta property=\"og:image\" content=\"https:\/\/musiikkitoteemi.fi\/wp-content\/uploads\/2024\/07\/Sointula-edesta-kuva-TomiTolvanen-sm.jpeg\" \/>\n\t<meta property=\"og:image:width\" content=\"1440\" \/>\n\t<meta property=\"og:image:height\" content=\"1080\" \/>\n\t<meta property=\"og:image:type\" content=\"image\/jpeg\" \/>\n<meta name=\"twitter:card\" content=\"summary_large_image\" \/>\n<meta name=\"twitter:label1\" content=\"Est. reading time\" \/>\n\t<meta name=\"twitter:data1\" content=\"3 minutes\" \/>\n<script type=\"application\/ld+json\" class=\"yoast-schema-graph\">{\"@context\":\"https:\\\/\\\/schema.org\",\"@graph\":[{\"@type\":\"WebPage\",\"@id\":\"https:\\\/\\\/musiikkitoteemi.fi\\\/yhteys\\\/\",\"url\":\"https:\\\/\\\/musiikkitoteemi.fi\\\/yhteys\\\/\",\"name\":\"Yhteys - Musiikkikoulu Musiikkitoteemi\",\"isPartOf\":{\"@id\":\"https:\\\/\\\/musiikkitoteemi.fi\\\/#website\"},\"datePublished\":\"2024-07-29T14:31:21+00:00\",\"dateModified\":\"2025-12-21T15:06:26+00:00\",\"description\":\"Musiikkikoulu Musiikkitoteemin yhteystiedot, toimipisteet sek\u00e4 laskutus- ja yritystiedot. Tahmela, Epil\u00e4, Aleksanterin koulu, Vuoreksen koulu\",\"breadcrumb\":{\"@id\":\"https:\\\/\\\/musiikkitoteemi.fi\\\/yhteys\\\/#breadcrumb\"},\"inLanguage\":\"en-US\",\"potentialAction\":[{\"@type\":\"ReadAction\",\"target\":[\"https:\\\/\\\/musiikkitoteemi.fi\\\/yhteys\\\/\"]}]},{\"@type\":\"BreadcrumbList\",\"@id\":\"https:\\\/\\\/musiikkitoteemi.fi\\\/yhteys\\\/#breadcrumb\",\"itemListElement\":[{\"@type\":\"ListItem\",\"position\":1,\"name\":\"Etusivu\",\"item\":\"https:\\\/\\\/musiikkitoteemi.fi\\\/\"},{\"@type\":\"ListItem\",\"position\":2,\"name\":\"Yhteys\"}]},{\"@type\":\"WebSite\",\"@id\":\"https:\\\/\\\/musiikkitoteemi.fi\\\/#website\",\"url\":\"https:\\\/\\\/musiikkitoteemi.fi\\\/\",\"name\":\"Musiikkitoteemi - Musiikkikoulu Tampereella\",\"description\":\"Sinun musiikkikoulusi Tampereella vuodesta 2004.\",\"publisher\":{\"@id\":\"https:\\\/\\\/musiikkitoteemi.fi\\\/#organization\"},\"potentialAction\":[{\"@type\":\"SearchAction\",\"target\":{\"@type\":\"EntryPoint\",\"urlTemplate\":\"https:\\\/\\\/musiikkitoteemi.fi\\\/?s={search_term_string}\"},\"query-input\":{\"@type\":\"PropertyValueSpecification\",\"valueRequired\":true,\"valueName\":\"search_term_string\"}}],\"inLanguage\":\"en-US\"},{\"@type\":\"Organization\",\"@id\":\"https:\\\/\\\/musiikkitoteemi.fi\\\/#organization\",\"name\":\"Musiikkitoteemi\",\"url\":\"https:\\\/\\\/musiikkitoteemi.fi\\\/\",\"logo\":{\"@type\":\"ImageObject\",\"inLanguage\":\"en-US\",\"@id\":\"https:\\\/\\\/musiikkitoteemi.fi\\\/#\\\/schema\\\/logo\\\/image\\\/\",\"url\":\"https:\\\/\\\/musiikkitoteemi.fi\\\/wp-content\\\/uploads\\\/2024\\\/07\\\/musiikkitoteemi.png\",\"contentUrl\":\"https:\\\/\\\/musiikkitoteemi.fi\\\/wp-content\\\/uploads\\\/2024\\\/07\\\/musiikkitoteemi.png\",\"width\":451,\"height\":221,\"caption\":\"Musiikkitoteemi\"},\"image\":{\"@id\":\"https:\\\/\\\/musiikkitoteemi.fi\\\/#\\\/schema\\\/logo\\\/image\\\/\"},\"sameAs\":[\"https:\\\/\\\/www.facebook.com\\\/musiikkitoteemi\\\/\",\"https:\\\/\\\/www.instagram.com\\\/musiikkitoteemi\\\/\",\"https:\\\/\\\/www.youtube.com\\\/@totemguitar\"]}]}<\/script>\n<!-- \/ Yoast SEO plugin. -->","yoast_head_json":{"title":"Contact - Music School Music Totem","description":"Music school Musiikkitoteeme contact information, locations, billing and company information. Tahmela, Epil\u00e4, Aleksanteri school, Vuores school","robots":{"index":"index","follow":"follow","max-snippet":"max-snippet:-1","max-image-preview":"max-image-preview:large","max-video-preview":"max-video-preview:-1"},"canonical":"https:\/\/musiikkitoteemi.fi\/en\/yhteys\/","og_locale":"en_US","og_type":"article","og_title":"Musiikkikoulu Musiikkitoteemi - Sinun musiikkikoulusi Tampereella","og_description":"Musiikkikoulu musiikkitoteemi Tampereella - Kaikenik\u00e4isille, Osaavat opettajat, Ei p\u00e4\u00e4sykokeita, mukaan l\u00e4pi vuoden. Ota yhteytt\u00e4!","og_url":"https:\/\/musiikkitoteemi.fi\/en\/yhteys\/","og_site_name":"Musiikkikoulu Musiikkitoteemi","article_publisher":"https:\/\/www.facebook.com\/musiikkitoteemi\/","article_modified_time":"2025-12-21T15:06:26+00:00","og_image":[{"width":1440,"height":1080,"url":"https:\/\/musiikkitoteemi.fi\/wp-content\/uploads\/2024\/07\/Sointula-edesta-kuva-TomiTolvanen-sm.jpeg","type":"image\/jpeg"}],"twitter_card":"summary_large_image","twitter_misc":{"Est. reading time":"3 minutes"},"schema":{"@context":"https:\/\/schema.org","@graph":[{"@type":"WebPage","@id":"https:\/\/musiikkitoteemi.fi\/yhteys\/","url":"https:\/\/musiikkitoteemi.fi\/yhteys\/","name":"Contact - Music School Music Totem","isPartOf":{"@id":"https:\/\/musiikkitoteemi.fi\/#website"},"datePublished":"2024-07-29T14:31:21+00:00","dateModified":"2025-12-21T15:06:26+00:00","description":"Music school Musiikkitoteeme contact information, locations, billing and company information. Tahmela, Epil\u00e4, Aleksanteri school, Vuores school","breadcrumb":{"@id":"https:\/\/musiikkitoteemi.fi\/yhteys\/#breadcrumb"},"inLanguage":"en-US","potentialAction":[{"@type":"ReadAction","target":["https:\/\/musiikkitoteemi.fi\/yhteys\/"]}]},{"@type":"BreadcrumbList","@id":"https:\/\/musiikkitoteemi.fi\/yhteys\/#breadcrumb","itemListElement":[{"@type":"ListItem","position":1,"name":"Etusivu","item":"https:\/\/musiikkitoteemi.fi\/"},{"@type":"ListItem","position":2,"name":"Yhteys"}]},{"@type":"WebSite","@id":"https:\/\/musiikkitoteemi.fi\/#website","url":"https:\/\/musiikkitoteemi.fi\/","name":"Music Totem - Music School in Tampere","description":"Your music school in Tampere since 2004.","publisher":{"@id":"https:\/\/musiikkitoteemi.fi\/#organization"},"potentialAction":[{"@type":"SearchAction","target":{"@type":"EntryPoint","urlTemplate":"https:\/\/musiikkitoteemi.fi\/?s={search_term_string}"},"query-input":{"@type":"PropertyValueSpecification","valueRequired":true,"valueName":"search_term_string"}}],"inLanguage":"en-US"},{"@type":"Organization","@id":"https:\/\/musiikkitoteemi.fi\/#organization","name":"Music Totem","url":"https:\/\/musiikkitoteemi.fi\/","logo":{"@type":"ImageObject","inLanguage":"en-US","@id":"https:\/\/musiikkitoteemi.fi\/#\/schema\/logo\/image\/","url":"https:\/\/musiikkitoteemi.fi\/wp-content\/uploads\/2024\/07\/musiikkitoteemi.png","contentUrl":"https:\/\/musiikkitoteemi.fi\/wp-content\/uploads\/2024\/07\/musiikkitoteemi.png","width":451,"height":221,"caption":"Musiikkitoteemi"},"image":{"@id":"https:\/\/musiikkitoteemi.fi\/#\/schema\/logo\/image\/"},"sameAs":["https:\/\/www.facebook.com\/musiikkitoteemi\/","https:\/\/www.instagram.com\/musiikkitoteemi\/","https:\/\/www.youtube.com\/@totemguitar"]}]}},"_links":{"self":[{"href":"https:\/\/musiikkitoteemi.fi\/en\/wp-json\/wp\/v2\/pages\/302","targetHints":{"allow":["GET"]}}],"collection":[{"href":"https:\/\/musiikkitoteemi.fi\/en\/wp-json\/wp\/v2\/pages"}],"about":[{"href":"https:\/\/musiikkitoteemi.fi\/en\/wp-json\/wp\/v2\/types\/page"}],"author":[{"embeddable":true,"href":"https:\/\/musiikkitoteemi.fi\/en\/wp-json\/wp\/v2\/users\/1"}],"replies":[{"embeddable":true,"href":"https:\/\/musiikkitoteemi.fi\/en\/wp-json\/wp\/v2\/comments?post=302"}],"version-history":[{"count":195,"href":"https:\/\/musiikkitoteemi.fi\/en\/wp-json\/wp\/v2\/pages\/302\/revisions"}],"predecessor-version":[{"id":4905,"href":"https:\/\/musiikkitoteemi.fi\/en\/wp-json\/wp\/v2\/pages\/302\/revisions\/4905"}],"wp:attachment":[{"href":"https:\/\/musiikkitoteemi.fi\/en\/wp-json\/wp\/v2\/media?parent=302"}],"curies":[{"name":"wp","href":"https:\/\/api.w.org\/{rel}","templated":true}]}}