{"id":4192,"date":"2025-05-21T15:14:47","date_gmt":"2025-05-21T12:14:47","guid":{"rendered":"https:\/\/musiikkitoteemi.fi\/?page_id=4192"},"modified":"2025-05-21T15:49:16","modified_gmt":"2025-05-21T12:49:16","slug":"pekka-siiskonen","status":"publish","type":"page","link":"https:\/\/musiikkitoteemi.fi\/en\/opettajat\/pekka-siiskonen\/","title":{"rendered":"Pekka Siiskonen"},"content":{"rendered":"<div data-elementor-type=\"wp-page\" data-elementor-id=\"4192\" class=\"elementor elementor-4192\" data-elementor-post-type=\"page\">\n\t\t\t\t\t\t<section class=\"elementor-section elementor-top-section elementor-element elementor-element-7bce3fd elementor-section-height-min-height elementor-section-items-bottom elementor-section-boxed elementor-section-height-default\" data-id=\"7bce3fd\" data-element_type=\"section\" data-settings=\"{&quot;background_background&quot;:&quot;classic&quot;}\">\n\t\t\t\t\t\t<div class=\"elementor-container elementor-column-gap-default\">\n\t\t\t\t\t<div class=\"elementor-column elementor-col-100 elementor-top-column elementor-element elementor-element-7063a62\" data-id=\"7063a62\" data-element_type=\"column\" data-settings=\"{&quot;background_background&quot;:&quot;classic&quot;}\">\n\t\t\t<div class=\"elementor-widget-wrap elementor-element-populated\">\n\t\t\t\t\t\t<div class=\"elementor-element elementor-element-3403d5f elementor-widget__width-initial elementor-widget elementor-widget-heading\" data-id=\"3403d5f\" data-element_type=\"widget\" data-widget_type=\"heading.default\">\n\t\t\t\t<div class=\"elementor-widget-container\">\n\t\t\t\t\t<span class=\"elementor-heading-title elementor-size-default\">Teachers<\/span>\t\t\t\t<\/div>\n\t\t\t\t<\/div>\n\t\t\t\t<div class=\"elementor-element elementor-element-7c39804 elementor-widget__width-initial elementor-widget elementor-widget-text-editor\" data-id=\"7c39804\" data-element_type=\"widget\" data-widget_type=\"text-editor.default\">\n\t\t\t\t<div class=\"elementor-widget-container\">\n\t\t\t\t\t\t\t\t\t<p><strong>Meet the Teachers of Musiikkitoteemi<\/strong>\u00a0<\/p><p>\u00a0<\/p>\t\t\t\t\t\t\t\t<\/div>\n\t\t\t\t<\/div>\n\t\t\t\t\t<\/div>\n\t\t<\/div>\n\t\t\t\t\t<\/div>\n\t\t<\/section>\n\t\t\t\t<section class=\"elementor-section elementor-top-section elementor-element elementor-element-136e73c elementor-section-boxed elementor-section-height-default elementor-section-height-default\" data-id=\"136e73c\" data-element_type=\"section\">\n\t\t\t\t\t\t<div class=\"elementor-container elementor-column-gap-default\">\n\t\t\t\t\t<div class=\"elementor-column elementor-col-100 elementor-top-column elementor-element elementor-element-5edfb50\" data-id=\"5edfb50\" data-element_type=\"column\">\n\t\t\t<div class=\"elementor-widget-wrap elementor-element-populated\">\n\t\t\t\t\t\t<div class=\"elementor-element elementor-element-8bfaf1b elementor-widget elementor-widget-spacer\" data-id=\"8bfaf1b\" data-element_type=\"widget\" data-widget_type=\"spacer.default\">\n\t\t\t\t<div class=\"elementor-widget-container\">\n\t\t\t\t\t\t\t<div class=\"elementor-spacer\">\n\t\t\t<div class=\"elementor-spacer-inner\"><\/div>\n\t\t<\/div>\n\t\t\t\t\t\t<\/div>\n\t\t\t\t<\/div>\n\t\t\t\t\t<\/div>\n\t\t<\/div>\n\t\t\t\t\t<\/div>\n\t\t<\/section>\n\t\t<div class=\"elementor-element elementor-element-0f99b33 e-flex e-con-boxed e-con e-parent\" data-id=\"0f99b33\" data-element_type=\"container\">\n\t\t\t\t\t<div class=\"e-con-inner\">\n\t\t\t\t<div class=\"elementor-element elementor-element-72f33a8 elementor-widget elementor-widget-spacer\" data-id=\"72f33a8\" data-element_type=\"widget\" data-widget_type=\"spacer.default\">\n\t\t\t\t<div class=\"elementor-widget-container\">\n\t\t\t\t\t\t\t<div class=\"elementor-spacer\">\n\t\t\t<div class=\"elementor-spacer-inner\"><\/div>\n\t\t<\/div>\n\t\t\t\t\t\t<\/div>\n\t\t\t\t<\/div>\n\t\t\t\t<div class=\"elementor-element elementor-element-4a77634 elementor-widget elementor-widget-heading\" data-id=\"4a77634\" data-element_type=\"widget\" data-widget_type=\"heading.default\">\n\t\t\t\t<div class=\"elementor-widget-container\">\n\t\t\t\t\t<h2 class=\"elementor-heading-title elementor-size-default\">Teachers<\/h2>\t\t\t\t<\/div>\n\t\t\t\t<\/div>\n\t\t\t\t\t<\/div>\n\t\t\t\t<\/div>\n\t\t<div class=\"elementor-element elementor-element-24f8f83 e-flex e-con-boxed e-con e-parent\" data-id=\"24f8f83\" data-element_type=\"container\">\n\t\t\t\t\t<div class=\"e-con-inner\">\n\t\t<div class=\"elementor-element elementor-element-c9b21b7 e-con-full e-flex e-con e-child\" data-id=\"c9b21b7\" data-element_type=\"container\">\n\t\t\t\t<div class=\"elementor-element elementor-element-a5c7296 elementor-widget elementor-widget-image\" data-id=\"a5c7296\" data-element_type=\"widget\" data-widget_type=\"image.default\">\n\t\t\t\t<div class=\"elementor-widget-container\">\n\t\t\t\t\t\t\t\t\t\t\t\t\t\t\t<img fetchpriority=\"high\" decoding=\"async\" width=\"800\" height=\"800\" src=\"https:\/\/musiikkitoteemi.fi\/wp-content\/uploads\/2025\/05\/Pekka-Siiskonen-Musiikkitoteemi-min-1024x1024.jpg\" class=\"attachment-large size-large wp-image-4195\" alt=\"\" srcset=\"https:\/\/musiikkitoteemi.fi\/wp-content\/uploads\/2025\/05\/Pekka-Siiskonen-Musiikkitoteemi-min-1024x1024.jpg 1024w, https:\/\/musiikkitoteemi.fi\/wp-content\/uploads\/2025\/05\/Pekka-Siiskonen-Musiikkitoteemi-min-300x300.jpg 300w, https:\/\/musiikkitoteemi.fi\/wp-content\/uploads\/2025\/05\/Pekka-Siiskonen-Musiikkitoteemi-min-150x150.jpg 150w, https:\/\/musiikkitoteemi.fi\/wp-content\/uploads\/2025\/05\/Pekka-Siiskonen-Musiikkitoteemi-min-768x768.jpg 768w, https:\/\/musiikkitoteemi.fi\/wp-content\/uploads\/2025\/05\/Pekka-Siiskonen-Musiikkitoteemi-min-1536x1536.jpg 1536w, https:\/\/musiikkitoteemi.fi\/wp-content\/uploads\/2025\/05\/Pekka-Siiskonen-Musiikkitoteemi-min-12x12.jpg 12w, https:\/\/musiikkitoteemi.fi\/wp-content\/uploads\/2025\/05\/Pekka-Siiskonen-Musiikkitoteemi-min.jpg 2000w\" sizes=\"(max-width: 800px) 100vw, 800px\" \/>\t\t\t\t\t\t\t\t\t\t\t\t\t\t\t<\/div>\n\t\t\t\t<\/div>\n\t\t\t\t<div class=\"elementor-element elementor-element-e3d1406 elementor-widget elementor-widget-heading\" data-id=\"e3d1406\" data-element_type=\"widget\" data-widget_type=\"heading.default\">\n\t\t\t\t<div class=\"elementor-widget-container\">\n\t\t\t\t\t<h4 class=\"elementor-heading-title elementor-size-default\">Pekka Siiskonen<\/h4>\t\t\t\t<\/div>\n\t\t\t\t<\/div>\n\t\t\t\t<div class=\"elementor-element elementor-element-74d9f9d elementor-widget elementor-widget-text-editor\" data-id=\"74d9f9d\" data-element_type=\"widget\" data-widget_type=\"text-editor.default\">\n\t\t\t\t<div class=\"elementor-widget-container\">\n\t\t\t\t\t\t\t\t\t<div class=\"w-post-elm post_custom_field type_text toimi color_link_inherit\"><i class=\"fas fa-user-graduate\"><\/i><span class=\"w-post-elm-value\">\u00a0Classical guitar<\/span><\/div><div class=\"w-separator size_custom with_line width_default thick_1 style_solid color_border align_center\"><div class=\"w-separator-h\">\u00a0<\/div><\/div><div class=\"w-post-elm post_custom_field type_text sahkoposti color_link_inherit\"><i class=\"fas fa-envelope\"><\/i><span class=\"w-post-elm-value\">\u00a0toimisto@musiikkitoteemi.fi<\/span><\/div>\t\t\t\t\t\t\t\t<\/div>\n\t\t\t\t<\/div>\n\t\t\t\t<\/div>\n\t\t<div class=\"elementor-element elementor-element-2bcee6e e-con-full e-flex e-con e-child\" data-id=\"2bcee6e\" data-element_type=\"container\">\n\t\t\t\t<div class=\"elementor-element elementor-element-d1ad4ff elementor-widget elementor-widget-text-editor\" data-id=\"d1ad4ff\" data-element_type=\"widget\" data-widget_type=\"text-editor.default\">\n\t\t\t\t<div class=\"elementor-widget-container\">\n\t\t\t\t\t\t\t\t\t<p>Hello!<\/p>\n<p>I graduated as a music pedagogue from Tampere University of Applied Sciences in 2018, with classical guitar as my main subject. In my teaching, it is important to me to meet each student as an individual and to create a safe, inspiring learning environment where musical growth can unfold at its own pace. I emphasize the joy of playing, versatile musical expression, and the development of a strong technical foundation based on each student\u2019s starting point.<\/p>\n<p><span style=\"text-align: var(--text-align); font-size: 1em;\">Welcome to my classes!<br>\u2013 Pekka<\/span><\/p>\t\t\t\t\t\t\t\t<\/div>\n\t\t\t\t<\/div>\n\t\t\t\t<\/div>\n\t\t\t\t\t<\/div>\n\t\t\t\t<\/div>\n\t\t<div class=\"elementor-element elementor-element-7e96891 e-flex e-con-boxed e-con e-parent\" data-id=\"7e96891\" data-element_type=\"container\">\n\t\t\t\t\t<div class=\"e-con-inner\">\n\t\t\t\t<div class=\"elementor-element elementor-element-119600e elementor-widget elementor-widget-spacer\" data-id=\"119600e\" data-element_type=\"widget\" data-widget_type=\"spacer.default\">\n\t\t\t\t<div class=\"elementor-widget-container\">\n\t\t\t\t\t\t\t<div class=\"elementor-spacer\">\n\t\t\t<div class=\"elementor-spacer-inner\"><\/div>\n\t\t<\/div>\n\t\t\t\t\t\t<\/div>\n\t\t\t\t<\/div>\n\t\t\t\t<div class=\"elementor-element elementor-element-87590db elementor-widget elementor-widget-heading\" data-id=\"87590db\" data-element_type=\"widget\" data-widget_type=\"heading.default\">\n\t\t\t\t<div class=\"elementor-widget-container\">\n\t\t\t\t\t<h2 class=\"elementor-heading-title elementor-size-default\">I teach the following subjects:<\/h2>\t\t\t\t<\/div>\n\t\t\t\t<\/div>\n\t\t\t\t<div class=\"elementor-element elementor-element-4796329 elementor-widget elementor-widget-spacer\" data-id=\"4796329\" data-element_type=\"widget\" data-widget_type=\"spacer.default\">\n\t\t\t\t<div class=\"elementor-widget-container\">\n\t\t\t\t\t\t\t<div class=\"elementor-spacer\">\n\t\t\t<div class=\"elementor-spacer-inner\"><\/div>\n\t\t<\/div>\n\t\t\t\t\t\t<\/div>\n\t\t\t\t<\/div>\n\t\t\t\t<div class=\"elementor-element elementor-element-194bdbe elementor-widget elementor-widget-ucaddon_uc_card_post_carousel\" data-id=\"194bdbe\" data-element_type=\"widget\" data-widget_type=\"ucaddon_uc_card_post_carousel.default\">\n\t\t\t\t<div class=\"elementor-widget-container\">\n\t\t\t\t\t\n<!-- start Post Carousel Lite -->\n\t\t<link id='font-awesome-css' href='https:\/\/musiikkitoteemi.fi\/wp-content\/plugins\/unlimited-elements-for-elementor\/assets_libraries\/font-awesome6\/fontawesome-all.min.css' type='text\/css' rel='stylesheet' >\n\t\t<link id='font-awesome-4-shim-css' href='https:\/\/musiikkitoteemi.fi\/wp-content\/plugins\/unlimited-elements-for-elementor\/assets_libraries\/font-awesome6\/fontawesome-v4-shims.min.css' type='text\/css' rel='stylesheet' >\n\t\t<link id='owl-carousel-css' href='https:\/\/musiikkitoteemi.fi\/wp-content\/plugins\/unlimited-elements-for-elementor\/assets_libraries\/owl-carousel-new\/assets\/owl.carousel.css' type='text\/css' rel='stylesheet' >\n\n<style>\/* widget: Post Carousel Lite *\/\n\n#uc_uc_card_post_carousel_elementor_194bdbe *{\n  box-sizing:border-box;\n}\n#uc_uc_card_post_carousel_elementor_194bdbe{\n  position:relative;\n  min-height:1px;\n}\n#uc_uc_card_post_carousel_elementor_194bdbe .uc_image_carousel_content{\n\ttext-align:center;\n    display: flex;\n     flex-flow: column nowrap;\n}\n#uc_uc_card_post_carousel_elementor_194bdbe .ue_post_carousel_item\n{\n  overflow:hidden;\n  \n}\n#uc_uc_card_post_carousel_elementor_194bdbe .uc_image_carousel_bg {\n  background-repeat: no-repeat;\n}\n#uc_uc_card_post_carousel_elementor_194bdbe .uc_image_carousel_placeholder a{\n  width:100%;\n}\n#uc_uc_card_post_carousel_elementor_194bdbe .uc_image_carousel_bg{\n  width:100%;\n}\n#uc_uc_card_post_carousel_elementor_194bdbe .uc_image_carousel_placeholder{\n  overflow:hidden;\n}\n\n#uc_uc_card_post_carousel_elementor_194bdbe .ue_post_btn_holder\n{\n  margin-top:auto;\n}\n\n#uc_uc_card_post_carousel_elementor_194bdbe .uc_more_btn{\n\n  display:inline-block;\n  text-align:center;\n  text-decoration:none;\n} \n\n.uc_overlay_image_carousel .uc_more_btn{\n  text-decoration:none;\n  display:inline-block;\n}\n\n.uc_overlay_image_carousel .uc_post_title{\n  font-size:21px;\n  text-decoration:none;\n}\n\n#uc_uc_card_post_carousel_elementor_194bdbe .owl-nav .owl-prev{\n    position:absolute;\n    display:inline-block;\n    text-align:center;\n}\n#uc_uc_card_post_carousel_elementor_194bdbe .owl-nav .owl-next{\n  position:absolute;\n  display:inline-block;\n  text-align:center;\n}\n\n\n#uc_uc_card_post_carousel_elementor_194bdbe .owl-dots {\noverflow:hidden;\ndisplay:true !important;\ntext-align:center;\n}\n\n#uc_uc_card_post_carousel_elementor_194bdbe .owl-dot {\nborder-radius:50%;\ndisplay:inline-block;\n}\n\t#uc_uc_card_post_carousel_elementor_194bdbe .owl-stage\n        {\n            transition-timing-function: linear!important;\n        }\n\n\n\n<\/style>\n\n<div class=\"uc_overlay_image_carousel\" id=\"uc_uc_card_post_carousel_elementor_194bdbe\" data-custom-sethtml=\"true\" >\n   <div class=\"uc_carousel owl-carousel owl-theme uc-items-wrapper\">\n   \t\t<div id=\"uc_uc_card_post_carousel_elementor_194bdbe_item1\" class=\"uc_image_carousel_container_holder ue_post_carousel_item ue-\">\n  <div class=\"uc_image_carousel_placeholder\">\n    <a href=\"https:\/\/musiikkitoteemi.fi\/en\/opetus_ja_kurssit\/soitinkaruselli\/\"><div class=\"uc_image_carousel_bg\" style=\"background-image:url(https:\/\/musiikkitoteemi.fi\/wp-content\/uploads\/2024\/07\/musiikkitoteemi_0020-min-768x512.jpeg); background-position:center;\"><\/div><\/a>\n  <\/div>\n\n  <div class=\"uc_image_carousel_content\" >\n                <a href=\"https:\/\/musiikkitoteemi.fi\/en\/opetus_ja_kurssit\/soitinkaruselli\/\" style=\"text-decoration:none;\"><div class=\"uc_post_title\" style=\"text-decoration:none;\">Instrument carousel<\/div><\/a>    <div class=\"ue_post_intro\">Is your child interested in music, but hasn&#039;t found their own instrument yet? In the musical instrument carousel, your child can...<\/div>    \n    <div class=\"ue_post_btn_holder\"><a class=\"uc_more_btn ue-dynamic-popup-single\" href='https:\/\/musiikkitoteemi.fi\/en\/opetus_ja_kurssit\/soitinkaruselli\/' target=\"_self\">Read more<\/a><\/div>    \n  <\/div>\n  \n    \n<\/div>\n<div id=\"uc_uc_card_post_carousel_elementor_194bdbe_item2\" class=\"uc_image_carousel_container_holder ue_post_carousel_item ue-Klassinen kitara\">\n  <div class=\"uc_image_carousel_placeholder\">\n    <a href=\"https:\/\/musiikkitoteemi.fi\/en\/opetus_ja_kurssit\/kitarat\/\"><div class=\"uc_image_carousel_bg\" style=\"background-image:url(https:\/\/musiikkitoteemi.fi\/wp-content\/uploads\/2024\/07\/musiikkitoteemi-kitaransoitonopetus-768x611.jpg); background-position:center;\"><\/div><\/a>\n  <\/div>\n\n  <div class=\"uc_image_carousel_content\" >\n                <a href=\"https:\/\/musiikkitoteemi.fi\/en\/opetus_ja_kurssit\/kitarat\/\" style=\"text-decoration:none;\"><div class=\"uc_post_title\" style=\"text-decoration:none;\">Guitars<\/div><\/a>    <div class=\"ue_post_intro\">Guitar lessons in Tampere. If you are interested in guitar, we have almost everything: classical or nylon string...<\/div>    \n    <div class=\"ue_post_btn_holder\"><a class=\"uc_more_btn ue-dynamic-popup-single\" href='https:\/\/musiikkitoteemi.fi\/en\/opetus_ja_kurssit\/kitarat\/' target=\"_self\">Read more<\/a><\/div>    \n  <\/div>\n  \n    \n<\/div>\n\n   <\/div>\t\n<\/div>\n\n<!-- end Post Carousel Lite -->\t\t\t\t<\/div>\n\t\t\t\t<\/div>\n\t\t\t\t<div class=\"elementor-element elementor-element-8063a35 elementor-widget elementor-widget-spacer\" data-id=\"8063a35\" data-element_type=\"widget\" data-widget_type=\"spacer.default\">\n\t\t\t\t<div class=\"elementor-widget-container\">\n\t\t\t\t\t\t\t<div class=\"elementor-spacer\">\n\t\t\t<div class=\"elementor-spacer-inner\"><\/div>\n\t\t<\/div>\n\t\t\t\t\t\t<\/div>\n\t\t\t\t<\/div>\n\t\t\t\t\t<\/div>\n\t\t\t\t<\/div>\n\t\t\t\t<\/div>","protected":false},"excerpt":{"rendered":"<p>Opettajat Musiikkitoteemin opettajat esitt\u00e4ytyv\u00e4t. Opettajat Pekka Siiskonen Klassinen kitara\u00a0\u00a0toimisto@musiikkitoteemi.fi Hei! Olen valmistunut musiikkipedagogiksi Tampereen ammattikorkeakoulusta vuonna 2018, p\u00e4\u00e4aineenani klassinen kitara. Opetusty\u00f6ss\u00e4 minulle on t\u00e4rke\u00e4\u00e4 kohdata jokainen oppilas yksil\u00f6n\u00e4 ja luoda turvallinen, innostava oppimisymp\u00e4rist\u00f6, jossa musiikillinen kasvu saa tapahtua omaan tahtiin. Opetuksessani korostuvat soittamisen ilo, monipuolinen musiikillinen ilmaisu sek\u00e4 teknisen perustan kehitt\u00e4minen oppilaan l\u00e4ht\u00f6kohdista k\u00e4sin. Tervetuloa [&hellip;]<\/p>\n","protected":false},"author":1,"featured_media":0,"parent":665,"menu_order":0,"comment_status":"closed","ping_status":"closed","template":"","meta":{"_acf_changed":false,"footnotes":""},"class_list":["post-4192","page","type-page","status-publish","hentry"],"acf":[],"yoast_head":"<!-- This site is optimized with the Yoast SEO plugin v27.3 - https:\/\/yoast.com\/product\/yoast-seo-wordpress\/ -->\n<title>Pekka Siiskonen - Musiikkikoulu Musiikkitoteemi<\/title>\n<meta name=\"description\" content=\"Klassisen kitaran asiantuntija Pekka Siiskonen on yksi Musikkikoulu Musiikkitoteemin monista kitaransoitonopettajista.\" \/>\n<meta name=\"robots\" content=\"index, follow, max-snippet:-1, max-image-preview:large, max-video-preview:-1\" \/>\n<link rel=\"canonical\" href=\"https:\/\/musiikkitoteemi.fi\/en\/opettajat\/pekka-siiskonen\/\" \/>\n<meta property=\"og:locale\" content=\"en_US\" \/>\n<meta property=\"og:type\" content=\"article\" \/>\n<meta property=\"og:title\" content=\"Pekka Siiskonen, kitara\" \/>\n<meta property=\"og:description\" content=\"Pekka Siiskonen on kokenut klassisen kitaransoiton opettaja. Tervetuloa tunneille!\" \/>\n<meta property=\"og:url\" content=\"https:\/\/musiikkitoteemi.fi\/en\/opettajat\/pekka-siiskonen\/\" \/>\n<meta property=\"og:site_name\" content=\"Musiikkikoulu Musiikkitoteemi\" \/>\n<meta property=\"article:publisher\" content=\"https:\/\/www.facebook.com\/musiikkitoteemi\/\" \/>\n<meta property=\"article:modified_time\" content=\"2025-05-21T12:49:16+00:00\" \/>\n<meta property=\"og:image\" content=\"https:\/\/musiikkitoteemi.fi\/wp-content\/uploads\/2025\/05\/Pekka-Siiskonen-Musiikkitoteemi-min.jpg\" \/>\n\t<meta property=\"og:image:width\" content=\"2000\" \/>\n\t<meta property=\"og:image:height\" content=\"2000\" \/>\n\t<meta property=\"og:image:type\" content=\"image\/jpeg\" \/>\n<meta name=\"twitter:card\" content=\"summary_large_image\" \/>\n<meta name=\"twitter:label1\" content=\"Est. reading time\" \/>\n\t<meta name=\"twitter:data1\" content=\"1 minute\" \/>\n<script type=\"application\/ld+json\" class=\"yoast-schema-graph\">{\"@context\":\"https:\\\/\\\/schema.org\",\"@graph\":[{\"@type\":\"WebPage\",\"@id\":\"https:\\\/\\\/musiikkitoteemi.fi\\\/opettajat\\\/pekka-siiskonen\\\/\",\"url\":\"https:\\\/\\\/musiikkitoteemi.fi\\\/opettajat\\\/pekka-siiskonen\\\/\",\"name\":\"Pekka Siiskonen - Musiikkikoulu Musiikkitoteemi\",\"isPartOf\":{\"@id\":\"https:\\\/\\\/musiikkitoteemi.fi\\\/#website\"},\"primaryImageOfPage\":{\"@id\":\"https:\\\/\\\/musiikkitoteemi.fi\\\/opettajat\\\/pekka-siiskonen\\\/#primaryimage\"},\"image\":{\"@id\":\"https:\\\/\\\/musiikkitoteemi.fi\\\/opettajat\\\/pekka-siiskonen\\\/#primaryimage\"},\"thumbnailUrl\":\"https:\\\/\\\/musiikkitoteemi.fi\\\/wp-content\\\/uploads\\\/2025\\\/05\\\/Pekka-Siiskonen-Musiikkitoteemi-min-1024x1024.jpg\",\"datePublished\":\"2025-05-21T12:14:47+00:00\",\"dateModified\":\"2025-05-21T12:49:16+00:00\",\"description\":\"Klassisen kitaran asiantuntija Pekka Siiskonen on yksi Musikkikoulu Musiikkitoteemin monista kitaransoitonopettajista.\",\"breadcrumb\":{\"@id\":\"https:\\\/\\\/musiikkitoteemi.fi\\\/opettajat\\\/pekka-siiskonen\\\/#breadcrumb\"},\"inLanguage\":\"en-US\",\"potentialAction\":[{\"@type\":\"ReadAction\",\"target\":[\"https:\\\/\\\/musiikkitoteemi.fi\\\/opettajat\\\/pekka-siiskonen\\\/\"]}]},{\"@type\":\"ImageObject\",\"inLanguage\":\"en-US\",\"@id\":\"https:\\\/\\\/musiikkitoteemi.fi\\\/opettajat\\\/pekka-siiskonen\\\/#primaryimage\",\"url\":\"https:\\\/\\\/musiikkitoteemi.fi\\\/wp-content\\\/uploads\\\/2025\\\/05\\\/Pekka-Siiskonen-Musiikkitoteemi-min-1024x1024.jpg\",\"contentUrl\":\"https:\\\/\\\/musiikkitoteemi.fi\\\/wp-content\\\/uploads\\\/2025\\\/05\\\/Pekka-Siiskonen-Musiikkitoteemi-min-1024x1024.jpg\"},{\"@type\":\"BreadcrumbList\",\"@id\":\"https:\\\/\\\/musiikkitoteemi.fi\\\/opettajat\\\/pekka-siiskonen\\\/#breadcrumb\",\"itemListElement\":[{\"@type\":\"ListItem\",\"position\":1,\"name\":\"Etusivu\",\"item\":\"https:\\\/\\\/musiikkitoteemi.fi\\\/\"},{\"@type\":\"ListItem\",\"position\":2,\"name\":\"Opettajat\",\"item\":\"https:\\\/\\\/musiikkitoteemi.fi\\\/opettajat\\\/\"},{\"@type\":\"ListItem\",\"position\":3,\"name\":\"Pekka Siiskonen\"}]},{\"@type\":\"WebSite\",\"@id\":\"https:\\\/\\\/musiikkitoteemi.fi\\\/#website\",\"url\":\"https:\\\/\\\/musiikkitoteemi.fi\\\/\",\"name\":\"Musiikkitoteemi - Musiikkikoulu Tampereella\",\"description\":\"Sinun musiikkikoulusi Tampereella vuodesta 2004.\",\"publisher\":{\"@id\":\"https:\\\/\\\/musiikkitoteemi.fi\\\/#organization\"},\"potentialAction\":[{\"@type\":\"SearchAction\",\"target\":{\"@type\":\"EntryPoint\",\"urlTemplate\":\"https:\\\/\\\/musiikkitoteemi.fi\\\/?s={search_term_string}\"},\"query-input\":{\"@type\":\"PropertyValueSpecification\",\"valueRequired\":true,\"valueName\":\"search_term_string\"}}],\"inLanguage\":\"en-US\"},{\"@type\":\"Organization\",\"@id\":\"https:\\\/\\\/musiikkitoteemi.fi\\\/#organization\",\"name\":\"Musiikkitoteemi\",\"url\":\"https:\\\/\\\/musiikkitoteemi.fi\\\/\",\"logo\":{\"@type\":\"ImageObject\",\"inLanguage\":\"en-US\",\"@id\":\"https:\\\/\\\/musiikkitoteemi.fi\\\/#\\\/schema\\\/logo\\\/image\\\/\",\"url\":\"https:\\\/\\\/musiikkitoteemi.fi\\\/wp-content\\\/uploads\\\/2024\\\/07\\\/musiikkitoteemi.png\",\"contentUrl\":\"https:\\\/\\\/musiikkitoteemi.fi\\\/wp-content\\\/uploads\\\/2024\\\/07\\\/musiikkitoteemi.png\",\"width\":451,\"height\":221,\"caption\":\"Musiikkitoteemi\"},\"image\":{\"@id\":\"https:\\\/\\\/musiikkitoteemi.fi\\\/#\\\/schema\\\/logo\\\/image\\\/\"},\"sameAs\":[\"https:\\\/\\\/www.facebook.com\\\/musiikkitoteemi\\\/\",\"https:\\\/\\\/www.instagram.com\\\/musiikkitoteemi\\\/\",\"https:\\\/\\\/www.youtube.com\\\/@totemguitar\"]}]}<\/script>\n<!-- \/ Yoast SEO plugin. -->","yoast_head_json":{"title":"Pekka Siiskonen - Music School Music Totem","description":"Classical guitar expert Pekka Siiskonen is one of the many guitar teachers at the Music School Musiikkitoteeme.","robots":{"index":"index","follow":"follow","max-snippet":"max-snippet:-1","max-image-preview":"max-image-preview:large","max-video-preview":"max-video-preview:-1"},"canonical":"https:\/\/musiikkitoteemi.fi\/en\/opettajat\/pekka-siiskonen\/","og_locale":"en_US","og_type":"article","og_title":"Pekka Siiskonen, kitara","og_description":"Pekka Siiskonen on kokenut klassisen kitaransoiton opettaja. Tervetuloa tunneille!","og_url":"https:\/\/musiikkitoteemi.fi\/en\/opettajat\/pekka-siiskonen\/","og_site_name":"Musiikkikoulu Musiikkitoteemi","article_publisher":"https:\/\/www.facebook.com\/musiikkitoteemi\/","article_modified_time":"2025-05-21T12:49:16+00:00","og_image":[{"width":2000,"height":2000,"url":"https:\/\/musiikkitoteemi.fi\/wp-content\/uploads\/2025\/05\/Pekka-Siiskonen-Musiikkitoteemi-min.jpg","type":"image\/jpeg"}],"twitter_card":"summary_large_image","twitter_misc":{"Est. reading time":"1 minute"},"schema":{"@context":"https:\/\/schema.org","@graph":[{"@type":"WebPage","@id":"https:\/\/musiikkitoteemi.fi\/opettajat\/pekka-siiskonen\/","url":"https:\/\/musiikkitoteemi.fi\/opettajat\/pekka-siiskonen\/","name":"Pekka Siiskonen - Music School Music Totem","isPartOf":{"@id":"https:\/\/musiikkitoteemi.fi\/#website"},"primaryImageOfPage":{"@id":"https:\/\/musiikkitoteemi.fi\/opettajat\/pekka-siiskonen\/#primaryimage"},"image":{"@id":"https:\/\/musiikkitoteemi.fi\/opettajat\/pekka-siiskonen\/#primaryimage"},"thumbnailUrl":"https:\/\/musiikkitoteemi.fi\/wp-content\/uploads\/2025\/05\/Pekka-Siiskonen-Musiikkitoteemi-min-1024x1024.jpg","datePublished":"2025-05-21T12:14:47+00:00","dateModified":"2025-05-21T12:49:16+00:00","description":"Classical guitar expert Pekka Siiskonen is one of the many guitar teachers at the Music School Musiikkitoteeme.","breadcrumb":{"@id":"https:\/\/musiikkitoteemi.fi\/opettajat\/pekka-siiskonen\/#breadcrumb"},"inLanguage":"en-US","potentialAction":[{"@type":"ReadAction","target":["https:\/\/musiikkitoteemi.fi\/opettajat\/pekka-siiskonen\/"]}]},{"@type":"ImageObject","inLanguage":"en-US","@id":"https:\/\/musiikkitoteemi.fi\/opettajat\/pekka-siiskonen\/#primaryimage","url":"https:\/\/musiikkitoteemi.fi\/wp-content\/uploads\/2025\/05\/Pekka-Siiskonen-Musiikkitoteemi-min-1024x1024.jpg","contentUrl":"https:\/\/musiikkitoteemi.fi\/wp-content\/uploads\/2025\/05\/Pekka-Siiskonen-Musiikkitoteemi-min-1024x1024.jpg"},{"@type":"BreadcrumbList","@id":"https:\/\/musiikkitoteemi.fi\/opettajat\/pekka-siiskonen\/#breadcrumb","itemListElement":[{"@type":"ListItem","position":1,"name":"Etusivu","item":"https:\/\/musiikkitoteemi.fi\/"},{"@type":"ListItem","position":2,"name":"Opettajat","item":"https:\/\/musiikkitoteemi.fi\/opettajat\/"},{"@type":"ListItem","position":3,"name":"Pekka Siiskonen"}]},{"@type":"WebSite","@id":"https:\/\/musiikkitoteemi.fi\/#website","url":"https:\/\/musiikkitoteemi.fi\/","name":"Music Totem - Music School in Tampere","description":"Your music school in Tampere since 2004.","publisher":{"@id":"https:\/\/musiikkitoteemi.fi\/#organization"},"potentialAction":[{"@type":"SearchAction","target":{"@type":"EntryPoint","urlTemplate":"https:\/\/musiikkitoteemi.fi\/?s={search_term_string}"},"query-input":{"@type":"PropertyValueSpecification","valueRequired":true,"valueName":"search_term_string"}}],"inLanguage":"en-US"},{"@type":"Organization","@id":"https:\/\/musiikkitoteemi.fi\/#organization","name":"Music Totem","url":"https:\/\/musiikkitoteemi.fi\/","logo":{"@type":"ImageObject","inLanguage":"en-US","@id":"https:\/\/musiikkitoteemi.fi\/#\/schema\/logo\/image\/","url":"https:\/\/musiikkitoteemi.fi\/wp-content\/uploads\/2024\/07\/musiikkitoteemi.png","contentUrl":"https:\/\/musiikkitoteemi.fi\/wp-content\/uploads\/2024\/07\/musiikkitoteemi.png","width":451,"height":221,"caption":"Musiikkitoteemi"},"image":{"@id":"https:\/\/musiikkitoteemi.fi\/#\/schema\/logo\/image\/"},"sameAs":["https:\/\/www.facebook.com\/musiikkitoteemi\/","https:\/\/www.instagram.com\/musiikkitoteemi\/","https:\/\/www.youtube.com\/@totemguitar"]}]}},"_links":{"self":[{"href":"https:\/\/musiikkitoteemi.fi\/en\/wp-json\/wp\/v2\/pages\/4192","targetHints":{"allow":["GET"]}}],"collection":[{"href":"https:\/\/musiikkitoteemi.fi\/en\/wp-json\/wp\/v2\/pages"}],"about":[{"href":"https:\/\/musiikkitoteemi.fi\/en\/wp-json\/wp\/v2\/types\/page"}],"author":[{"embeddable":true,"href":"https:\/\/musiikkitoteemi.fi\/en\/wp-json\/wp\/v2\/users\/1"}],"replies":[{"embeddable":true,"href":"https:\/\/musiikkitoteemi.fi\/en\/wp-json\/wp\/v2\/comments?post=4192"}],"version-history":[{"count":9,"href":"https:\/\/musiikkitoteemi.fi\/en\/wp-json\/wp\/v2\/pages\/4192\/revisions"}],"predecessor-version":[{"id":4219,"href":"https:\/\/musiikkitoteemi.fi\/en\/wp-json\/wp\/v2\/pages\/4192\/revisions\/4219"}],"up":[{"embeddable":true,"href":"https:\/\/musiikkitoteemi.fi\/en\/wp-json\/wp\/v2\/pages\/665"}],"wp:attachment":[{"href":"https:\/\/musiikkitoteemi.fi\/en\/wp-json\/wp\/v2\/media?parent=4192"}],"curies":[{"name":"wp","href":"https:\/\/api.w.org\/{rel}","templated":true}]}}