{"id":440,"date":"2024-07-29T15:51:28","date_gmt":"2024-07-29T15:51:28","guid":{"rendered":"https:\/\/musiikkitoteemifi-wp26890.test.cchosting.fi\/?page_id=440"},"modified":"2025-05-03T22:13:41","modified_gmt":"2025-05-03T19:13:41","slug":"valmentava-soitonopetus","status":"publish","type":"page","link":"https:\/\/musiikkitoteemi.fi\/en\/valmentava-soitonopetus\/","title":{"rendered":"Preparatory lessons"},"content":{"rendered":"<div data-elementor-type=\"wp-page\" data-elementor-id=\"440\" class=\"elementor elementor-440\" data-elementor-post-type=\"page\">\n\t\t\t\t\t\t<section class=\"elementor-section elementor-top-section elementor-element elementor-element-7bce3fd elementor-section-height-min-height elementor-section-items-bottom elementor-section-boxed elementor-section-height-default\" data-id=\"7bce3fd\" data-element_type=\"section\" data-e-type=\"section\" data-settings=\"{&quot;background_background&quot;:&quot;classic&quot;}\">\n\t\t\t\t\t\t<div class=\"elementor-container elementor-column-gap-default\">\n\t\t\t\t\t<div class=\"elementor-column elementor-col-50 elementor-top-column elementor-element elementor-element-f4c272f\" data-id=\"f4c272f\" data-element_type=\"column\" data-e-type=\"column\">\n\t\t\t<div class=\"elementor-widget-wrap\">\n\t\t\t\t\t\t\t<\/div>\n\t\t<\/div>\n\t\t\t\t<div class=\"elementor-column elementor-col-50 elementor-top-column elementor-element elementor-element-7063a62\" data-id=\"7063a62\" data-element_type=\"column\" data-e-type=\"column\" data-settings=\"{&quot;background_background&quot;:&quot;classic&quot;}\">\n\t\t\t<div class=\"elementor-widget-wrap elementor-element-populated\">\n\t\t\t\t\t\t<div class=\"elementor-element elementor-element-3403d5f elementor-widget__width-initial elementor-widget elementor-widget-heading\" data-id=\"3403d5f\" data-element_type=\"widget\" data-e-type=\"widget\" data-widget_type=\"heading.default\">\n\t\t\t\t<div class=\"elementor-widget-container\">\n\t\t\t\t\t<div class=\"elementor-heading-title elementor-size-default\">PREPARATORY INSTRUMENT LESSONS <br>For ages 5\u20138<\/div>\t\t\t\t<\/div>\n\t\t\t\t<\/div>\n\t\t\t\t<div class=\"elementor-element elementor-element-ecca979 elementor-align-right elementor-widget elementor-widget-button\" data-id=\"ecca979\" data-element_type=\"widget\" data-e-type=\"widget\" data-widget_type=\"button.default\">\n\t\t\t\t<div class=\"elementor-widget-container\">\n\t\t\t\t\t\t\t\t\t<div class=\"elementor-button-wrapper\">\n\t\t\t\t\t<a class=\"elementor-button elementor-button-link elementor-size-sm\" href=\"https:\/\/musiikkitoteemi.eepos.fi\/\" target=\"_blank\">\n\t\t\t\t\t\t<span class=\"elementor-button-content-wrapper\">\n\t\t\t\t\t\t\t\t\t<span class=\"elementor-button-text\">Apply<\/span>\n\t\t\t\t\t<\/span>\n\t\t\t\t\t<\/a>\n\t\t\t\t<\/div>\n\t\t\t\t\t\t\t\t<\/div>\n\t\t\t\t<\/div>\n\t\t\t\t\t<\/div>\n\t\t<\/div>\n\t\t\t\t\t<\/div>\n\t\t<\/section>\n\t\t\t\t<section class=\"elementor-section elementor-top-section elementor-element elementor-element-136e73c elementor-section-boxed elementor-section-height-default elementor-section-height-default\" data-id=\"136e73c\" data-element_type=\"section\" data-e-type=\"section\">\n\t\t\t\t\t\t<div class=\"elementor-container elementor-column-gap-default\">\n\t\t\t\t\t<div class=\"elementor-column elementor-col-100 elementor-top-column elementor-element elementor-element-5edfb50\" data-id=\"5edfb50\" data-element_type=\"column\" data-e-type=\"column\">\n\t\t\t<div class=\"elementor-widget-wrap elementor-element-populated\">\n\t\t\t\t\t\t<div class=\"elementor-element elementor-element-8bfaf1b elementor-widget elementor-widget-spacer\" data-id=\"8bfaf1b\" data-element_type=\"widget\" data-e-type=\"widget\" data-widget_type=\"spacer.default\">\n\t\t\t\t<div class=\"elementor-widget-container\">\n\t\t\t\t\t\t\t<div class=\"elementor-spacer\">\n\t\t\t<div class=\"elementor-spacer-inner\"><\/div>\n\t\t<\/div>\n\t\t\t\t\t\t<\/div>\n\t\t\t\t<\/div>\n\t\t\t\t\t<\/div>\n\t\t<\/div>\n\t\t\t\t\t<\/div>\n\t\t<\/section>\n\t\t\t\t<section class=\"elementor-section elementor-top-section elementor-element elementor-element-78197af elementor-section-boxed elementor-section-height-default elementor-section-height-default\" data-id=\"78197af\" data-element_type=\"section\" data-e-type=\"section\">\n\t\t\t\t\t\t<div class=\"elementor-container elementor-column-gap-default\">\n\t\t\t\t\t<div class=\"elementor-column elementor-col-33 elementor-top-column elementor-element elementor-element-b0b5500\" data-id=\"b0b5500\" data-element_type=\"column\" data-e-type=\"column\">\n\t\t\t<div class=\"elementor-widget-wrap elementor-element-populated\">\n\t\t\t\t\t\t<div class=\"elementor-element elementor-element-a9094f2 elementor-widget elementor-widget-heading\" data-id=\"a9094f2\" data-element_type=\"widget\" data-e-type=\"widget\" data-widget_type=\"heading.default\">\n\t\t\t\t<div class=\"elementor-widget-container\">\n\t\t\t\t\t<h4 class=\"elementor-heading-title elementor-size-default\">Preparatory music lessons for ages 5\u20138<\/h4>\t\t\t\t<\/div>\n\t\t\t\t<\/div>\n\t\t\t\t<div class=\"elementor-element elementor-element-81dac4f elementor-widget elementor-widget-spacer\" data-id=\"81dac4f\" data-element_type=\"widget\" data-e-type=\"widget\" data-widget_type=\"spacer.default\">\n\t\t\t\t<div class=\"elementor-widget-container\">\n\t\t\t\t\t\t\t<div class=\"elementor-spacer\">\n\t\t\t<div class=\"elementor-spacer-inner\"><\/div>\n\t\t<\/div>\n\t\t\t\t\t\t<\/div>\n\t\t\t\t<\/div>\n\t\t\t\t\t<\/div>\n\t\t<\/div>\n\t\t\t\t<div class=\"elementor-column elementor-col-66 elementor-top-column elementor-element elementor-element-032a5a0\" data-id=\"032a5a0\" data-element_type=\"column\" data-e-type=\"column\">\n\t\t\t<div class=\"elementor-widget-wrap elementor-element-populated\">\n\t\t\t\t\t\t<div class=\"elementor-element elementor-element-a47d244 elementor-widget elementor-widget-text-editor\" data-id=\"a47d244\" data-element_type=\"widget\" data-e-type=\"widget\" data-widget_type=\"text-editor.default\">\n\t\t\t\t<div class=\"elementor-widget-container\">\n\t\t\t\t\t\t\t\t\t<p><a style=\"font-size: 16px;\" href=\"https:\/\/musiikkitoteemi.fi\/en\/muskarit\/\"><b>&lt;&lt; Return to the Muskari listing<\/b><\/a><\/p>\n<h3>Preparatory lessons<\/h3>\n<h4>In preparatory instrumental instruction, the child can become familiar with the basics of their instrument in a small group setting. This serves as an excellent springboard into the world of instrumental lessons.<\/h4>\n<p>The instruction takes into account each child\u2019s individual interests and starting points. Teaching is gentle and child-centered. During lessons, students play both together and individually. Preparatory instruction is available for violin, flute, cello, guitar, and piano.<\/p><p>Small groups typically consist of 2 to 3 students, and lessons last between 30 and 40 minutes, depending on the number of participants. Scheduling is arranged by the teacher in consultation with the enrolled students.<\/p>\n<h3>Instrument carousel<\/h3>\n<p>In the individual instrument carousel, the child can explore several different instruments in one-on-one sessions with each instrument\u2019s teacher. The goal is to help the child find a preferred instrument to continue studying through personalized instruction. The instrument carousel lasts for one semester.<\/p>\n<p><a href=\"https:\/\/musiikkitoteemi.fi\/en\/opetus_ja_kurssit\/soitinkaruselli\/\">Read more<\/a><\/p>\t\t\t\t\t\t\t\t<\/div>\n\t\t\t\t<\/div>\n\t\t\t\t\t<\/div>\n\t\t<\/div>\n\t\t\t\t\t<\/div>\n\t\t<\/section>\n\t\t\t\t<section class=\"elementor-section elementor-top-section elementor-element elementor-element-49a9ec2 elementor-section-boxed elementor-section-height-default elementor-section-height-default\" data-id=\"49a9ec2\" data-element_type=\"section\" data-e-type=\"section\">\n\t\t\t\t\t\t<div class=\"elementor-container elementor-column-gap-default\">\n\t\t\t\t\t<div class=\"elementor-column elementor-col-100 elementor-top-column elementor-element elementor-element-586ab22\" data-id=\"586ab22\" data-element_type=\"column\" data-e-type=\"column\">\n\t\t\t<div class=\"elementor-widget-wrap elementor-element-populated\">\n\t\t\t\t\t\t<div class=\"elementor-element elementor-element-0433676 elementor-widget elementor-widget-spacer\" data-id=\"0433676\" data-element_type=\"widget\" data-e-type=\"widget\" data-widget_type=\"spacer.default\">\n\t\t\t\t<div class=\"elementor-widget-container\">\n\t\t\t\t\t\t\t<div class=\"elementor-spacer\">\n\t\t\t<div class=\"elementor-spacer-inner\"><\/div>\n\t\t<\/div>\n\t\t\t\t\t\t<\/div>\n\t\t\t\t<\/div>\n\t\t\t\t\t<\/div>\n\t\t<\/div>\n\t\t\t\t\t<\/div>\n\t\t<\/section>\n\t\t\t\t<section class=\"elementor-section elementor-top-section elementor-element elementor-element-52f9334 elementor-section-boxed elementor-section-height-default elementor-section-height-default\" data-id=\"52f9334\" data-element_type=\"section\" data-e-type=\"section\">\n\t\t\t\t\t\t<div class=\"elementor-container elementor-column-gap-default\">\n\t\t\t\t\t<div class=\"elementor-column elementor-col-100 elementor-top-column elementor-element elementor-element-1387b23\" data-id=\"1387b23\" data-element_type=\"column\" data-e-type=\"column\">\n\t\t\t<div class=\"elementor-widget-wrap elementor-element-populated\">\n\t\t\t\t\t\t<div class=\"elementor-element elementor-element-4bb47e7 elementor-widget elementor-widget-ucaddon_uc_card_post_carousel\" data-id=\"4bb47e7\" data-element_type=\"widget\" data-e-type=\"widget\" data-widget_type=\"ucaddon_uc_card_post_carousel.default\">\n\t\t\t\t<div class=\"elementor-widget-container\">\n\t\t\t\t\t\n<!-- start Post Carousel Lite -->\n\t\t<link id='font-awesome-css' href='https:\/\/musiikkitoteemi.fi\/wp-content\/plugins\/unlimited-elements-for-elementor\/assets_libraries\/font-awesome6\/fontawesome-all.min.css' type='text\/css' rel='stylesheet' >\n\t\t<link id='font-awesome-4-shim-css' href='https:\/\/musiikkitoteemi.fi\/wp-content\/plugins\/unlimited-elements-for-elementor\/assets_libraries\/font-awesome6\/fontawesome-v4-shims.min.css' type='text\/css' rel='stylesheet' >\n\t\t<link id='owl-carousel-css' href='https:\/\/musiikkitoteemi.fi\/wp-content\/plugins\/unlimited-elements-for-elementor\/assets_libraries\/owl-carousel-new\/assets\/owl.carousel.css' type='text\/css' rel='stylesheet' >\n\n<style>\/* widget: Post Carousel Lite *\/\n\n#uc_uc_card_post_carousel_elementor_4bb47e7 *{\n  box-sizing:border-box;\n}\n#uc_uc_card_post_carousel_elementor_4bb47e7{\n  position:relative;\n  min-height:1px;\n}\n#uc_uc_card_post_carousel_elementor_4bb47e7 .uc_image_carousel_content{\n\ttext-align:center;\n    display: flex;\n     flex-flow: column nowrap;\n}\n#uc_uc_card_post_carousel_elementor_4bb47e7 .ue_post_carousel_item\n{\n  overflow:hidden;\n  \n}\n#uc_uc_card_post_carousel_elementor_4bb47e7 .uc_image_carousel_bg {\n  background-repeat: no-repeat;\n}\n#uc_uc_card_post_carousel_elementor_4bb47e7 .uc_image_carousel_placeholder a{\n  width:100%;\n}\n#uc_uc_card_post_carousel_elementor_4bb47e7 .uc_image_carousel_bg{\n  width:100%;\n}\n#uc_uc_card_post_carousel_elementor_4bb47e7 .uc_image_carousel_placeholder{\n  overflow:hidden;\n}\n\n#uc_uc_card_post_carousel_elementor_4bb47e7 .ue_post_btn_holder\n{\n  margin-top:auto;\n}\n\n#uc_uc_card_post_carousel_elementor_4bb47e7 .uc_more_btn{\n\n  display:inline-block;\n  text-align:center;\n  text-decoration:none;\n} \n\n.uc_overlay_image_carousel .uc_more_btn{\n  text-decoration:none;\n  display:inline-block;\n}\n\n.uc_overlay_image_carousel .uc_post_title{\n  font-size:21px;\n  text-decoration:none;\n}\n\n#uc_uc_card_post_carousel_elementor_4bb47e7 .owl-nav .owl-prev{\n    position:absolute;\n    display:inline-block;\n    text-align:center;\n}\n#uc_uc_card_post_carousel_elementor_4bb47e7 .owl-nav .owl-next{\n  position:absolute;\n  display:inline-block;\n  text-align:center;\n}\n\n\n#uc_uc_card_post_carousel_elementor_4bb47e7 .owl-dots {\noverflow:hidden;\ndisplay:true !important;\ntext-align:center;\n}\n\n#uc_uc_card_post_carousel_elementor_4bb47e7 .owl-dot {\nborder-radius:50%;\ndisplay:inline-block;\n}\n\t#uc_uc_card_post_carousel_elementor_4bb47e7 .owl-stage\n        {\n            transition-timing-function: linear!important;\n        }\n\n\n\n<\/style>\n\n<div class=\"uc_overlay_image_carousel\" id=\"uc_uc_card_post_carousel_elementor_4bb47e7\" data-custom-sethtml=\"true\" >\n   <div class=\"uc_carousel owl-carousel owl-theme uc-items-wrapper\">\n   \t\t<div id=\"uc_uc_card_post_carousel_elementor_4bb47e7_item1\" class=\"uc_image_carousel_container_holder ue_post_carousel_item ue-\">\n  <div class=\"uc_image_carousel_placeholder\">\n    <a href=\"https:\/\/musiikkitoteemi.fi\/en\/opetus_ja_kurssit\/soitinkaruselli\/\"><div class=\"uc_image_carousel_bg\" style=\"background-image:url(https:\/\/musiikkitoteemi.fi\/wp-content\/uploads\/2024\/07\/musiikkitoteemi_0020-min-768x512.jpeg); background-position:center;\"><\/div><\/a>\n  <\/div>\n\n  <div class=\"uc_image_carousel_content\" >\n    <div class=\"ue_post_category\"><a href=\"\"><\/a><\/div>            <a href=\"https:\/\/musiikkitoteemi.fi\/en\/opetus_ja_kurssit\/soitinkaruselli\/\" style=\"text-decoration:none;\"><div class=\"uc_post_title\" style=\"text-decoration:none;\">Instrument carousel<\/div><\/a>    <div class=\"ue_post_intro\">Is your child interested in music, but hasn&#039;t found their own instrument yet? In the musical instrument carousel, your child can...<\/div>    \n    <div class=\"ue_post_btn_holder\"><a class=\"uc_more_btn ue-dynamic-popup-single\" href='https:\/\/musiikkitoteemi.fi\/en\/opetus_ja_kurssit\/soitinkaruselli\/' target=\"_self\">Read more<\/a><\/div>    \n  <\/div>\n  \n    \n<\/div>\n<div id=\"uc_uc_card_post_carousel_elementor_4bb47e7_item2\" class=\"uc_image_carousel_container_holder ue_post_carousel_item ue-Viulu\">\n  <div class=\"uc_image_carousel_placeholder\">\n    <a href=\"https:\/\/musiikkitoteemi.fi\/en\/opetus_ja_kurssit\/valmentava-soitonopetus-5-8-vuotiaille\/\"><div class=\"uc_image_carousel_bg\" style=\"background-image:url(https:\/\/musiikkitoteemi.fi\/wp-content\/uploads\/2024\/07\/musiikkitoteemi-viulunsoitonopetus-768x512.jpg); background-position:center;\"><\/div><\/a>\n  <\/div>\n\n  <div class=\"uc_image_carousel_content\" >\n    <div class=\"ue_post_category\"><a href=\"https:\/\/musiikkitoteemi.fi\/en\/soitin\/viulu\/\">Violin<\/a><\/div>            <a href=\"https:\/\/musiikkitoteemi.fi\/en\/opetus_ja_kurssit\/valmentava-soitonopetus-5-8-vuotiaille\/\" style=\"text-decoration:none;\"><div class=\"uc_post_title\" style=\"text-decoration:none;\">Preparatory music lessons for ages 5-8<\/div><\/a>    <div class=\"ue_post_intro\">In preparatory music lessons, a child can learn the basics of an instrument in a small group. This works well...<\/div>    \n    <div class=\"ue_post_btn_holder\"><a class=\"uc_more_btn ue-dynamic-popup-single\" href='https:\/\/musiikkitoteemi.fi\/en\/opetus_ja_kurssit\/valmentava-soitonopetus-5-8-vuotiaille\/' target=\"_self\">Read more<\/a><\/div>    \n  <\/div>\n  \n    \n<\/div>\n\n   <\/div>\t\n<\/div>\n\n<!-- end Post Carousel Lite -->\t\t\t\t<\/div>\n\t\t\t\t<\/div>\n\t\t\t\t\t<\/div>\n\t\t<\/div>\n\t\t\t\t\t<\/div>\n\t\t<\/section>\n\t\t\t\t<section class=\"elementor-section elementor-top-section elementor-element elementor-element-cd42086 elementor-section-boxed elementor-section-height-default elementor-section-height-default\" data-id=\"cd42086\" data-element_type=\"section\" data-e-type=\"section\">\n\t\t\t\t\t\t<div class=\"elementor-container elementor-column-gap-default\">\n\t\t\t\t\t<div class=\"elementor-column elementor-col-100 elementor-top-column elementor-element elementor-element-3c50d9b\" data-id=\"3c50d9b\" data-element_type=\"column\" data-e-type=\"column\">\n\t\t\t<div class=\"elementor-widget-wrap elementor-element-populated\">\n\t\t\t\t\t\t<div class=\"elementor-element elementor-element-d4325b9 elementor-widget elementor-widget-spacer\" data-id=\"d4325b9\" data-element_type=\"widget\" data-e-type=\"widget\" data-widget_type=\"spacer.default\">\n\t\t\t\t<div class=\"elementor-widget-container\">\n\t\t\t\t\t\t\t<div class=\"elementor-spacer\">\n\t\t\t<div class=\"elementor-spacer-inner\"><\/div>\n\t\t<\/div>\n\t\t\t\t\t\t<\/div>\n\t\t\t\t<\/div>\n\t\t\t\t\t<\/div>\n\t\t<\/div>\n\t\t\t\t\t<\/div>\n\t\t<\/section>\n\t\t\t\t<\/div>","protected":false},"excerpt":{"rendered":"<p>VALMENTAVA SOITONOPETUS 5\u20138-vuotiaille Ilmoittaudu Valmentava soitonopetus 5\u20138-vuotiaille &lt;&lt; Palaa muskarilistaukseen Valmentava soitonopetus Valmentavassa soitonopetuksessa lapsi voi tutustua soittimen alkeisiin pienryhm\u00e4ss\u00e4. T\u00e4m\u00e4 toimii hyv\u00e4n\u00e4 ponnistuslautana soitonopetuksen maailmaan. Opetuksessa otetaan huomioon lapsen omat kiinnostuksen kohteet ja l\u00e4ht\u00f6kohdat. Opetus on lempe\u00e4\u00e4 ja lapsil\u00e4ht\u00f6ist\u00e4. Tunnilla soitetaan yhdess\u00e4 ja erikseen. Valittavana on viulu-, huilu-, sello-, kitara- ja pianovalmennus. Pienryhm\u00e4ss\u00e4 on [&hellip;]<\/p>\n","protected":false},"author":1,"featured_media":0,"parent":0,"menu_order":0,"comment_status":"closed","ping_status":"closed","template":"","meta":{"_acf_changed":false,"footnotes":""},"class_list":["post-440","page","type-page","status-publish","hentry"],"acf":[],"yoast_head":"<!-- This site is optimized with the Yoast SEO plugin v27.4 - https:\/\/yoast.com\/product\/yoast-seo-wordpress\/ -->\n<title>Valmentava soitonopetus - Musiikkikoulu Musiikkitoteemi<\/title>\n<meta name=\"description\" content=\"Valmentavassa soitonopetuksessa lapsi voi tutustua soittimen alkeisiin pienryhm\u00e4ss\u00e4. Valittavissa on my\u00f6s soitinkaruselli.\" \/>\n<meta name=\"robots\" content=\"index, follow, max-snippet:-1, max-image-preview:large, max-video-preview:-1\" \/>\n<link rel=\"canonical\" href=\"https:\/\/musiikkitoteemi.fi\/en\/valmentava-soitonopetus\/\" \/>\n<meta property=\"og:locale\" content=\"en_US\" \/>\n<meta property=\"og:type\" content=\"article\" \/>\n<meta property=\"og:title\" content=\"Valmentava soitonopetus 5\u20138-vuotiaille\" \/>\n<meta property=\"og:description\" content=\"Valmentavassa soitonopetuksessa lapsi voi tutustua soittimen alkeisiin pienryhm\u00e4ss\u00e4. Valittavissa on my\u00f6s soitinkaruselli.\" \/>\n<meta property=\"og:url\" content=\"https:\/\/musiikkitoteemi.fi\/en\/valmentava-soitonopetus\/\" \/>\n<meta property=\"og:site_name\" content=\"Musiikkikoulu Musiikkitoteemi\" \/>\n<meta property=\"article:publisher\" content=\"https:\/\/www.facebook.com\/musiikkitoteemi\/\" \/>\n<meta property=\"article:modified_time\" content=\"2025-05-03T19:13:41+00:00\" \/>\n<meta property=\"og:image\" content=\"https:\/\/musiikkitoteemi.fi\/wp-content\/uploads\/2024\/07\/Ukulele.jpg\" \/>\n\t<meta property=\"og:image:width\" content=\"2000\" \/>\n\t<meta property=\"og:image:height\" content=\"1334\" \/>\n\t<meta property=\"og:image:type\" content=\"image\/jpeg\" \/>\n<meta name=\"twitter:card\" content=\"summary_large_image\" \/>\n<meta name=\"twitter:label1\" content=\"Est. reading time\" \/>\n\t<meta name=\"twitter:data1\" content=\"2 minutes\" \/>\n<script type=\"application\/ld+json\" class=\"yoast-schema-graph\">{\"@context\":\"https:\\\/\\\/schema.org\",\"@graph\":[{\"@type\":\"WebPage\",\"@id\":\"https:\\\/\\\/musiikkitoteemi.fi\\\/valmentava-soitonopetus\\\/\",\"url\":\"https:\\\/\\\/musiikkitoteemi.fi\\\/valmentava-soitonopetus\\\/\",\"name\":\"Valmentava soitonopetus - Musiikkikoulu Musiikkitoteemi\",\"isPartOf\":{\"@id\":\"https:\\\/\\\/musiikkitoteemi.fi\\\/#website\"},\"datePublished\":\"2024-07-29T15:51:28+00:00\",\"dateModified\":\"2025-05-03T19:13:41+00:00\",\"description\":\"Valmentavassa soitonopetuksessa lapsi voi tutustua soittimen alkeisiin pienryhm\u00e4ss\u00e4. Valittavissa on my\u00f6s soitinkaruselli.\",\"breadcrumb\":{\"@id\":\"https:\\\/\\\/musiikkitoteemi.fi\\\/valmentava-soitonopetus\\\/#breadcrumb\"},\"inLanguage\":\"en-US\",\"potentialAction\":[{\"@type\":\"ReadAction\",\"target\":[\"https:\\\/\\\/musiikkitoteemi.fi\\\/valmentava-soitonopetus\\\/\"]}]},{\"@type\":\"BreadcrumbList\",\"@id\":\"https:\\\/\\\/musiikkitoteemi.fi\\\/valmentava-soitonopetus\\\/#breadcrumb\",\"itemListElement\":[{\"@type\":\"ListItem\",\"position\":1,\"name\":\"Etusivu\",\"item\":\"https:\\\/\\\/musiikkitoteemi.fi\\\/\"},{\"@type\":\"ListItem\",\"position\":2,\"name\":\"Valmentava soitonopetus\"}]},{\"@type\":\"WebSite\",\"@id\":\"https:\\\/\\\/musiikkitoteemi.fi\\\/#website\",\"url\":\"https:\\\/\\\/musiikkitoteemi.fi\\\/\",\"name\":\"Musiikkitoteemi - Musiikkikoulu Tampereella\",\"description\":\"Sinun musiikkikoulusi Tampereella vuodesta 2004.\",\"publisher\":{\"@id\":\"https:\\\/\\\/musiikkitoteemi.fi\\\/#organization\"},\"potentialAction\":[{\"@type\":\"SearchAction\",\"target\":{\"@type\":\"EntryPoint\",\"urlTemplate\":\"https:\\\/\\\/musiikkitoteemi.fi\\\/?s={search_term_string}\"},\"query-input\":{\"@type\":\"PropertyValueSpecification\",\"valueRequired\":true,\"valueName\":\"search_term_string\"}}],\"inLanguage\":\"en-US\"},{\"@type\":\"Organization\",\"@id\":\"https:\\\/\\\/musiikkitoteemi.fi\\\/#organization\",\"name\":\"Musiikkitoteemi\",\"url\":\"https:\\\/\\\/musiikkitoteemi.fi\\\/\",\"logo\":{\"@type\":\"ImageObject\",\"inLanguage\":\"en-US\",\"@id\":\"https:\\\/\\\/musiikkitoteemi.fi\\\/#\\\/schema\\\/logo\\\/image\\\/\",\"url\":\"https:\\\/\\\/musiikkitoteemi.fi\\\/wp-content\\\/uploads\\\/2024\\\/07\\\/musiikkitoteemi.png\",\"contentUrl\":\"https:\\\/\\\/musiikkitoteemi.fi\\\/wp-content\\\/uploads\\\/2024\\\/07\\\/musiikkitoteemi.png\",\"width\":451,\"height\":221,\"caption\":\"Musiikkitoteemi\"},\"image\":{\"@id\":\"https:\\\/\\\/musiikkitoteemi.fi\\\/#\\\/schema\\\/logo\\\/image\\\/\"},\"sameAs\":[\"https:\\\/\\\/www.facebook.com\\\/musiikkitoteemi\\\/\",\"https:\\\/\\\/www.instagram.com\\\/musiikkitoteemi\\\/\",\"https:\\\/\\\/www.youtube.com\\\/@totemguitar\"]}]}<\/script>\n<!-- \/ Yoast SEO plugin. -->","yoast_head_json":{"title":"Valmentava soitonopetus - Musiikkikoulu Musiikkitoteemi","description":"Valmentavassa soitonopetuksessa lapsi voi tutustua soittimen alkeisiin pienryhm\u00e4ss\u00e4. Valittavissa on my\u00f6s soitinkaruselli.","robots":{"index":"index","follow":"follow","max-snippet":"max-snippet:-1","max-image-preview":"max-image-preview:large","max-video-preview":"max-video-preview:-1"},"canonical":"https:\/\/musiikkitoteemi.fi\/en\/valmentava-soitonopetus\/","og_locale":"en_US","og_type":"article","og_title":"Valmentava soitonopetus 5\u20138-vuotiaille","og_description":"Valmentavassa soitonopetuksessa lapsi voi tutustua soittimen alkeisiin pienryhm\u00e4ss\u00e4. Valittavissa on my\u00f6s soitinkaruselli.","og_url":"https:\/\/musiikkitoteemi.fi\/en\/valmentava-soitonopetus\/","og_site_name":"Musiikkikoulu Musiikkitoteemi","article_publisher":"https:\/\/www.facebook.com\/musiikkitoteemi\/","article_modified_time":"2025-05-03T19:13:41+00:00","og_image":[{"width":2000,"height":1334,"url":"https:\/\/musiikkitoteemi.fi\/wp-content\/uploads\/2024\/07\/Ukulele.jpg","type":"image\/jpeg"}],"twitter_card":"summary_large_image","twitter_misc":{"Est. reading time":"2 minutes"},"schema":{"@context":"https:\/\/schema.org","@graph":[{"@type":"WebPage","@id":"https:\/\/musiikkitoteemi.fi\/valmentava-soitonopetus\/","url":"https:\/\/musiikkitoteemi.fi\/valmentava-soitonopetus\/","name":"Valmentava soitonopetus - Musiikkikoulu Musiikkitoteemi","isPartOf":{"@id":"https:\/\/musiikkitoteemi.fi\/#website"},"datePublished":"2024-07-29T15:51:28+00:00","dateModified":"2025-05-03T19:13:41+00:00","description":"Valmentavassa soitonopetuksessa lapsi voi tutustua soittimen alkeisiin pienryhm\u00e4ss\u00e4. Valittavissa on my\u00f6s soitinkaruselli.","breadcrumb":{"@id":"https:\/\/musiikkitoteemi.fi\/valmentava-soitonopetus\/#breadcrumb"},"inLanguage":"en-US","potentialAction":[{"@type":"ReadAction","target":["https:\/\/musiikkitoteemi.fi\/valmentava-soitonopetus\/"]}]},{"@type":"BreadcrumbList","@id":"https:\/\/musiikkitoteemi.fi\/valmentava-soitonopetus\/#breadcrumb","itemListElement":[{"@type":"ListItem","position":1,"name":"Etusivu","item":"https:\/\/musiikkitoteemi.fi\/"},{"@type":"ListItem","position":2,"name":"Valmentava soitonopetus"}]},{"@type":"WebSite","@id":"https:\/\/musiikkitoteemi.fi\/#website","url":"https:\/\/musiikkitoteemi.fi\/","name":"Music Totem - Music School in Tampere","description":"Your music school in Tampere since 2004.","publisher":{"@id":"https:\/\/musiikkitoteemi.fi\/#organization"},"potentialAction":[{"@type":"SearchAction","target":{"@type":"EntryPoint","urlTemplate":"https:\/\/musiikkitoteemi.fi\/?s={search_term_string}"},"query-input":{"@type":"PropertyValueSpecification","valueRequired":true,"valueName":"search_term_string"}}],"inLanguage":"en-US"},{"@type":"Organization","@id":"https:\/\/musiikkitoteemi.fi\/#organization","name":"Music Totem","url":"https:\/\/musiikkitoteemi.fi\/","logo":{"@type":"ImageObject","inLanguage":"en-US","@id":"https:\/\/musiikkitoteemi.fi\/#\/schema\/logo\/image\/","url":"https:\/\/musiikkitoteemi.fi\/wp-content\/uploads\/2024\/07\/musiikkitoteemi.png","contentUrl":"https:\/\/musiikkitoteemi.fi\/wp-content\/uploads\/2024\/07\/musiikkitoteemi.png","width":451,"height":221,"caption":"Musiikkitoteemi"},"image":{"@id":"https:\/\/musiikkitoteemi.fi\/#\/schema\/logo\/image\/"},"sameAs":["https:\/\/www.facebook.com\/musiikkitoteemi\/","https:\/\/www.instagram.com\/musiikkitoteemi\/","https:\/\/www.youtube.com\/@totemguitar"]}]}},"_links":{"self":[{"href":"https:\/\/musiikkitoteemi.fi\/en\/wp-json\/wp\/v2\/pages\/440","targetHints":{"allow":["GET"]}}],"collection":[{"href":"https:\/\/musiikkitoteemi.fi\/en\/wp-json\/wp\/v2\/pages"}],"about":[{"href":"https:\/\/musiikkitoteemi.fi\/en\/wp-json\/wp\/v2\/types\/page"}],"author":[{"embeddable":true,"href":"https:\/\/musiikkitoteemi.fi\/en\/wp-json\/wp\/v2\/users\/1"}],"replies":[{"embeddable":true,"href":"https:\/\/musiikkitoteemi.fi\/en\/wp-json\/wp\/v2\/comments?post=440"}],"version-history":[{"count":83,"href":"https:\/\/musiikkitoteemi.fi\/en\/wp-json\/wp\/v2\/pages\/440\/revisions"}],"predecessor-version":[{"id":3997,"href":"https:\/\/musiikkitoteemi.fi\/en\/wp-json\/wp\/v2\/pages\/440\/revisions\/3997"}],"wp:attachment":[{"href":"https:\/\/musiikkitoteemi.fi\/en\/wp-json\/wp\/v2\/media?parent=440"}],"curies":[{"name":"wp","href":"https:\/\/api.w.org\/{rel}","templated":true}]}}