{"id":4559,"date":"2025-08-28T09:46:12","date_gmt":"2025-08-28T06:46:12","guid":{"rendered":"https:\/\/musiikkitoteemi.fi\/?page_id=4559"},"modified":"2025-08-28T10:53:41","modified_gmt":"2025-08-28T07:53:41","slug":"sovi-maksuton-tutustumiskaynti","status":"publish","type":"page","link":"https:\/\/musiikkitoteemi.fi\/en\/sovi-maksuton-tutustumiskaynti\/","title":{"rendered":"Arrange a free introductory visit"},"content":{"rendered":"<div data-elementor-type=\"wp-page\" data-elementor-id=\"4559\" class=\"elementor elementor-4559\" data-elementor-post-type=\"page\">\n\t\t\t\t\t\t<section class=\"elementor-section elementor-top-section elementor-element elementor-element-7bce3fd elementor-section-height-min-height elementor-section-items-bottom elementor-section-boxed elementor-section-height-default\" data-id=\"7bce3fd\" data-element_type=\"section\" data-settings=\"{&quot;background_background&quot;:&quot;classic&quot;}\">\n\t\t\t\t\t\t<div class=\"elementor-container elementor-column-gap-default\">\n\t\t\t\t\t<div class=\"elementor-column elementor-col-100 elementor-top-column elementor-element elementor-element-7063a62\" data-id=\"7063a62\" data-element_type=\"column\" data-settings=\"{&quot;background_background&quot;:&quot;classic&quot;}\">\n\t\t\t<div class=\"elementor-widget-wrap elementor-element-populated\">\n\t\t\t\t\t\t<div class=\"elementor-element elementor-element-3403d5f elementor-widget__width-initial elementor-widget elementor-widget-heading\" data-id=\"3403d5f\" data-element_type=\"widget\" data-widget_type=\"heading.default\">\n\t\t\t\t<div class=\"elementor-widget-container\">\n\t\t\t\t\t<div class=\"elementor-heading-title elementor-size-default\">SCHEDULE A FREE TRIAL LESSON<\/div>\t\t\t\t<\/div>\n\t\t\t\t<\/div>\n\t\t\t\t\t<\/div>\n\t\t<\/div>\n\t\t\t\t\t<\/div>\n\t\t<\/section>\n\t\t\t\t<section class=\"elementor-section elementor-top-section elementor-element elementor-element-136e73c elementor-section-boxed elementor-section-height-default elementor-section-height-default\" data-id=\"136e73c\" data-element_type=\"section\">\n\t\t\t\t\t\t<div class=\"elementor-container elementor-column-gap-default\">\n\t\t\t\t\t<div class=\"elementor-column elementor-col-100 elementor-top-column elementor-element elementor-element-5edfb50\" data-id=\"5edfb50\" data-element_type=\"column\">\n\t\t\t<div class=\"elementor-widget-wrap\">\n\t\t\t\t\t\t\t<\/div>\n\t\t<\/div>\n\t\t\t\t\t<\/div>\n\t\t<\/section>\n\t\t\t\t<section class=\"elementor-section elementor-top-section elementor-element elementor-element-78197af elementor-section-boxed elementor-section-height-default elementor-section-height-default\" data-id=\"78197af\" data-element_type=\"section\">\n\t\t\t\t\t\t<div class=\"elementor-container elementor-column-gap-default\">\n\t\t\t\t\t<div class=\"elementor-column elementor-col-33 elementor-top-column elementor-element elementor-element-b0b5500\" data-id=\"b0b5500\" data-element_type=\"column\">\n\t\t\t<div class=\"elementor-widget-wrap elementor-element-populated\">\n\t\t\t\t\t\t<div class=\"elementor-element elementor-element-7a4f0a4 elementor-widget elementor-widget-text-editor\" data-id=\"7a4f0a4\" data-element_type=\"widget\" data-widget_type=\"text-editor.default\">\n\t\t\t\t<div class=\"elementor-widget-container\">\n\t\t\t\t\t\t\t\t\t<h3>Office | Office<\/h3><p>toimisto@musiikkitoteemi.fi<br \/>045 122 4201<\/p>\t\t\t\t\t\t\t\t<\/div>\n\t\t\t\t<\/div>\n\t\t\t\t\t<\/div>\n\t\t<\/div>\n\t\t\t\t<div class=\"elementor-column elementor-col-66 elementor-top-column elementor-element elementor-element-032a5a0\" data-id=\"032a5a0\" data-element_type=\"column\">\n\t\t\t<div class=\"elementor-widget-wrap elementor-element-populated\">\n\t\t\t\t\t\t<div class=\"elementor-element elementor-element-8bfaf1b elementor-widget elementor-widget-spacer\" data-id=\"8bfaf1b\" data-element_type=\"widget\" data-widget_type=\"spacer.default\">\n\t\t\t\t<div class=\"elementor-widget-container\">\n\t\t\t\t\t\t\t<div class=\"elementor-spacer\">\n\t\t\t<div class=\"elementor-spacer-inner\"><\/div>\n\t\t<\/div>\n\t\t\t\t\t\t<\/div>\n\t\t\t\t<\/div>\n\t\t\t\t<div class=\"elementor-element elementor-element-a47d244 elementor-widget elementor-widget-text-editor\" data-id=\"a47d244\" data-element_type=\"widget\" data-widget_type=\"text-editor.default\">\n\t\t\t\t<div class=\"elementor-widget-container\">\n\t\t\t\t\t\t\t\t\t<h3><strong>Would you like to join a music hobby, but would like to get to know the group or teacher first? Arrange a free introductory visit.<\/strong><\/h3>\t\t\t\t\t\t\t\t<\/div>\n\t\t\t\t<\/div>\n\t\t\t\t<div class=\"elementor-element elementor-element-39669b0 elementor-widget elementor-widget-text-editor\" data-id=\"39669b0\" data-element_type=\"widget\" data-widget_type=\"text-editor.default\">\n\t\t\t\t<div class=\"elementor-widget-container\">\n\t\t\t\t\t\t\t\t\t<p>If you are hesitant about starting a hobby, you can safely book one free introductory visit that does not obligate you to anything \u2013 if you do not start the hobby, the introductory visit is free. If after the introductory visit you decide to start the hobby, the test session will be billed together with the tuition fee.<\/p><ul><li><strong>MUSKARI<\/strong>: Please indicate the group you want, as well as the child&#039;s name and age. We will confirm the time of the visit for you. <a href=\"https:\/\/musiikkitoteemi.fi\/en\/muskarit\/\">See the Muscari calendar<\/a><\/li><li><strong>MUSIC AND SINGING LESSONS<\/strong>: In addition to the subject you want to study, please provide the student&#039;s name and age, as well as a little background on any previous musical interests, hopes, and goals. The teacher will contact you to arrange a time. <a href=\"https:\/\/musiikkitoteemi.fi\/en\/soiton-ja-laulunopetus\/\">Discover the offer<\/a><\/li><\/ul><p>Arrange a visit with the study coordinator via email. If necessary, you can also ask for more information by phone.<\/p><p>\u2013 office@musiikkitoteemi.fi<br \/>\u2013 045 122 4201<\/p><p>Welcome to music!<\/p>\t\t\t\t\t\t\t\t<\/div>\n\t\t\t\t<\/div>\n\t\t\t\t<div class=\"elementor-element elementor-element-a1ac67d elementor-widget elementor-widget-text-editor\" data-id=\"a1ac67d\" data-element_type=\"widget\" data-widget_type=\"text-editor.default\">\n\t\t\t\t<div class=\"elementor-widget-container\">\n\t\t\t\t\t\t\t\t\t<h3>Thinking about starting music lessons, but would like to meet the group or teacher first? Come and enjoy a free trial lesson \u2013 a relaxed way to see if it&#039;s the right fit for you!<\/h3>\n<div>\n<div>\n<p data-start=\"100\" data-end=\"433\">If you&#039;re unsure about committing to a full school year of music studies right away, you can safely book one free trial lesson \u2013 with no obligations. If you decide not to continue, the trial remains free of charge. If, after the trial, you choose to start your music studies, the trial lesson will be included in your semester fee.<\/p>\n<p data-start=\"435\" data-end=\"589\"><strong data-start=\"435\" data-end=\"466\">MUSIC PLAYSCHOOL (MUSKARI):<\/strong>&nbsp;Please indicate your preferred group as well as your child&#039;s name and age. We will confirm the trial visit time for you.&nbsp;<a href=\"https:\/\/musiikkitoteemi.fi\/en\/muskarit\/\" style=\"font-size: 16px;\">Muscari calendar<\/a><\/p>\n<p data-start=\"591\" data-end=\"852\"><strong data-start=\"591\" data-end=\"624\">INSTRUMENT &amp; VOCAL LESSONS:<\/strong>&nbsp;Please indicate your preferred subject along with the student&#039;s name and age, a short background about any previous musical experience, and your wishes and goals. The teacher will then contact you to agree on a suitable time.&nbsp;<a style=\"font-size: 16px;\" href=\"https:\/\/musiikkitoteemi.fi\/en\/soiton-ja-laulunopetus\/\">Learn more<\/a><\/p>\n<p data-start=\"854\" data-end=\"956\">Book your trial lesson with our study coordinator by email. If needed, you can also reach us by phone.<\/p>\n<p data-start=\"958\" data-end=\"1008\">\u2013 office@musiikkitoteemi.fi<br data-start=\"988\" data-end=\"991\">\u2013 045 122 4201<\/p>\n<p data-start=\"1010\" data-end=\"1046\"><strong data-start=\"1010\" data-end=\"1044\">Welcome to make music with us!<\/strong><\/p>\n<\/div>\n<\/div>\t\t\t\t\t\t\t\t<\/div>\n\t\t\t\t<\/div>\n\t\t\t\t\t<\/div>\n\t\t<\/div>\n\t\t\t\t\t<\/div>\n\t\t<\/section>\n\t\t\t\t<\/div>","protected":false},"excerpt":{"rendered":"<p>SOVI ILMAINEN TUTUSTUMISK\u00c4YNTI |\u00a0FREE TRIAL LESSON Toimisto | Office toimisto@musiikkitoteemi.fi045 122 4201 Haluaisitko mukaan musiikkiharrastukseen, mutta toivoisit ensin tutustumista ryhm\u00e4\u00e4n tai opettajaan? Sovi ilmainen tutustumisk\u00e4ynti. Jos ep\u00e4r\u00f6it harrastuksen aloittamista, voit varata turvallisesti yhden maksuttoman tutustumisk\u00e4ynnin, joka ei velvoita sinua mihink\u00e4\u00e4n \u2013 jos et aloita harrastusta, tutustumisk\u00e4ynti on ilmainen. Jos tutustumisen j\u00e4lkeen p\u00e4\u00e4t\u00e4t aloittaa harrastuksen, testikerta [&hellip;]<\/p>\n","protected":false},"author":1,"featured_media":0,"parent":0,"menu_order":0,"comment_status":"closed","ping_status":"closed","template":"","meta":{"_acf_changed":false,"footnotes":""},"class_list":["post-4559","page","type-page","status-publish","hentry"],"acf":[],"yoast_head":"<!-- This site is optimized with the Yoast SEO plugin v27.3 - https:\/\/yoast.com\/product\/yoast-seo-wordpress\/ -->\n<title>Sovi maksuton tutustumisk\u00e4ynti - Musiikkikoulu Musiikkitoteemi<\/title>\n<meta name=\"description\" content=\"Haluaisitko mukaan musiikkiharrastukseen, mutta toivoisit ensin tutustumista ryhm\u00e4\u00e4n tai opettajaan? Sovi ilmainen tutustumisk\u00e4ynti.\" \/>\n<meta name=\"robots\" content=\"index, follow, max-snippet:-1, max-image-preview:large, max-video-preview:-1\" \/>\n<link rel=\"canonical\" href=\"https:\/\/musiikkitoteemi.fi\/en\/sovi-maksuton-tutustumiskaynti\/\" \/>\n<meta property=\"og:locale\" content=\"en_US\" \/>\n<meta property=\"og:type\" content=\"article\" \/>\n<meta property=\"og:title\" content=\"Sovi maksuton tutustumisk\u00e4ynti\" \/>\n<meta property=\"og:description\" content=\"Haluaisitko mukaan musiikkiharrastukseen, mutta toivoisit ensin tutustumista ryhm\u00e4\u00e4n tai opettajaan? Sovi ilmainen tutustumisk\u00e4ynti.\" \/>\n<meta property=\"og:url\" content=\"https:\/\/musiikkitoteemi.fi\/en\/sovi-maksuton-tutustumiskaynti\/\" \/>\n<meta property=\"og:site_name\" content=\"Musiikkikoulu Musiikkitoteemi\" \/>\n<meta property=\"article:publisher\" content=\"https:\/\/www.facebook.com\/musiikkitoteemi\/\" \/>\n<meta property=\"article:modified_time\" content=\"2025-08-28T07:53:41+00:00\" \/>\n<meta property=\"og:image\" content=\"https:\/\/musiikkitoteemi.fi\/wp-content\/uploads\/2025\/08\/Muskarit-min.jpg\" \/>\n\t<meta property=\"og:image:width\" content=\"2200\" \/>\n\t<meta property=\"og:image:height\" content=\"1526\" \/>\n\t<meta property=\"og:image:type\" content=\"image\/jpeg\" \/>\n<meta name=\"twitter:card\" content=\"summary_large_image\" \/>\n<meta name=\"twitter:label1\" content=\"Est. reading time\" \/>\n\t<meta name=\"twitter:data1\" content=\"2 minutes\" \/>\n<script type=\"application\/ld+json\" class=\"yoast-schema-graph\">{\"@context\":\"https:\\\/\\\/schema.org\",\"@graph\":[{\"@type\":\"WebPage\",\"@id\":\"https:\\\/\\\/musiikkitoteemi.fi\\\/sovi-maksuton-tutustumiskaynti\\\/\",\"url\":\"https:\\\/\\\/musiikkitoteemi.fi\\\/sovi-maksuton-tutustumiskaynti\\\/\",\"name\":\"Sovi maksuton tutustumisk\u00e4ynti - Musiikkikoulu Musiikkitoteemi\",\"isPartOf\":{\"@id\":\"https:\\\/\\\/musiikkitoteemi.fi\\\/#website\"},\"datePublished\":\"2025-08-28T06:46:12+00:00\",\"dateModified\":\"2025-08-28T07:53:41+00:00\",\"description\":\"Haluaisitko mukaan musiikkiharrastukseen, mutta toivoisit ensin tutustumista ryhm\u00e4\u00e4n tai opettajaan? Sovi ilmainen tutustumisk\u00e4ynti.\",\"breadcrumb\":{\"@id\":\"https:\\\/\\\/musiikkitoteemi.fi\\\/sovi-maksuton-tutustumiskaynti\\\/#breadcrumb\"},\"inLanguage\":\"en-US\",\"potentialAction\":[{\"@type\":\"ReadAction\",\"target\":[\"https:\\\/\\\/musiikkitoteemi.fi\\\/sovi-maksuton-tutustumiskaynti\\\/\"]}]},{\"@type\":\"BreadcrumbList\",\"@id\":\"https:\\\/\\\/musiikkitoteemi.fi\\\/sovi-maksuton-tutustumiskaynti\\\/#breadcrumb\",\"itemListElement\":[{\"@type\":\"ListItem\",\"position\":1,\"name\":\"Etusivu\",\"item\":\"https:\\\/\\\/musiikkitoteemi.fi\\\/\"},{\"@type\":\"ListItem\",\"position\":2,\"name\":\"Sovi maksuton tutustumisk\u00e4ynti\"}]},{\"@type\":\"WebSite\",\"@id\":\"https:\\\/\\\/musiikkitoteemi.fi\\\/#website\",\"url\":\"https:\\\/\\\/musiikkitoteemi.fi\\\/\",\"name\":\"Musiikkitoteemi - Musiikkikoulu Tampereella\",\"description\":\"Sinun musiikkikoulusi Tampereella vuodesta 2004.\",\"publisher\":{\"@id\":\"https:\\\/\\\/musiikkitoteemi.fi\\\/#organization\"},\"potentialAction\":[{\"@type\":\"SearchAction\",\"target\":{\"@type\":\"EntryPoint\",\"urlTemplate\":\"https:\\\/\\\/musiikkitoteemi.fi\\\/?s={search_term_string}\"},\"query-input\":{\"@type\":\"PropertyValueSpecification\",\"valueRequired\":true,\"valueName\":\"search_term_string\"}}],\"inLanguage\":\"en-US\"},{\"@type\":\"Organization\",\"@id\":\"https:\\\/\\\/musiikkitoteemi.fi\\\/#organization\",\"name\":\"Musiikkitoteemi\",\"url\":\"https:\\\/\\\/musiikkitoteemi.fi\\\/\",\"logo\":{\"@type\":\"ImageObject\",\"inLanguage\":\"en-US\",\"@id\":\"https:\\\/\\\/musiikkitoteemi.fi\\\/#\\\/schema\\\/logo\\\/image\\\/\",\"url\":\"https:\\\/\\\/musiikkitoteemi.fi\\\/wp-content\\\/uploads\\\/2024\\\/07\\\/musiikkitoteemi.png\",\"contentUrl\":\"https:\\\/\\\/musiikkitoteemi.fi\\\/wp-content\\\/uploads\\\/2024\\\/07\\\/musiikkitoteemi.png\",\"width\":451,\"height\":221,\"caption\":\"Musiikkitoteemi\"},\"image\":{\"@id\":\"https:\\\/\\\/musiikkitoteemi.fi\\\/#\\\/schema\\\/logo\\\/image\\\/\"},\"sameAs\":[\"https:\\\/\\\/www.facebook.com\\\/musiikkitoteemi\\\/\",\"https:\\\/\\\/www.instagram.com\\\/musiikkitoteemi\\\/\",\"https:\\\/\\\/www.youtube.com\\\/@totemguitar\"]}]}<\/script>\n<!-- \/ Yoast SEO plugin. -->","yoast_head_json":{"title":"Arrange a free introductory visit - Music School Musiikkitoteemi","description":"Would you like to join a music hobby, but would like to get to know the group or teacher first? Arrange a free introductory visit.","robots":{"index":"index","follow":"follow","max-snippet":"max-snippet:-1","max-image-preview":"max-image-preview:large","max-video-preview":"max-video-preview:-1"},"canonical":"https:\/\/musiikkitoteemi.fi\/en\/sovi-maksuton-tutustumiskaynti\/","og_locale":"en_US","og_type":"article","og_title":"Sovi maksuton tutustumisk\u00e4ynti","og_description":"Haluaisitko mukaan musiikkiharrastukseen, mutta toivoisit ensin tutustumista ryhm\u00e4\u00e4n tai opettajaan? Sovi ilmainen tutustumisk\u00e4ynti.","og_url":"https:\/\/musiikkitoteemi.fi\/en\/sovi-maksuton-tutustumiskaynti\/","og_site_name":"Musiikkikoulu Musiikkitoteemi","article_publisher":"https:\/\/www.facebook.com\/musiikkitoteemi\/","article_modified_time":"2025-08-28T07:53:41+00:00","og_image":[{"width":2200,"height":1526,"url":"https:\/\/musiikkitoteemi.fi\/wp-content\/uploads\/2025\/08\/Muskarit-min.jpg","type":"image\/jpeg"}],"twitter_card":"summary_large_image","twitter_misc":{"Est. reading time":"2 minutes"},"schema":{"@context":"https:\/\/schema.org","@graph":[{"@type":"WebPage","@id":"https:\/\/musiikkitoteemi.fi\/sovi-maksuton-tutustumiskaynti\/","url":"https:\/\/musiikkitoteemi.fi\/sovi-maksuton-tutustumiskaynti\/","name":"Arrange a free introductory visit - Music School Musiikkitoteemi","isPartOf":{"@id":"https:\/\/musiikkitoteemi.fi\/#website"},"datePublished":"2025-08-28T06:46:12+00:00","dateModified":"2025-08-28T07:53:41+00:00","description":"Would you like to join a music hobby, but would like to get to know the group or teacher first? Arrange a free introductory visit.","breadcrumb":{"@id":"https:\/\/musiikkitoteemi.fi\/sovi-maksuton-tutustumiskaynti\/#breadcrumb"},"inLanguage":"en-US","potentialAction":[{"@type":"ReadAction","target":["https:\/\/musiikkitoteemi.fi\/sovi-maksuton-tutustumiskaynti\/"]}]},{"@type":"BreadcrumbList","@id":"https:\/\/musiikkitoteemi.fi\/sovi-maksuton-tutustumiskaynti\/#breadcrumb","itemListElement":[{"@type":"ListItem","position":1,"name":"Etusivu","item":"https:\/\/musiikkitoteemi.fi\/"},{"@type":"ListItem","position":2,"name":"Sovi maksuton tutustumisk\u00e4ynti"}]},{"@type":"WebSite","@id":"https:\/\/musiikkitoteemi.fi\/#website","url":"https:\/\/musiikkitoteemi.fi\/","name":"Music Totem - Music School in Tampere","description":"Your music school in Tampere since 2004.","publisher":{"@id":"https:\/\/musiikkitoteemi.fi\/#organization"},"potentialAction":[{"@type":"SearchAction","target":{"@type":"EntryPoint","urlTemplate":"https:\/\/musiikkitoteemi.fi\/?s={search_term_string}"},"query-input":{"@type":"PropertyValueSpecification","valueRequired":true,"valueName":"search_term_string"}}],"inLanguage":"en-US"},{"@type":"Organization","@id":"https:\/\/musiikkitoteemi.fi\/#organization","name":"Music Totem","url":"https:\/\/musiikkitoteemi.fi\/","logo":{"@type":"ImageObject","inLanguage":"en-US","@id":"https:\/\/musiikkitoteemi.fi\/#\/schema\/logo\/image\/","url":"https:\/\/musiikkitoteemi.fi\/wp-content\/uploads\/2024\/07\/musiikkitoteemi.png","contentUrl":"https:\/\/musiikkitoteemi.fi\/wp-content\/uploads\/2024\/07\/musiikkitoteemi.png","width":451,"height":221,"caption":"Musiikkitoteemi"},"image":{"@id":"https:\/\/musiikkitoteemi.fi\/#\/schema\/logo\/image\/"},"sameAs":["https:\/\/www.facebook.com\/musiikkitoteemi\/","https:\/\/www.instagram.com\/musiikkitoteemi\/","https:\/\/www.youtube.com\/@totemguitar"]}]}},"_links":{"self":[{"href":"https:\/\/musiikkitoteemi.fi\/en\/wp-json\/wp\/v2\/pages\/4559","targetHints":{"allow":["GET"]}}],"collection":[{"href":"https:\/\/musiikkitoteemi.fi\/en\/wp-json\/wp\/v2\/pages"}],"about":[{"href":"https:\/\/musiikkitoteemi.fi\/en\/wp-json\/wp\/v2\/types\/page"}],"author":[{"embeddable":true,"href":"https:\/\/musiikkitoteemi.fi\/en\/wp-json\/wp\/v2\/users\/1"}],"replies":[{"embeddable":true,"href":"https:\/\/musiikkitoteemi.fi\/en\/wp-json\/wp\/v2\/comments?post=4559"}],"version-history":[{"count":31,"href":"https:\/\/musiikkitoteemi.fi\/en\/wp-json\/wp\/v2\/pages\/4559\/revisions"}],"predecessor-version":[{"id":4599,"href":"https:\/\/musiikkitoteemi.fi\/en\/wp-json\/wp\/v2\/pages\/4559\/revisions\/4599"}],"wp:attachment":[{"href":"https:\/\/musiikkitoteemi.fi\/en\/wp-json\/wp\/v2\/media?parent=4559"}],"curies":[{"name":"wp","href":"https:\/\/api.w.org\/{rel}","templated":true}]}}