{"id":4622,"date":"2025-08-31T09:44:06","date_gmt":"2025-08-31T06:44:06","guid":{"rendered":"https:\/\/musiikkitoteemi.fi\/?page_id=4622"},"modified":"2025-08-31T09:52:52","modified_gmt":"2025-08-31T06:52:52","slug":"pyry-halttula","status":"publish","type":"page","link":"https:\/\/musiikkitoteemi.fi\/en\/opettajat\/pyry-halttula\/","title":{"rendered":"Pyry Halttula"},"content":{"rendered":"<div data-elementor-type=\"wp-page\" data-elementor-id=\"4622\" class=\"elementor elementor-4622\" data-elementor-post-type=\"page\">\n\t\t\t\t\t\t<section class=\"elementor-section elementor-top-section elementor-element elementor-element-7bce3fd elementor-section-height-min-height elementor-section-items-bottom elementor-section-boxed elementor-section-height-default\" data-id=\"7bce3fd\" data-element_type=\"section\" data-settings=\"{&quot;background_background&quot;:&quot;classic&quot;}\">\n\t\t\t\t\t\t<div class=\"elementor-container elementor-column-gap-default\">\n\t\t\t\t\t<div class=\"elementor-column elementor-col-100 elementor-top-column elementor-element elementor-element-7063a62\" data-id=\"7063a62\" data-element_type=\"column\" data-settings=\"{&quot;background_background&quot;:&quot;classic&quot;}\">\n\t\t\t<div class=\"elementor-widget-wrap elementor-element-populated\">\n\t\t\t\t\t\t<div class=\"elementor-element elementor-element-3403d5f elementor-widget__width-initial elementor-widget elementor-widget-heading\" data-id=\"3403d5f\" data-element_type=\"widget\" data-widget_type=\"heading.default\">\n\t\t\t\t<div class=\"elementor-widget-container\">\n\t\t\t\t\t<div class=\"elementor-heading-title elementor-size-default\">Teachers<\/div>\t\t\t\t<\/div>\n\t\t\t\t<\/div>\n\t\t\t\t<div class=\"elementor-element elementor-element-7c39804 elementor-widget__width-initial elementor-widget elementor-widget-text-editor\" data-id=\"7c39804\" data-element_type=\"widget\" data-widget_type=\"text-editor.default\">\n\t\t\t\t<div class=\"elementor-widget-container\">\n\t\t\t\t\t\t\t\t\t<p><strong>Meet the Teachers of Musiikkitoteemi<\/strong>\u00a0<\/p><p>\u00a0<\/p>\t\t\t\t\t\t\t\t<\/div>\n\t\t\t\t<\/div>\n\t\t\t\t\t<\/div>\n\t\t<\/div>\n\t\t\t\t\t<\/div>\n\t\t<\/section>\n\t\t\t\t<section class=\"elementor-section elementor-top-section elementor-element elementor-element-136e73c elementor-section-boxed elementor-section-height-default elementor-section-height-default\" data-id=\"136e73c\" data-element_type=\"section\">\n\t\t\t\t\t\t<div class=\"elementor-container elementor-column-gap-default\">\n\t\t\t\t\t<div class=\"elementor-column elementor-col-100 elementor-top-column elementor-element elementor-element-5edfb50\" data-id=\"5edfb50\" data-element_type=\"column\">\n\t\t\t<div class=\"elementor-widget-wrap elementor-element-populated\">\n\t\t\t\t\t\t<div class=\"elementor-element elementor-element-8bfaf1b elementor-widget elementor-widget-spacer\" data-id=\"8bfaf1b\" data-element_type=\"widget\" data-widget_type=\"spacer.default\">\n\t\t\t\t<div class=\"elementor-widget-container\">\n\t\t\t\t\t\t\t<div class=\"elementor-spacer\">\n\t\t\t<div class=\"elementor-spacer-inner\"><\/div>\n\t\t<\/div>\n\t\t\t\t\t\t<\/div>\n\t\t\t\t<\/div>\n\t\t\t\t\t<\/div>\n\t\t<\/div>\n\t\t\t\t\t<\/div>\n\t\t<\/section>\n\t\t<div class=\"elementor-element elementor-element-0f99b33 e-flex e-con-boxed e-con e-parent\" data-id=\"0f99b33\" data-element_type=\"container\">\n\t\t\t\t\t<div class=\"e-con-inner\">\n\t\t\t\t<div class=\"elementor-element elementor-element-72f33a8 elementor-widget elementor-widget-spacer\" data-id=\"72f33a8\" data-element_type=\"widget\" data-widget_type=\"spacer.default\">\n\t\t\t\t<div class=\"elementor-widget-container\">\n\t\t\t\t\t\t\t<div class=\"elementor-spacer\">\n\t\t\t<div class=\"elementor-spacer-inner\"><\/div>\n\t\t<\/div>\n\t\t\t\t\t\t<\/div>\n\t\t\t\t<\/div>\n\t\t\t\t<div class=\"elementor-element elementor-element-4a77634 elementor-widget elementor-widget-heading\" data-id=\"4a77634\" data-element_type=\"widget\" data-widget_type=\"heading.default\">\n\t\t\t\t<div class=\"elementor-widget-container\">\n\t\t\t\t\t<h2 class=\"elementor-heading-title elementor-size-default\">Teachers<\/h2>\t\t\t\t<\/div>\n\t\t\t\t<\/div>\n\t\t\t\t\t<\/div>\n\t\t\t\t<\/div>\n\t\t<div class=\"elementor-element elementor-element-24f8f83 e-flex e-con-boxed e-con e-parent\" data-id=\"24f8f83\" data-element_type=\"container\">\n\t\t\t\t\t<div class=\"e-con-inner\">\n\t\t<div class=\"elementor-element elementor-element-c9b21b7 e-con-full e-flex e-con e-child\" data-id=\"c9b21b7\" data-element_type=\"container\">\n\t\t\t\t<div class=\"elementor-element elementor-element-a5c7296 elementor-widget elementor-widget-image\" data-id=\"a5c7296\" data-element_type=\"widget\" data-widget_type=\"image.default\">\n\t\t\t\t<div class=\"elementor-widget-container\">\n\t\t\t\t\t\t\t\t\t\t\t\t\t\t\t<img fetchpriority=\"high\" decoding=\"async\" width=\"800\" height=\"800\" src=\"https:\/\/musiikkitoteemi.fi\/wp-content\/uploads\/2025\/08\/Pyry-Halttula-2000-min-1024x1024.jpg\" class=\"attachment-large size-large wp-image-4615\" alt=\"\" srcset=\"https:\/\/musiikkitoteemi.fi\/wp-content\/uploads\/2025\/08\/Pyry-Halttula-2000-min-1024x1024.jpg 1024w, https:\/\/musiikkitoteemi.fi\/wp-content\/uploads\/2025\/08\/Pyry-Halttula-2000-min-300x300.jpg 300w, https:\/\/musiikkitoteemi.fi\/wp-content\/uploads\/2025\/08\/Pyry-Halttula-2000-min-150x150.jpg 150w, https:\/\/musiikkitoteemi.fi\/wp-content\/uploads\/2025\/08\/Pyry-Halttula-2000-min-768x768.jpg 768w, https:\/\/musiikkitoteemi.fi\/wp-content\/uploads\/2025\/08\/Pyry-Halttula-2000-min-1536x1536.jpg 1536w, https:\/\/musiikkitoteemi.fi\/wp-content\/uploads\/2025\/08\/Pyry-Halttula-2000-min-12x12.jpg 12w, https:\/\/musiikkitoteemi.fi\/wp-content\/uploads\/2025\/08\/Pyry-Halttula-2000-min.jpg 2000w\" sizes=\"(max-width: 800px) 100vw, 800px\" \/>\t\t\t\t\t\t\t\t\t\t\t\t\t\t\t<\/div>\n\t\t\t\t<\/div>\n\t\t\t\t<div class=\"elementor-element elementor-element-e3d1406 elementor-widget elementor-widget-heading\" data-id=\"e3d1406\" data-element_type=\"widget\" data-widget_type=\"heading.default\">\n\t\t\t\t<div class=\"elementor-widget-container\">\n\t\t\t\t\t<h4 class=\"elementor-heading-title elementor-size-default\">Pyry Halttula<\/h4>\t\t\t\t<\/div>\n\t\t\t\t<\/div>\n\t\t\t\t<div class=\"elementor-element elementor-element-74d9f9d elementor-widget elementor-widget-text-editor\" data-id=\"74d9f9d\" data-element_type=\"widget\" data-widget_type=\"text-editor.default\">\n\t\t\t\t<div class=\"elementor-widget-container\">\n\t\t\t\t\t\t\t\t\t<div class=\"w-post-elm post_custom_field type_text toimi color_link_inherit\"><i class=\"fas fa-user-graduate\"><\/i>\u00a0 Electric guitar<\/div><div class=\"w-separator size_custom with_line width_default thick_1 style_solid color_border align_center\"><div class=\"w-separator-h\">\u00a0<\/div><\/div><div class=\"w-post-elm post_custom_field type_text sahkoposti color_link_inherit\"><i class=\"fas fa-envelope\"><\/i><span class=\"w-post-elm-value\">\u00a0 toimisto@musiikkitoteemi.fi<\/span><\/div>\t\t\t\t\t\t\t\t<\/div>\n\t\t\t\t<\/div>\n\t\t\t\t<\/div>\n\t\t<div class=\"elementor-element elementor-element-2bcee6e e-con-full e-flex e-con e-child\" data-id=\"2bcee6e\" data-element_type=\"container\">\n\t\t\t\t<div class=\"elementor-element elementor-element-d1ad4ff elementor-widget elementor-widget-text-editor\" data-id=\"d1ad4ff\" data-element_type=\"widget\" data-widget_type=\"text-editor.default\">\n\t\t\t\t<div class=\"elementor-widget-container\">\n\t\t\t\t\t\t\t\t\t<p>Hi!<\/p><p><span style=\"font-family: var( --e-global-typography-text-font-family ), Sans-serif; font-size: var( --e-global-typography-text-font-size ); text-align: var(--text-align);\">I am a musician from Tampere and a soon-to-be-graduated music pedagogue (BA). I graduated from the Central Ostrobothnia Conservatory in 2019. Over the years, I have become familiar with the aesthetics and harmony of different genres, but the ones closest to my heart are blues and fingerstyle.\u00a0<\/span><\/p><p>In my teaching, I focus primarily on creating a safe, encouraging and inspiring atmosphere and on meeting each student as an individual. When planning guitar lessons, I always primarily take into account the student&#039;s goals and interests. Everyone is welcome to my lessons, whether you are a beginner or a little more advanced. I teach both electric and acoustic guitar.<\/p><p>Welcome to guitar lessons!<br \/><span style=\"font-family: var( --e-global-typography-text-font-family ), Sans-serif; font-size: var( --e-global-typography-text-font-size ); text-align: var(--text-align);\">\u2013 Try<\/span><\/p>\t\t\t\t\t\t\t\t<\/div>\n\t\t\t\t<\/div>\n\t\t\t\t<\/div>\n\t\t\t\t\t<\/div>\n\t\t\t\t<\/div>\n\t\t<div class=\"elementor-element elementor-element-7e96891 e-flex e-con-boxed e-con e-parent\" data-id=\"7e96891\" data-element_type=\"container\">\n\t\t\t\t\t<div class=\"e-con-inner\">\n\t\t\t\t<div class=\"elementor-element elementor-element-119600e elementor-widget elementor-widget-spacer\" data-id=\"119600e\" data-element_type=\"widget\" data-widget_type=\"spacer.default\">\n\t\t\t\t<div class=\"elementor-widget-container\">\n\t\t\t\t\t\t\t<div class=\"elementor-spacer\">\n\t\t\t<div class=\"elementor-spacer-inner\"><\/div>\n\t\t<\/div>\n\t\t\t\t\t\t<\/div>\n\t\t\t\t<\/div>\n\t\t\t\t<div class=\"elementor-element elementor-element-17922b7 elementor-widget elementor-widget-heading\" data-id=\"17922b7\" data-element_type=\"widget\" data-widget_type=\"heading.default\">\n\t\t\t\t<div class=\"elementor-widget-container\">\n\t\t\t\t\t<h2 class=\"elementor-heading-title elementor-size-default\">I teach the following subjects:<\/h2>\t\t\t\t<\/div>\n\t\t\t\t<\/div>\n\t\t\t\t<div class=\"elementor-element elementor-element-704f129 elementor-widget elementor-widget-spacer\" data-id=\"704f129\" data-element_type=\"widget\" data-widget_type=\"spacer.default\">\n\t\t\t\t<div class=\"elementor-widget-container\">\n\t\t\t\t\t\t\t<div class=\"elementor-spacer\">\n\t\t\t<div class=\"elementor-spacer-inner\"><\/div>\n\t\t<\/div>\n\t\t\t\t\t\t<\/div>\n\t\t\t\t<\/div>\n\t\t\t\t<div class=\"elementor-element elementor-element-7529e92 elementor-widget elementor-widget-ucaddon_uc_card_post_carousel\" data-id=\"7529e92\" data-element_type=\"widget\" data-widget_type=\"ucaddon_uc_card_post_carousel.default\">\n\t\t\t\t<div class=\"elementor-widget-container\">\n\t\t\t\t\t\n<!-- start Post Carousel Lite -->\n\t\t<link id='font-awesome-css' href='https:\/\/musiikkitoteemi.fi\/wp-content\/plugins\/unlimited-elements-for-elementor\/assets_libraries\/font-awesome6\/fontawesome-all.min.css' type='text\/css' rel='stylesheet' >\n\t\t<link id='font-awesome-4-shim-css' href='https:\/\/musiikkitoteemi.fi\/wp-content\/plugins\/unlimited-elements-for-elementor\/assets_libraries\/font-awesome6\/fontawesome-v4-shims.min.css' type='text\/css' rel='stylesheet' >\n\t\t<link id='owl-carousel-css' href='https:\/\/musiikkitoteemi.fi\/wp-content\/plugins\/unlimited-elements-for-elementor\/assets_libraries\/owl-carousel-new\/assets\/owl.carousel.css' type='text\/css' rel='stylesheet' >\n\n<style>\/* widget: Post Carousel Lite *\/\n\n#uc_uc_card_post_carousel_elementor_7529e92 *{\n  box-sizing:border-box;\n}\n#uc_uc_card_post_carousel_elementor_7529e92{\n  position:relative;\n  min-height:1px;\n}\n#uc_uc_card_post_carousel_elementor_7529e92 .uc_image_carousel_content{\n\ttext-align:center;\n    display: flex;\n     flex-flow: column nowrap;\n}\n#uc_uc_card_post_carousel_elementor_7529e92 .ue_post_carousel_item\n{\n  overflow:hidden;\n  \n}\n#uc_uc_card_post_carousel_elementor_7529e92 .uc_image_carousel_bg {\n  background-repeat: no-repeat;\n}\n#uc_uc_card_post_carousel_elementor_7529e92 .uc_image_carousel_placeholder a{\n  width:100%;\n}\n#uc_uc_card_post_carousel_elementor_7529e92 .uc_image_carousel_bg{\n  width:100%;\n}\n#uc_uc_card_post_carousel_elementor_7529e92 .uc_image_carousel_placeholder{\n  overflow:hidden;\n}\n\n#uc_uc_card_post_carousel_elementor_7529e92 .ue_post_btn_holder\n{\n  margin-top:auto;\n}\n\n#uc_uc_card_post_carousel_elementor_7529e92 .uc_more_btn{\n\n  display:inline-block;\n  text-align:center;\n  text-decoration:none;\n} \n\n.uc_overlay_image_carousel .uc_more_btn{\n  text-decoration:none;\n  display:inline-block;\n}\n\n.uc_overlay_image_carousel .uc_post_title{\n  font-size:21px;\n  text-decoration:none;\n}\n\n#uc_uc_card_post_carousel_elementor_7529e92 .owl-nav .owl-prev{\n    position:absolute;\n    display:inline-block;\n    text-align:center;\n}\n#uc_uc_card_post_carousel_elementor_7529e92 .owl-nav .owl-next{\n  position:absolute;\n  display:inline-block;\n  text-align:center;\n}\n\n\n#uc_uc_card_post_carousel_elementor_7529e92 .owl-dots {\noverflow:hidden;\ndisplay:true !important;\ntext-align:center;\n}\n\n#uc_uc_card_post_carousel_elementor_7529e92 .owl-dot {\nborder-radius:50%;\ndisplay:inline-block;\n}\n\t#uc_uc_card_post_carousel_elementor_7529e92 .owl-stage\n        {\n            transition-timing-function: linear!important;\n        }\n\n\n\n<\/style>\n\n<div class=\"uc_overlay_image_carousel\" id=\"uc_uc_card_post_carousel_elementor_7529e92\" data-custom-sethtml=\"true\" >\n   <div class=\"uc_carousel owl-carousel owl-theme uc-items-wrapper\">\n   \t\t<div id=\"uc_uc_card_post_carousel_elementor_7529e92_item1\" class=\"uc_image_carousel_container_holder ue_post_carousel_item ue-\">\n  <div class=\"uc_image_carousel_placeholder\">\n    <a href=\"https:\/\/musiikkitoteemi.fi\/en\/opetus_ja_kurssit\/soitinkaruselli\/\"><div class=\"uc_image_carousel_bg\" style=\"background-image:url(https:\/\/musiikkitoteemi.fi\/wp-content\/uploads\/2024\/07\/musiikkitoteemi_0020-min-768x512.jpeg); background-position:center;\"><\/div><\/a>\n  <\/div>\n\n  <div class=\"uc_image_carousel_content\" >\n                <a href=\"https:\/\/musiikkitoteemi.fi\/en\/opetus_ja_kurssit\/soitinkaruselli\/\" style=\"text-decoration:none;\"><div class=\"uc_post_title\" style=\"text-decoration:none;\">Instrument carousel<\/div><\/a>    <div class=\"ue_post_intro\">Is your child interested in music, but hasn&#039;t found their own instrument yet? In the musical instrument carousel, your child can...<\/div>    \n    <div class=\"ue_post_btn_holder\"><a class=\"uc_more_btn ue-dynamic-popup-single\" href='https:\/\/musiikkitoteemi.fi\/en\/opetus_ja_kurssit\/soitinkaruselli\/' target=\"_self\">Read more<\/a><\/div>    \n  <\/div>\n  \n    \n<\/div>\n<div id=\"uc_uc_card_post_carousel_elementor_7529e92_item2\" class=\"uc_image_carousel_container_holder ue_post_carousel_item ue-Klassinen kitara\">\n  <div class=\"uc_image_carousel_placeholder\">\n    <a href=\"https:\/\/musiikkitoteemi.fi\/en\/opetus_ja_kurssit\/kitarat\/\"><div class=\"uc_image_carousel_bg\" style=\"background-image:url(https:\/\/musiikkitoteemi.fi\/wp-content\/uploads\/2024\/07\/musiikkitoteemi-kitaransoitonopetus-768x611.jpg); background-position:center;\"><\/div><\/a>\n  <\/div>\n\n  <div class=\"uc_image_carousel_content\" >\n                <a href=\"https:\/\/musiikkitoteemi.fi\/en\/opetus_ja_kurssit\/kitarat\/\" style=\"text-decoration:none;\"><div class=\"uc_post_title\" style=\"text-decoration:none;\">Guitars<\/div><\/a>    <div class=\"ue_post_intro\">Guitar lessons in Tampere. If you are interested in guitar, we have almost everything: classical or nylon string...<\/div>    \n    <div class=\"ue_post_btn_holder\"><a class=\"uc_more_btn ue-dynamic-popup-single\" href='https:\/\/musiikkitoteemi.fi\/en\/opetus_ja_kurssit\/kitarat\/' target=\"_self\">Read more<\/a><\/div>    \n  <\/div>\n  \n    \n<\/div>\n\n   <\/div>\t\n<\/div>\n\n<!-- end Post Carousel Lite -->\t\t\t\t<\/div>\n\t\t\t\t<\/div>\n\t\t\t\t<div class=\"elementor-element elementor-element-4ccd6d5 elementor-widget elementor-widget-spacer\" data-id=\"4ccd6d5\" data-element_type=\"widget\" data-widget_type=\"spacer.default\">\n\t\t\t\t<div class=\"elementor-widget-container\">\n\t\t\t\t\t\t\t<div class=\"elementor-spacer\">\n\t\t\t<div class=\"elementor-spacer-inner\"><\/div>\n\t\t<\/div>\n\t\t\t\t\t\t<\/div>\n\t\t\t\t<\/div>\n\t\t\t\t\t<\/div>\n\t\t\t\t<\/div>\n\t\t\t\t<\/div>","protected":false},"excerpt":{"rendered":"<p>Opettajat Musiikkitoteemin opettajat esitt\u00e4ytyv\u00e4t.\u00a0 \u00a0 Opettajat Pyry Halttula \u00a0 S\u00e4hk\u00f6kitara\u00a0\u00a0 toimisto@musiikkitoteemi.fi Moi! Olen tamperelainen muusikko ja kohta valmistuva musiikkipedagogi (AMK). Valmistuin Keski-Pohjanmaan konservatoriosta 2019. Vuosien varrella olen tutustunut monipuolisesti eri tyylilajien estetiikkaan ja harmoniaan, mutta l\u00e4himp\u00e4n\u00e4 syd\u00e4nt\u00e4ni ovat blues ja fingerstyle.\u00a0 Opetuksessani keskityn ennen kaikkea turvallisen, kannustavan ja inspiroivan ilmapiirin luomiseen sek\u00e4 jokaisen oppilaan kohtaamiseen [&hellip;]<\/p>\n","protected":false},"author":1,"featured_media":0,"parent":665,"menu_order":0,"comment_status":"closed","ping_status":"closed","template":"","meta":{"_acf_changed":false,"footnotes":""},"class_list":["post-4622","page","type-page","status-publish","hentry"],"acf":[],"yoast_head":"<!-- This site is optimized with the Yoast SEO plugin v27.3 - https:\/\/yoast.com\/product\/yoast-seo-wordpress\/ -->\n<title>Pyry Halttula - Musiikkikoulu Musiikkitoteemi<\/title>\n<meta name=\"description\" content=\"Tule mukaan Jarkon osaavaan kitaraopetukseen! Jarkon erikoisosaamista on s\u00e4hk\u00f6kitara ja kaikenlainen tiluttelu.\" \/>\n<meta name=\"robots\" content=\"index, follow, max-snippet:-1, max-image-preview:large, max-video-preview:-1\" \/>\n<link rel=\"canonical\" href=\"https:\/\/musiikkitoteemi.fi\/en\/opettajat\/pyry-halttula\/\" \/>\n<meta property=\"og:locale\" content=\"en_US\" \/>\n<meta property=\"og:type\" content=\"article\" \/>\n<meta property=\"og:title\" content=\"Pyry Halttula, s\u00e4hk\u00f6kitara\" \/>\n<meta property=\"og:description\" content=\"Tule mukaan Pyryn kitaratunneille!\" \/>\n<meta property=\"og:url\" content=\"https:\/\/musiikkitoteemi.fi\/en\/opettajat\/pyry-halttula\/\" \/>\n<meta property=\"og:site_name\" content=\"Musiikkikoulu Musiikkitoteemi\" \/>\n<meta property=\"article:publisher\" content=\"https:\/\/www.facebook.com\/musiikkitoteemi\/\" \/>\n<meta property=\"article:modified_time\" content=\"2025-08-31T06:52:52+00:00\" \/>\n<meta property=\"og:image\" content=\"https:\/\/musiikkitoteemi.fi\/wp-content\/uploads\/2025\/08\/Pyry-Halttula-2000-min.jpg\" \/>\n\t<meta property=\"og:image:width\" content=\"2000\" \/>\n\t<meta property=\"og:image:height\" content=\"2000\" \/>\n\t<meta property=\"og:image:type\" content=\"image\/jpeg\" \/>\n<meta name=\"twitter:card\" content=\"summary_large_image\" \/>\n<meta name=\"twitter:label1\" content=\"Est. reading time\" \/>\n\t<meta name=\"twitter:data1\" content=\"1 minute\" \/>\n<script type=\"application\/ld+json\" class=\"yoast-schema-graph\">{\"@context\":\"https:\\\/\\\/schema.org\",\"@graph\":[{\"@type\":\"WebPage\",\"@id\":\"https:\\\/\\\/musiikkitoteemi.fi\\\/opettajat\\\/pyry-halttula\\\/\",\"url\":\"https:\\\/\\\/musiikkitoteemi.fi\\\/opettajat\\\/pyry-halttula\\\/\",\"name\":\"Pyry Halttula - Musiikkikoulu Musiikkitoteemi\",\"isPartOf\":{\"@id\":\"https:\\\/\\\/musiikkitoteemi.fi\\\/#website\"},\"primaryImageOfPage\":{\"@id\":\"https:\\\/\\\/musiikkitoteemi.fi\\\/opettajat\\\/pyry-halttula\\\/#primaryimage\"},\"image\":{\"@id\":\"https:\\\/\\\/musiikkitoteemi.fi\\\/opettajat\\\/pyry-halttula\\\/#primaryimage\"},\"thumbnailUrl\":\"https:\\\/\\\/musiikkitoteemi.fi\\\/wp-content\\\/uploads\\\/2025\\\/08\\\/Pyry-Halttula-2000-min-1024x1024.jpg\",\"datePublished\":\"2025-08-31T06:44:06+00:00\",\"dateModified\":\"2025-08-31T06:52:52+00:00\",\"description\":\"Tule mukaan Jarkon osaavaan kitaraopetukseen! Jarkon erikoisosaamista on s\u00e4hk\u00f6kitara ja kaikenlainen tiluttelu.\",\"breadcrumb\":{\"@id\":\"https:\\\/\\\/musiikkitoteemi.fi\\\/opettajat\\\/pyry-halttula\\\/#breadcrumb\"},\"inLanguage\":\"en-US\",\"potentialAction\":[{\"@type\":\"ReadAction\",\"target\":[\"https:\\\/\\\/musiikkitoteemi.fi\\\/opettajat\\\/pyry-halttula\\\/\"]}]},{\"@type\":\"ImageObject\",\"inLanguage\":\"en-US\",\"@id\":\"https:\\\/\\\/musiikkitoteemi.fi\\\/opettajat\\\/pyry-halttula\\\/#primaryimage\",\"url\":\"https:\\\/\\\/musiikkitoteemi.fi\\\/wp-content\\\/uploads\\\/2025\\\/08\\\/Pyry-Halttula-2000-min-1024x1024.jpg\",\"contentUrl\":\"https:\\\/\\\/musiikkitoteemi.fi\\\/wp-content\\\/uploads\\\/2025\\\/08\\\/Pyry-Halttula-2000-min-1024x1024.jpg\"},{\"@type\":\"BreadcrumbList\",\"@id\":\"https:\\\/\\\/musiikkitoteemi.fi\\\/opettajat\\\/pyry-halttula\\\/#breadcrumb\",\"itemListElement\":[{\"@type\":\"ListItem\",\"position\":1,\"name\":\"Etusivu\",\"item\":\"https:\\\/\\\/musiikkitoteemi.fi\\\/\"},{\"@type\":\"ListItem\",\"position\":2,\"name\":\"Opettajat\",\"item\":\"https:\\\/\\\/musiikkitoteemi.fi\\\/opettajat\\\/\"},{\"@type\":\"ListItem\",\"position\":3,\"name\":\"Pyry Halttula\"}]},{\"@type\":\"WebSite\",\"@id\":\"https:\\\/\\\/musiikkitoteemi.fi\\\/#website\",\"url\":\"https:\\\/\\\/musiikkitoteemi.fi\\\/\",\"name\":\"Musiikkitoteemi - Musiikkikoulu Tampereella\",\"description\":\"Sinun musiikkikoulusi Tampereella vuodesta 2004.\",\"publisher\":{\"@id\":\"https:\\\/\\\/musiikkitoteemi.fi\\\/#organization\"},\"potentialAction\":[{\"@type\":\"SearchAction\",\"target\":{\"@type\":\"EntryPoint\",\"urlTemplate\":\"https:\\\/\\\/musiikkitoteemi.fi\\\/?s={search_term_string}\"},\"query-input\":{\"@type\":\"PropertyValueSpecification\",\"valueRequired\":true,\"valueName\":\"search_term_string\"}}],\"inLanguage\":\"en-US\"},{\"@type\":\"Organization\",\"@id\":\"https:\\\/\\\/musiikkitoteemi.fi\\\/#organization\",\"name\":\"Musiikkitoteemi\",\"url\":\"https:\\\/\\\/musiikkitoteemi.fi\\\/\",\"logo\":{\"@type\":\"ImageObject\",\"inLanguage\":\"en-US\",\"@id\":\"https:\\\/\\\/musiikkitoteemi.fi\\\/#\\\/schema\\\/logo\\\/image\\\/\",\"url\":\"https:\\\/\\\/musiikkitoteemi.fi\\\/wp-content\\\/uploads\\\/2024\\\/07\\\/musiikkitoteemi.png\",\"contentUrl\":\"https:\\\/\\\/musiikkitoteemi.fi\\\/wp-content\\\/uploads\\\/2024\\\/07\\\/musiikkitoteemi.png\",\"width\":451,\"height\":221,\"caption\":\"Musiikkitoteemi\"},\"image\":{\"@id\":\"https:\\\/\\\/musiikkitoteemi.fi\\\/#\\\/schema\\\/logo\\\/image\\\/\"},\"sameAs\":[\"https:\\\/\\\/www.facebook.com\\\/musiikkitoteemi\\\/\",\"https:\\\/\\\/www.instagram.com\\\/musiikkitoteemi\\\/\",\"https:\\\/\\\/www.youtube.com\\\/@totemguitar\"]}]}<\/script>\n<!-- \/ Yoast SEO plugin. -->","yoast_head_json":{"title":"Pyry Halttula - Music School Music Totem","description":"Come join Jarko&#039;s expert guitar lessons! Jarko&#039;s specialty is electric guitar and all kinds of string playing.","robots":{"index":"index","follow":"follow","max-snippet":"max-snippet:-1","max-image-preview":"max-image-preview:large","max-video-preview":"max-video-preview:-1"},"canonical":"https:\/\/musiikkitoteemi.fi\/en\/opettajat\/pyry-halttula\/","og_locale":"en_US","og_type":"article","og_title":"Pyry Halttula, s\u00e4hk\u00f6kitara","og_description":"Tule mukaan Pyryn kitaratunneille!","og_url":"https:\/\/musiikkitoteemi.fi\/en\/opettajat\/pyry-halttula\/","og_site_name":"Musiikkikoulu Musiikkitoteemi","article_publisher":"https:\/\/www.facebook.com\/musiikkitoteemi\/","article_modified_time":"2025-08-31T06:52:52+00:00","og_image":[{"width":2000,"height":2000,"url":"https:\/\/musiikkitoteemi.fi\/wp-content\/uploads\/2025\/08\/Pyry-Halttula-2000-min.jpg","type":"image\/jpeg"}],"twitter_card":"summary_large_image","twitter_misc":{"Est. reading time":"1 minute"},"schema":{"@context":"https:\/\/schema.org","@graph":[{"@type":"WebPage","@id":"https:\/\/musiikkitoteemi.fi\/opettajat\/pyry-halttula\/","url":"https:\/\/musiikkitoteemi.fi\/opettajat\/pyry-halttula\/","name":"Pyry Halttula - Music School Music Totem","isPartOf":{"@id":"https:\/\/musiikkitoteemi.fi\/#website"},"primaryImageOfPage":{"@id":"https:\/\/musiikkitoteemi.fi\/opettajat\/pyry-halttula\/#primaryimage"},"image":{"@id":"https:\/\/musiikkitoteemi.fi\/opettajat\/pyry-halttula\/#primaryimage"},"thumbnailUrl":"https:\/\/musiikkitoteemi.fi\/wp-content\/uploads\/2025\/08\/Pyry-Halttula-2000-min-1024x1024.jpg","datePublished":"2025-08-31T06:44:06+00:00","dateModified":"2025-08-31T06:52:52+00:00","description":"Come join Jarko&#039;s expert guitar lessons! Jarko&#039;s specialty is electric guitar and all kinds of string playing.","breadcrumb":{"@id":"https:\/\/musiikkitoteemi.fi\/opettajat\/pyry-halttula\/#breadcrumb"},"inLanguage":"en-US","potentialAction":[{"@type":"ReadAction","target":["https:\/\/musiikkitoteemi.fi\/opettajat\/pyry-halttula\/"]}]},{"@type":"ImageObject","inLanguage":"en-US","@id":"https:\/\/musiikkitoteemi.fi\/opettajat\/pyry-halttula\/#primaryimage","url":"https:\/\/musiikkitoteemi.fi\/wp-content\/uploads\/2025\/08\/Pyry-Halttula-2000-min-1024x1024.jpg","contentUrl":"https:\/\/musiikkitoteemi.fi\/wp-content\/uploads\/2025\/08\/Pyry-Halttula-2000-min-1024x1024.jpg"},{"@type":"BreadcrumbList","@id":"https:\/\/musiikkitoteemi.fi\/opettajat\/pyry-halttula\/#breadcrumb","itemListElement":[{"@type":"ListItem","position":1,"name":"Etusivu","item":"https:\/\/musiikkitoteemi.fi\/"},{"@type":"ListItem","position":2,"name":"Opettajat","item":"https:\/\/musiikkitoteemi.fi\/opettajat\/"},{"@type":"ListItem","position":3,"name":"Pyry Halttula"}]},{"@type":"WebSite","@id":"https:\/\/musiikkitoteemi.fi\/#website","url":"https:\/\/musiikkitoteemi.fi\/","name":"Music Totem - Music School in Tampere","description":"Your music school in Tampere since 2004.","publisher":{"@id":"https:\/\/musiikkitoteemi.fi\/#organization"},"potentialAction":[{"@type":"SearchAction","target":{"@type":"EntryPoint","urlTemplate":"https:\/\/musiikkitoteemi.fi\/?s={search_term_string}"},"query-input":{"@type":"PropertyValueSpecification","valueRequired":true,"valueName":"search_term_string"}}],"inLanguage":"en-US"},{"@type":"Organization","@id":"https:\/\/musiikkitoteemi.fi\/#organization","name":"Music Totem","url":"https:\/\/musiikkitoteemi.fi\/","logo":{"@type":"ImageObject","inLanguage":"en-US","@id":"https:\/\/musiikkitoteemi.fi\/#\/schema\/logo\/image\/","url":"https:\/\/musiikkitoteemi.fi\/wp-content\/uploads\/2024\/07\/musiikkitoteemi.png","contentUrl":"https:\/\/musiikkitoteemi.fi\/wp-content\/uploads\/2024\/07\/musiikkitoteemi.png","width":451,"height":221,"caption":"Musiikkitoteemi"},"image":{"@id":"https:\/\/musiikkitoteemi.fi\/#\/schema\/logo\/image\/"},"sameAs":["https:\/\/www.facebook.com\/musiikkitoteemi\/","https:\/\/www.instagram.com\/musiikkitoteemi\/","https:\/\/www.youtube.com\/@totemguitar"]}]}},"_links":{"self":[{"href":"https:\/\/musiikkitoteemi.fi\/en\/wp-json\/wp\/v2\/pages\/4622","targetHints":{"allow":["GET"]}}],"collection":[{"href":"https:\/\/musiikkitoteemi.fi\/en\/wp-json\/wp\/v2\/pages"}],"about":[{"href":"https:\/\/musiikkitoteemi.fi\/en\/wp-json\/wp\/v2\/types\/page"}],"author":[{"embeddable":true,"href":"https:\/\/musiikkitoteemi.fi\/en\/wp-json\/wp\/v2\/users\/1"}],"replies":[{"embeddable":true,"href":"https:\/\/musiikkitoteemi.fi\/en\/wp-json\/wp\/v2\/comments?post=4622"}],"version-history":[{"count":14,"href":"https:\/\/musiikkitoteemi.fi\/en\/wp-json\/wp\/v2\/pages\/4622\/revisions"}],"predecessor-version":[{"id":4638,"href":"https:\/\/musiikkitoteemi.fi\/en\/wp-json\/wp\/v2\/pages\/4622\/revisions\/4638"}],"up":[{"embeddable":true,"href":"https:\/\/musiikkitoteemi.fi\/en\/wp-json\/wp\/v2\/pages\/665"}],"wp:attachment":[{"href":"https:\/\/musiikkitoteemi.fi\/en\/wp-json\/wp\/v2\/media?parent=4622"}],"curies":[{"name":"wp","href":"https:\/\/api.w.org\/{rel}","templated":true}]}}