{"id":792,"date":"2024-07-30T06:50:24","date_gmt":"2024-07-30T06:50:24","guid":{"rendered":"https:\/\/musiikkitoteemifi-wp26890.test.cchosting.fi\/?page_id=792"},"modified":"2025-12-21T17:02:20","modified_gmt":"2025-12-21T15:02:20","slug":"ilmoittautuminen","status":"publish","type":"page","link":"https:\/\/musiikkitoteemi.fi\/en\/ilmoittautuminen\/","title":{"rendered":"Registration"},"content":{"rendered":"\t\t<div data-elementor-type=\"wp-page\" data-elementor-id=\"792\" class=\"elementor elementor-792\" data-elementor-post-type=\"page\">\n\t\t\t\t\t\t<section class=\"elementor-section elementor-top-section elementor-element elementor-element-7bce3fd elementor-section-height-min-height elementor-section-items-bottom elementor-section-boxed elementor-section-height-default\" data-id=\"7bce3fd\" data-element_type=\"section\" data-e-type=\"section\" data-settings=\"{&quot;background_background&quot;:&quot;classic&quot;}\">\n\t\t\t\t\t\t<div class=\"elementor-container elementor-column-gap-default\">\n\t\t\t\t\t<div class=\"elementor-column elementor-col-100 elementor-top-column elementor-element elementor-element-7063a62\" data-id=\"7063a62\" data-element_type=\"column\" data-e-type=\"column\" data-settings=\"{&quot;background_background&quot;:&quot;classic&quot;}\">\n\t\t\t<div class=\"elementor-widget-wrap elementor-element-populated\">\n\t\t\t\t\t\t<div class=\"elementor-element elementor-element-3403d5f elementor-widget__width-initial elementor-widget elementor-widget-heading\" data-id=\"3403d5f\" data-element_type=\"widget\" data-e-type=\"widget\" data-widget_type=\"heading.default\">\n\t\t\t\t<div class=\"elementor-widget-container\">\n\t\t\t\t\t<div class=\"elementor-heading-title elementor-size-default\">Ilmoittautuminen<\/div>\t\t\t\t<\/div>\n\t\t\t\t<\/div>\n\t\t\t\t<div class=\"elementor-element elementor-element-7c39804 elementor-widget__width-initial elementor-widget elementor-widget-text-editor\" data-id=\"7c39804\" data-element_type=\"widget\" data-e-type=\"widget\" data-widget_type=\"text-editor.default\">\n\t\t\t\t<div class=\"elementor-widget-container\">\n\t\t\t\t\t\t\t\t\t<p><strong>\u266a Kaikenik\u00e4isille<\/strong><\/p>\n<p><strong>\u266a&nbsp;Ei p\u00e4\u00e4sykokeita \u2013 mukaan ilmoittautumisj\u00e4rjestyksess\u00e4<\/strong><\/p>\n<p><strong>\u266a Syyslukukausi alkaa 18.8.2025, mutta voit ilmoittautua mukaan l\u00e4pi vuoden<\/strong><\/p>\t\t\t\t\t\t\t\t<\/div>\n\t\t\t\t<\/div>\n\t\t\t\t\t<\/div>\n\t\t<\/div>\n\t\t\t\t\t<\/div>\n\t\t<\/section>\n\t\t\t\t<section class=\"elementor-section elementor-top-section elementor-element elementor-element-136e73c elementor-section-boxed elementor-section-height-default elementor-section-height-default\" data-id=\"136e73c\" data-element_type=\"section\" data-e-type=\"section\">\n\t\t\t\t\t\t<div class=\"elementor-container elementor-column-gap-default\">\n\t\t\t\t\t<div class=\"elementor-column elementor-col-100 elementor-top-column elementor-element elementor-element-5edfb50\" data-id=\"5edfb50\" data-element_type=\"column\" data-e-type=\"column\">\n\t\t\t<div class=\"elementor-widget-wrap elementor-element-populated\">\n\t\t\t\t\t\t<div class=\"elementor-element elementor-element-8bfaf1b elementor-widget elementor-widget-spacer\" data-id=\"8bfaf1b\" data-element_type=\"widget\" data-e-type=\"widget\" data-widget_type=\"spacer.default\">\n\t\t\t\t<div class=\"elementor-widget-container\">\n\t\t\t\t\t\t\t<div class=\"elementor-spacer\">\n\t\t\t<div class=\"elementor-spacer-inner\"><\/div>\n\t\t<\/div>\n\t\t\t\t\t\t<\/div>\n\t\t\t\t<\/div>\n\t\t\t\t\t<\/div>\n\t\t<\/div>\n\t\t\t\t\t<\/div>\n\t\t<\/section>\n\t\t\t\t<section class=\"elementor-section elementor-top-section elementor-element elementor-element-78197af elementor-section-boxed elementor-section-height-default elementor-section-height-default\" data-id=\"78197af\" data-element_type=\"section\" data-e-type=\"section\">\n\t\t\t\t\t\t<div class=\"elementor-container elementor-column-gap-default\">\n\t\t\t\t\t<div class=\"elementor-column elementor-col-33 elementor-top-column elementor-element elementor-element-b0b5500\" data-id=\"b0b5500\" data-element_type=\"column\" data-e-type=\"column\">\n\t\t\t<div class=\"elementor-widget-wrap elementor-element-populated\">\n\t\t\t\t\t\t<div class=\"elementor-element elementor-element-7a4f0a4 elementor-widget elementor-widget-text-editor\" data-id=\"7a4f0a4\" data-element_type=\"widget\" data-e-type=\"widget\" data-widget_type=\"text-editor.default\">\n\t\t\t\t<div class=\"elementor-widget-container\">\n\t\t\t\t\t\t\t\t\t<h3>Musiikkikoulun toimisto<\/h3><p><b>Opinto- ja laskutustiedustelut<\/b><br \/><a style=\"font-family: var( --e-global-typography-text-font-family ), Sans-serif; font-size: var( --e-global-typography-text-font-size ); color: #000000;\" href=\"mailto: toimisto[at]musiikkitoteemi.fi\" target=\"_blank\" rel=\"noopener\">toimisto@musiikkitoteemi.fi<\/a><br \/><span style=\"font-size: 1em;\">045 122 4201<\/span><\/p>\t\t\t\t\t\t\t\t<\/div>\n\t\t\t\t<\/div>\n\t\t\t\t<div class=\"elementor-element elementor-element-7668dd1 elementor-widget elementor-widget-text-editor\" data-id=\"7668dd1\" data-element_type=\"widget\" data-e-type=\"widget\" data-widget_type=\"text-editor.default\">\n\t\t\t\t<div class=\"elementor-widget-container\">\n\t\t\t\t\t\t\t\t\t<p><span style=\"color: var( --e-global-color-text ); font-family: var( --e-global-typography-text-font-family ), Sans-serif; font-size: var( --e-global-typography-text-font-size );\"><b>Tomi Tolvanen, rehtori<br \/><\/b><\/span><span style=\"font-size: 1em;\">044 5633 949<br \/><\/span><span style=\"font-size: 1em;\">info@musiikkitoteemi.fi<\/span><\/p>\t\t\t\t\t\t\t\t<\/div>\n\t\t\t\t<\/div>\n\t\t\t\t\t<\/div>\n\t\t<\/div>\n\t\t\t\t<div class=\"elementor-column elementor-col-66 elementor-top-column elementor-element elementor-element-032a5a0\" data-id=\"032a5a0\" data-element_type=\"column\" data-e-type=\"column\">\n\t\t\t<div class=\"elementor-widget-wrap elementor-element-populated\">\n\t\t\t\t\t\t<div class=\"elementor-element elementor-element-a47d244 elementor-widget elementor-widget-text-editor\" data-id=\"a47d244\" data-element_type=\"widget\" data-e-type=\"widget\" data-widget_type=\"text-editor.default\">\n\t\t\t\t<div class=\"elementor-widget-container\">\n\t\t\t\t\t\t\t\t\t<h3>MUSKARIT SEK\u00c4 SOITON- JA LAULUNOPETUS<\/h3><h4>UUSI OPPILAS<\/h4><ol><li><a href=\"https:\/\/musiikkitoteemi.eepos.fi\/\" target=\"_blank\" rel=\"noopener\">Ilmoittaudu t\u00e4st\u00e4<\/a><\/li><li>Klikkaa Eepoksessa <strong>vihre\u00e4\u00e4<\/strong> painiketta &#8221;Hakeudu oppilaaksi&#8221;<\/li><li>Valitse sinulle sopivin lomake<\/li><li>T\u00e4yt\u00e4 j\u00e4 l\u00e4het\u00e4 lomake<\/li><li>Saat Eepos-tunnukset, kun hakemuksesi on k\u00e4sitelty ja hyv\u00e4ksytty<\/li><li>N\u00e4et opintosi omalta Eepos-tililt\u00e4si<\/li><li>Odota opettajan yhteydenottoa tuntiajan sopimiseksi *<\/li><\/ol><div><i>* = Lukuvuoden alussa opettaja ottaa sinuun yhteytt\u00e4 p\u00e4\u00e4s\u00e4\u00e4nt\u00f6isesti lukukauden aloitusta edelt\u00e4v\u00e4ll\u00e4 viikolla, kauden alettua mahdollisimman pian hakemuksesi k\u00e4sittelyn j\u00e4lkeen. Jos yhteydenottoa ei kuulu, ota yhteytt\u00e4 musiikkikoulun toimistoon tai Eepos-viestin\u00e4 suoraan opettajallesi.<\/i><\/div>\t\t\t\t\t\t\t\t<\/div>\n\t\t\t\t<\/div>\n\t\t\t\t<div class=\"elementor-element elementor-element-d721deb elementor-widget elementor-widget-button\" data-id=\"d721deb\" data-element_type=\"widget\" data-e-type=\"widget\" data-widget_type=\"button.default\">\n\t\t\t\t<div class=\"elementor-widget-container\">\n\t\t\t\t\t\t\t\t\t<div class=\"elementor-button-wrapper\">\n\t\t\t\t\t<a class=\"elementor-button elementor-button-link elementor-size-sm\" href=\"https:\/\/musiikkitoteemi.eepos.fi\/\" target=\"_blank\">\n\t\t\t\t\t\t<span class=\"elementor-button-content-wrapper\">\n\t\t\t\t\t\t\t\t\t<span class=\"elementor-button-text\">Ilmoittaudu t\u00e4st\u00e4<\/span>\n\t\t\t\t\t<\/span>\n\t\t\t\t\t<\/a>\n\t\t\t\t<\/div>\n\t\t\t\t\t\t\t\t<\/div>\n\t\t\t\t<\/div>\n\t\t\t\t<div class=\"elementor-element elementor-element-39669b0 elementor-widget elementor-widget-text-editor\" data-id=\"39669b0\" data-element_type=\"widget\" data-e-type=\"widget\" data-widget_type=\"text-editor.default\">\n\t\t\t\t<div class=\"elementor-widget-container\">\n\t\t\t\t\t\t\t\t\t<h4>JATKAVA OPPILAS<\/h4><h5>Opintojen jatkaminen, muutokset, v\u00e4livuosi ja lopettaminen<\/h5><p>Musiikkitoteemin henkil\u00f6kohtaiseen opetukseen ilmoittaudutaan vain kerran. Jatkaaksesi opintojasi seuraavana lukuvuotena sinun ei tarvitse ilmoittautua uutena oppilaan, vaan voit t\u00e4ytt\u00e4\u00e4 jatkoilmoittautumislomakkeen omalta Eepos-tililt\u00e4si. Samalla lomakeella ilmoitat my\u00f6s mahdollisista muutos- tai v\u00e4livuositoiveistasi tai opintojesi p\u00e4\u00e4tt\u00e4misest\u00e4. <b>Muskariryhmiin ilmoittaudutaan aina uutena oppilaana<\/b>, sill\u00e4 ryhmien ajat saattavat muuttua.<\/p><p>Jos tarvitset opastusta, tukea tai ohjausta opinnoissasi, ota yhteytt\u00e4 opettajaasi tai toimistoon \u2013 autamme sinua mielell\u00e4mme!<\/p><ol><li><a href=\"https:\/\/musiikkitoteemi.eepos.fi\/\" target=\"_blank\" rel=\"noopener\">Siirry Eepokseen<\/a><\/li><li>Klikkaa Eepoksessa <strong>sinist\u00e4<\/strong> painiketta &#8221;Minulla on tunnukset&#8221; (Jos tunnuksesi hukassa, ei h\u00e4t\u00e4\u00e4! Pyyd\u00e4 uudet s\u00e4hk\u00f6postitse osoitteesta toimisto@musiikkitoteemi.fi \u2013 muista my\u00f6s kertoa oppilaan nimi.)<\/li><li>Valitse yl\u00e4laidasta <strong>Ilmoittaudu<\/strong><\/li><li>T\u00e4yt\u00e4 ja l\u00e4het\u00e4 lomake (huom: saatat joutua vahvistamaan omat tietosi, ennen kuin p\u00e4\u00e4set t\u00e4ytt\u00e4m\u00e4\u00e4n lomaketta \u2013 seuraa ohjeita n\u00e4yt\u00f6lt\u00e4)<\/li><\/ol>\t\t\t\t\t\t\t\t<\/div>\n\t\t\t\t<\/div>\n\t\t\t\t<div class=\"elementor-element elementor-element-a1ac67d elementor-widget elementor-widget-text-editor\" data-id=\"a1ac67d\" data-element_type=\"widget\" data-e-type=\"widget\" data-widget_type=\"text-editor.default\">\n\t\t\t\t<div class=\"elementor-widget-container\">\n\t\t\t\t\t\t\t\t\t<h3>MIK\u00c4 ON EEPOS?<\/h3>\n<p>Eepos on Musiikkikoulu Musiikkitoteemin oppilashallinnon syd\u00e4n, joka pit\u00e4\u00e4 sis\u00e4ll\u00e4\u00e4n musiikkikoulun&nbsp;<span style=\"font-size: 1em;\">jokaisen<\/span><span style=\"font-size: 1em;\">&nbsp;oppilaan ja huoltajan tiedot. Syd\u00e4n, joka ly\u00f6 samaa tahtia oppilaiden, huoltajien, opettajien ja hallinnon kanssa.<\/span><\/p>\n<p>Eepoksesta l\u00f6yd\u00e4t muun muassa:<\/p>\n<ul>\n<li>Tulevat tunnit ja lomajaksot<\/li>\n<li><span style=\"font-size: 1em;\">Tulevat esiintymiset<\/span><\/li>\n<li>Harjoitellun ohjelmiston<\/li>\n<li>Palautteet opettajalta<\/li>\n<li>Viestint\u00e4kanavan opettajalle ja hallinnolle<\/li>\n<\/ul>\n<div>Voit tarkastella ja hallinnoida omaa Eepos-tili\u00e4si ilmoittautumisen j\u00e4lkeen saamiesi henkil\u00f6kohtaisten Eepos-tunnusten avulla. N\u00e4in voit p\u00e4ivitt\u00e4\u00e4 mahdollisesti muuttuneita yhteystietojasi sek\u00e4 ensi- ja toissijaisen huoltajan tietoja.&nbsp;<span style=\"font-size: 1em;\">Suosittelemme my\u00f6s lataamaan Eepos-sovelluksen mobiililaitteellesi.<\/span><\/div><div><span style=\"font-size: 1em;\"><br><\/span><\/div><div><span style=\"font-size: 1em;\">Lasku l\u00e4hetet\u00e4\u00e4n aina joko t\u00e4ysi-ik\u00e4iselle oppilaalle tai alaik\u00e4isen oppilaan ensisijaiselle huoltajalle, ellei toisin ole sovittu. Kaikki tietosi ovat turvassa ja salattuja, kokonaisuudessaan vain oppilaitoksemme hallinnon k\u00e4yt\u00f6ss\u00e4 ja opettajallasi vain tarvittavissa m\u00e4\u00e4rin. Jos Eepos-tunnuksesi on hukassa, ei h\u00e4t\u00e4\u00e4: pyyd\u00e4 uudet s\u00e4hk\u00f6postitse osoitteesta toimisto@musiikkitoteemi.fi.<\/span><\/div>\t\t\t\t\t\t\t\t<\/div>\n\t\t\t\t<\/div>\n\t\t\t\t\t<\/div>\n\t\t<\/div>\n\t\t\t\t\t<\/div>\n\t\t<\/section>\n\t\t\t\t<section class=\"elementor-section elementor-top-section elementor-element elementor-element-49a9ec2 elementor-section-boxed elementor-section-height-default elementor-section-height-default\" data-id=\"49a9ec2\" data-element_type=\"section\" data-e-type=\"section\">\n\t\t\t\t\t\t<div class=\"elementor-container elementor-column-gap-default\">\n\t\t\t\t\t<div class=\"elementor-column elementor-col-100 elementor-top-column elementor-element elementor-element-586ab22\" data-id=\"586ab22\" data-element_type=\"column\" data-e-type=\"column\">\n\t\t\t<div class=\"elementor-widget-wrap\">\n\t\t\t\t\t\t\t<\/div>\n\t\t<\/div>\n\t\t\t\t\t<\/div>\n\t\t<\/section>\n\t\t\t\t<section class=\"elementor-section elementor-top-section elementor-element elementor-element-52f9334 elementor-section-boxed elementor-section-height-default elementor-section-height-default\" data-id=\"52f9334\" data-element_type=\"section\" data-e-type=\"section\">\n\t\t\t\t\t\t<div class=\"elementor-container elementor-column-gap-default\">\n\t\t\t\t\t<div class=\"elementor-column elementor-col-100 elementor-top-column elementor-element elementor-element-1b7b523\" data-id=\"1b7b523\" data-element_type=\"column\" data-e-type=\"column\">\n\t\t\t<div class=\"elementor-widget-wrap\">\n\t\t\t\t\t\t\t<\/div>\n\t\t<\/div>\n\t\t\t\t\t<\/div>\n\t\t<\/section>\n\t\t\t\t<section class=\"elementor-section elementor-top-section elementor-element elementor-element-cd42086 elementor-section-boxed elementor-section-height-default elementor-section-height-default\" data-id=\"cd42086\" data-element_type=\"section\" data-e-type=\"section\">\n\t\t\t\t\t\t<div class=\"elementor-container elementor-column-gap-default\">\n\t\t\t\t\t<div class=\"elementor-column elementor-col-100 elementor-top-column elementor-element elementor-element-95a63b4\" data-id=\"95a63b4\" data-element_type=\"column\" data-e-type=\"column\">\n\t\t\t<div class=\"elementor-widget-wrap\">\n\t\t\t\t\t\t\t<\/div>\n\t\t<\/div>\n\t\t\t\t\t<\/div>\n\t\t<\/section>\n\t\t\t\t<\/div>\n\t\t","protected":false},"excerpt":{"rendered":"<p>Ilmoittautuminen \u266a Kaikenik\u00e4isille \u266a&nbsp;Ei p\u00e4\u00e4sykokeita \u2013 mukaan ilmoittautumisj\u00e4rjestyksess\u00e4 \u266a Syyslukukausi alkaa 18.8.2025, mutta voit ilmoittautua mukaan l\u00e4pi vuoden Musiikkikoulun toimisto Opinto- ja laskutustiedusteluttoimisto@musiikkitoteemi.fi045 122 4201 Tomi Tolvanen, rehtori044 5633 949info@musiikkitoteemi.fi MUSKARIT SEK\u00c4 SOITON- JA LAULUNOPETUS UUSI OPPILAS Ilmoittaudu t\u00e4st\u00e4 Klikkaa Eepoksessa vihre\u00e4\u00e4 painiketta &#8221;Hakeudu oppilaaksi&#8221; Valitse sinulle sopivin lomake T\u00e4yt\u00e4 j\u00e4 l\u00e4het\u00e4 lomake Saat Eepos-tunnukset, [&hellip;]<\/p>\n","protected":false},"author":1,"featured_media":0,"parent":0,"menu_order":0,"comment_status":"closed","ping_status":"closed","template":"","meta":{"_acf_changed":false,"footnotes":""},"class_list":["post-792","page","type-page","status-publish","hentry"],"acf":[],"yoast_head":"<!-- This site is optimized with the Yoast SEO plugin v27.4 - https:\/\/yoast.com\/product\/yoast-seo-wordpress\/ -->\n<title>Ilmoittautuminen - Musiikkikoulu Musiikkitoteemi<\/title>\n<meta name=\"description\" content=\"Ilmoittaudu mukaan osaavaan ja kannustavaan musiikinopetukseen!\" \/>\n<meta name=\"robots\" content=\"index, follow, max-snippet:-1, max-image-preview:large, max-video-preview:-1\" \/>\n<link rel=\"canonical\" href=\"https:\/\/musiikkitoteemi.fi\/en\/ilmoittautuminen\/\" \/>\n<meta property=\"og:locale\" content=\"en_US\" \/>\n<meta property=\"og:type\" content=\"article\" \/>\n<meta property=\"og:title\" content=\"Ilmoittaudu musiikkikoulu Musiikkitoteemin oppilaaksi\" \/>\n<meta property=\"og:description\" content=\"Tervetuloa mukaan osaavaan ja kannustavaan musiikinopetukseen!\" \/>\n<meta property=\"og:url\" content=\"https:\/\/musiikkitoteemi.fi\/en\/ilmoittautuminen\/\" \/>\n<meta property=\"og:site_name\" content=\"Musiikkikoulu Musiikkitoteemi\" \/>\n<meta property=\"article:publisher\" content=\"https:\/\/www.facebook.com\/musiikkitoteemi\/\" \/>\n<meta property=\"article:modified_time\" content=\"2025-12-21T15:02:20+00:00\" \/>\n<meta property=\"og:image\" content=\"https:\/\/musiikkitoteemi.fi\/wp-content\/uploads\/2024\/08\/banneri-musiikkitoteemi.jpg\" \/>\n\t<meta property=\"og:image:width\" content=\"2000\" \/>\n\t<meta property=\"og:image:height\" content=\"550\" \/>\n\t<meta property=\"og:image:type\" content=\"image\/jpeg\" \/>\n<meta name=\"twitter:card\" content=\"summary_large_image\" \/>\n<meta name=\"twitter:label1\" content=\"Est. reading time\" \/>\n\t<meta name=\"twitter:data1\" content=\"3 minutes\" \/>\n<script type=\"application\/ld+json\" class=\"yoast-schema-graph\">{\"@context\":\"https:\\\/\\\/schema.org\",\"@graph\":[{\"@type\":\"WebPage\",\"@id\":\"https:\\\/\\\/musiikkitoteemi.fi\\\/ilmoittautuminen\\\/\",\"url\":\"https:\\\/\\\/musiikkitoteemi.fi\\\/ilmoittautuminen\\\/\",\"name\":\"Ilmoittautuminen - Musiikkikoulu Musiikkitoteemi\",\"isPartOf\":{\"@id\":\"https:\\\/\\\/musiikkitoteemi.fi\\\/#website\"},\"datePublished\":\"2024-07-30T06:50:24+00:00\",\"dateModified\":\"2025-12-21T15:02:20+00:00\",\"description\":\"Ilmoittaudu mukaan osaavaan ja kannustavaan musiikinopetukseen!\",\"breadcrumb\":{\"@id\":\"https:\\\/\\\/musiikkitoteemi.fi\\\/ilmoittautuminen\\\/#breadcrumb\"},\"inLanguage\":\"en-US\",\"potentialAction\":[{\"@type\":\"ReadAction\",\"target\":[\"https:\\\/\\\/musiikkitoteemi.fi\\\/ilmoittautuminen\\\/\"]}]},{\"@type\":\"BreadcrumbList\",\"@id\":\"https:\\\/\\\/musiikkitoteemi.fi\\\/ilmoittautuminen\\\/#breadcrumb\",\"itemListElement\":[{\"@type\":\"ListItem\",\"position\":1,\"name\":\"Etusivu\",\"item\":\"https:\\\/\\\/musiikkitoteemi.fi\\\/\"},{\"@type\":\"ListItem\",\"position\":2,\"name\":\"Ilmoittautuminen\"}]},{\"@type\":\"WebSite\",\"@id\":\"https:\\\/\\\/musiikkitoteemi.fi\\\/#website\",\"url\":\"https:\\\/\\\/musiikkitoteemi.fi\\\/\",\"name\":\"Musiikkitoteemi - Musiikkikoulu Tampereella\",\"description\":\"Sinun musiikkikoulusi Tampereella vuodesta 2004.\",\"publisher\":{\"@id\":\"https:\\\/\\\/musiikkitoteemi.fi\\\/#organization\"},\"potentialAction\":[{\"@type\":\"SearchAction\",\"target\":{\"@type\":\"EntryPoint\",\"urlTemplate\":\"https:\\\/\\\/musiikkitoteemi.fi\\\/?s={search_term_string}\"},\"query-input\":{\"@type\":\"PropertyValueSpecification\",\"valueRequired\":true,\"valueName\":\"search_term_string\"}}],\"inLanguage\":\"en-US\"},{\"@type\":\"Organization\",\"@id\":\"https:\\\/\\\/musiikkitoteemi.fi\\\/#organization\",\"name\":\"Musiikkitoteemi\",\"url\":\"https:\\\/\\\/musiikkitoteemi.fi\\\/\",\"logo\":{\"@type\":\"ImageObject\",\"inLanguage\":\"en-US\",\"@id\":\"https:\\\/\\\/musiikkitoteemi.fi\\\/#\\\/schema\\\/logo\\\/image\\\/\",\"url\":\"https:\\\/\\\/musiikkitoteemi.fi\\\/wp-content\\\/uploads\\\/2024\\\/07\\\/musiikkitoteemi.png\",\"contentUrl\":\"https:\\\/\\\/musiikkitoteemi.fi\\\/wp-content\\\/uploads\\\/2024\\\/07\\\/musiikkitoteemi.png\",\"width\":451,\"height\":221,\"caption\":\"Musiikkitoteemi\"},\"image\":{\"@id\":\"https:\\\/\\\/musiikkitoteemi.fi\\\/#\\\/schema\\\/logo\\\/image\\\/\"},\"sameAs\":[\"https:\\\/\\\/www.facebook.com\\\/musiikkitoteemi\\\/\",\"https:\\\/\\\/www.instagram.com\\\/musiikkitoteemi\\\/\",\"https:\\\/\\\/www.youtube.com\\\/@totemguitar\"]}]}<\/script>\n<!-- \/ Yoast SEO plugin. -->","yoast_head_json":{"title":"Registration - Music School Musiikkiitteemi","description":"Sign up for competent and encouraging music instruction!","robots":{"index":"index","follow":"follow","max-snippet":"max-snippet:-1","max-image-preview":"max-image-preview:large","max-video-preview":"max-video-preview:-1"},"canonical":"https:\/\/musiikkitoteemi.fi\/en\/ilmoittautuminen\/","og_locale":"en_US","og_type":"article","og_title":"Ilmoittaudu musiikkikoulu Musiikkitoteemin oppilaaksi","og_description":"Tervetuloa mukaan osaavaan ja kannustavaan musiikinopetukseen!","og_url":"https:\/\/musiikkitoteemi.fi\/en\/ilmoittautuminen\/","og_site_name":"Musiikkikoulu Musiikkitoteemi","article_publisher":"https:\/\/www.facebook.com\/musiikkitoteemi\/","article_modified_time":"2025-12-21T15:02:20+00:00","og_image":[{"width":2000,"height":550,"url":"https:\/\/musiikkitoteemi.fi\/wp-content\/uploads\/2024\/08\/banneri-musiikkitoteemi.jpg","type":"image\/jpeg"}],"twitter_card":"summary_large_image","twitter_misc":{"Est. reading time":"3 minutes"},"schema":{"@context":"https:\/\/schema.org","@graph":[{"@type":"WebPage","@id":"https:\/\/musiikkitoteemi.fi\/ilmoittautuminen\/","url":"https:\/\/musiikkitoteemi.fi\/ilmoittautuminen\/","name":"Registration - Music School Musiikkiitteemi","isPartOf":{"@id":"https:\/\/musiikkitoteemi.fi\/#website"},"datePublished":"2024-07-30T06:50:24+00:00","dateModified":"2025-12-21T15:02:20+00:00","description":"Sign up for competent and encouraging music instruction!","breadcrumb":{"@id":"https:\/\/musiikkitoteemi.fi\/ilmoittautuminen\/#breadcrumb"},"inLanguage":"en-US","potentialAction":[{"@type":"ReadAction","target":["https:\/\/musiikkitoteemi.fi\/ilmoittautuminen\/"]}]},{"@type":"BreadcrumbList","@id":"https:\/\/musiikkitoteemi.fi\/ilmoittautuminen\/#breadcrumb","itemListElement":[{"@type":"ListItem","position":1,"name":"Etusivu","item":"https:\/\/musiikkitoteemi.fi\/"},{"@type":"ListItem","position":2,"name":"Ilmoittautuminen"}]},{"@type":"WebSite","@id":"https:\/\/musiikkitoteemi.fi\/#website","url":"https:\/\/musiikkitoteemi.fi\/","name":"Music Totem - Music School in Tampere","description":"Your music school in Tampere since 2004.","publisher":{"@id":"https:\/\/musiikkitoteemi.fi\/#organization"},"potentialAction":[{"@type":"SearchAction","target":{"@type":"EntryPoint","urlTemplate":"https:\/\/musiikkitoteemi.fi\/?s={search_term_string}"},"query-input":{"@type":"PropertyValueSpecification","valueRequired":true,"valueName":"search_term_string"}}],"inLanguage":"en-US"},{"@type":"Organization","@id":"https:\/\/musiikkitoteemi.fi\/#organization","name":"Music Totem","url":"https:\/\/musiikkitoteemi.fi\/","logo":{"@type":"ImageObject","inLanguage":"en-US","@id":"https:\/\/musiikkitoteemi.fi\/#\/schema\/logo\/image\/","url":"https:\/\/musiikkitoteemi.fi\/wp-content\/uploads\/2024\/07\/musiikkitoteemi.png","contentUrl":"https:\/\/musiikkitoteemi.fi\/wp-content\/uploads\/2024\/07\/musiikkitoteemi.png","width":451,"height":221,"caption":"Musiikkitoteemi"},"image":{"@id":"https:\/\/musiikkitoteemi.fi\/#\/schema\/logo\/image\/"},"sameAs":["https:\/\/www.facebook.com\/musiikkitoteemi\/","https:\/\/www.instagram.com\/musiikkitoteemi\/","https:\/\/www.youtube.com\/@totemguitar"]}]}},"_links":{"self":[{"href":"https:\/\/musiikkitoteemi.fi\/en\/wp-json\/wp\/v2\/pages\/792","targetHints":{"allow":["GET"]}}],"collection":[{"href":"https:\/\/musiikkitoteemi.fi\/en\/wp-json\/wp\/v2\/pages"}],"about":[{"href":"https:\/\/musiikkitoteemi.fi\/en\/wp-json\/wp\/v2\/types\/page"}],"author":[{"embeddable":true,"href":"https:\/\/musiikkitoteemi.fi\/en\/wp-json\/wp\/v2\/users\/1"}],"replies":[{"embeddable":true,"href":"https:\/\/musiikkitoteemi.fi\/en\/wp-json\/wp\/v2\/comments?post=792"}],"version-history":[{"count":104,"href":"https:\/\/musiikkitoteemi.fi\/en\/wp-json\/wp\/v2\/pages\/792\/revisions"}],"predecessor-version":[{"id":4896,"href":"https:\/\/musiikkitoteemi.fi\/en\/wp-json\/wp\/v2\/pages\/792\/revisions\/4896"}],"wp:attachment":[{"href":"https:\/\/musiikkitoteemi.fi\/en\/wp-json\/wp\/v2\/media?parent=792"}],"curies":[{"name":"wp","href":"https:\/\/api.w.org\/{rel}","templated":true}]}}