{"id":840,"date":"2024-07-30T06:20:41","date_gmt":"2024-07-30T06:20:41","guid":{"rendered":"https:\/\/musiikkitoteemifi-wp26890.test.cchosting.fi\/?page_id=840"},"modified":"2025-06-29T14:12:14","modified_gmt":"2025-06-29T11:12:14","slug":"kai-korteila","status":"publish","type":"page","link":"https:\/\/musiikkitoteemi.fi\/en\/opettajat\/kai-korteila\/","title":{"rendered":"Kai Korteila"},"content":{"rendered":"<div data-elementor-type=\"wp-page\" data-elementor-id=\"840\" class=\"elementor elementor-840\" data-elementor-post-type=\"page\">\n\t\t\t\t\t\t<section class=\"elementor-section elementor-top-section elementor-element elementor-element-7bce3fd elementor-section-height-min-height elementor-section-items-bottom elementor-section-boxed elementor-section-height-default\" data-id=\"7bce3fd\" data-element_type=\"section\" data-settings=\"{&quot;background_background&quot;:&quot;classic&quot;}\">\n\t\t\t\t\t\t<div class=\"elementor-container elementor-column-gap-default\">\n\t\t\t\t\t<div class=\"elementor-column elementor-col-100 elementor-top-column elementor-element elementor-element-7063a62\" data-id=\"7063a62\" data-element_type=\"column\" data-settings=\"{&quot;background_background&quot;:&quot;classic&quot;}\">\n\t\t\t<div class=\"elementor-widget-wrap elementor-element-populated\">\n\t\t\t\t\t\t<div class=\"elementor-element elementor-element-3403d5f elementor-widget__width-initial elementor-widget elementor-widget-heading\" data-id=\"3403d5f\" data-element_type=\"widget\" data-widget_type=\"heading.default\">\n\t\t\t\t<div class=\"elementor-widget-container\">\n\t\t\t\t\t<div class=\"elementor-heading-title elementor-size-default\">Teachers<\/div>\t\t\t\t<\/div>\n\t\t\t\t<\/div>\n\t\t\t\t<div class=\"elementor-element elementor-element-7c39804 elementor-widget__width-initial elementor-widget elementor-widget-text-editor\" data-id=\"7c39804\" data-element_type=\"widget\" data-widget_type=\"text-editor.default\">\n\t\t\t\t<div class=\"elementor-widget-container\">\n\t\t\t\t\t\t\t\t\t<p><strong>Meet the Teachers of Musiikkitoteemi<\/strong><\/p><p>\u00a0<\/p>\t\t\t\t\t\t\t\t<\/div>\n\t\t\t\t<\/div>\n\t\t\t\t\t<\/div>\n\t\t<\/div>\n\t\t\t\t\t<\/div>\n\t\t<\/section>\n\t\t\t\t<section class=\"elementor-section elementor-top-section elementor-element elementor-element-136e73c elementor-section-boxed elementor-section-height-default elementor-section-height-default\" data-id=\"136e73c\" data-element_type=\"section\">\n\t\t\t\t\t\t<div class=\"elementor-container elementor-column-gap-default\">\n\t\t\t\t\t<div class=\"elementor-column elementor-col-100 elementor-top-column elementor-element elementor-element-5edfb50\" data-id=\"5edfb50\" data-element_type=\"column\">\n\t\t\t<div class=\"elementor-widget-wrap elementor-element-populated\">\n\t\t\t\t\t\t<div class=\"elementor-element elementor-element-8bfaf1b elementor-widget elementor-widget-spacer\" data-id=\"8bfaf1b\" data-element_type=\"widget\" data-widget_type=\"spacer.default\">\n\t\t\t\t<div class=\"elementor-widget-container\">\n\t\t\t\t\t\t\t<div class=\"elementor-spacer\">\n\t\t\t<div class=\"elementor-spacer-inner\"><\/div>\n\t\t<\/div>\n\t\t\t\t\t\t<\/div>\n\t\t\t\t<\/div>\n\t\t\t\t\t<\/div>\n\t\t<\/div>\n\t\t\t\t\t<\/div>\n\t\t<\/section>\n\t\t<div class=\"elementor-element elementor-element-0f99b33 e-flex e-con-boxed e-con e-parent\" data-id=\"0f99b33\" data-element_type=\"container\">\n\t\t\t\t\t<div class=\"e-con-inner\">\n\t\t\t\t<div class=\"elementor-element elementor-element-72f33a8 elementor-widget elementor-widget-spacer\" data-id=\"72f33a8\" data-element_type=\"widget\" data-widget_type=\"spacer.default\">\n\t\t\t\t<div class=\"elementor-widget-container\">\n\t\t\t\t\t\t\t<div class=\"elementor-spacer\">\n\t\t\t<div class=\"elementor-spacer-inner\"><\/div>\n\t\t<\/div>\n\t\t\t\t\t\t<\/div>\n\t\t\t\t<\/div>\n\t\t\t\t<div class=\"elementor-element elementor-element-4a77634 elementor-widget elementor-widget-heading\" data-id=\"4a77634\" data-element_type=\"widget\" data-widget_type=\"heading.default\">\n\t\t\t\t<div class=\"elementor-widget-container\">\n\t\t\t\t\t<h2 class=\"elementor-heading-title elementor-size-default\">Teachers<\/h2>\t\t\t\t<\/div>\n\t\t\t\t<\/div>\n\t\t\t\t\t<\/div>\n\t\t\t\t<\/div>\n\t\t<div class=\"elementor-element elementor-element-24f8f83 e-flex e-con-boxed e-con e-parent\" data-id=\"24f8f83\" data-element_type=\"container\">\n\t\t\t\t\t<div class=\"e-con-inner\">\n\t\t<div class=\"elementor-element elementor-element-c9b21b7 e-con-full e-flex e-con e-child\" data-id=\"c9b21b7\" data-element_type=\"container\">\n\t\t\t\t<div class=\"elementor-element elementor-element-a5c7296 elementor-widget elementor-widget-image\" data-id=\"a5c7296\" data-element_type=\"widget\" data-widget_type=\"image.default\">\n\t\t\t\t<div class=\"elementor-widget-container\">\n\t\t\t\t\t\t\t\t\t\t\t\t\t\t\t<img fetchpriority=\"high\" decoding=\"async\" width=\"300\" height=\"300\" src=\"https:\/\/musiikkitoteemi.fi\/wp-content\/uploads\/2024\/07\/opettajat-kai-k.jpg\" class=\"attachment-large size-large wp-image-1733\" alt=\"Musiikkikoulu musiikkkitoteemi - Kai Korteila\" srcset=\"https:\/\/musiikkitoteemi.fi\/wp-content\/uploads\/2024\/07\/opettajat-kai-k.jpg 300w, https:\/\/musiikkitoteemi.fi\/wp-content\/uploads\/2024\/07\/opettajat-kai-k-150x150.jpg 150w\" sizes=\"(max-width: 300px) 100vw, 300px\" \/>\t\t\t\t\t\t\t\t\t\t\t\t\t\t\t<\/div>\n\t\t\t\t<\/div>\n\t\t\t\t<div class=\"elementor-element elementor-element-e3d1406 elementor-widget elementor-widget-heading\" data-id=\"e3d1406\" data-element_type=\"widget\" data-widget_type=\"heading.default\">\n\t\t\t\t<div class=\"elementor-widget-container\">\n\t\t\t\t\t<h4 class=\"elementor-heading-title elementor-size-default\">Kai Korteila<\/h4>\t\t\t\t<\/div>\n\t\t\t\t<\/div>\n\t\t\t\t<div class=\"elementor-element elementor-element-74d9f9d elementor-widget elementor-widget-text-editor\" data-id=\"74d9f9d\" data-element_type=\"widget\" data-widget_type=\"text-editor.default\">\n\t\t\t\t<div class=\"elementor-widget-container\">\n\t\t\t\t\t\t\t\t\t<div class=\"w-post-elm post_custom_field type_text toimi color_link_inherit\"><i class=\"fas fa-user-graduate\"><\/i><span class=\"w-post-elm-value\"> Classical guitar and electric guitar<\/span><\/div><div class=\"w-separator size_custom with_line width_default thick_1 style_solid color_border align_center\"><div class=\"w-separator-h\">\u00a0<\/div><\/div><div class=\"w-post-elm post_custom_field type_text sahkoposti color_link_inherit\"><i class=\"fas fa-envelope\"><\/i><span class=\"w-post-elm-value\">\u00a0 toimisto@musiikkitoteemi.fi<\/span><\/div>\t\t\t\t\t\t\t\t<\/div>\n\t\t\t\t<\/div>\n\t\t\t\t<\/div>\n\t\t<div class=\"elementor-element elementor-element-2bcee6e e-con-full e-flex e-con e-child\" data-id=\"2bcee6e\" data-element_type=\"container\">\n\t\t\t\t<div class=\"elementor-element elementor-element-d1ad4ff elementor-widget elementor-widget-text-editor\" data-id=\"d1ad4ff\" data-element_type=\"widget\" data-widget_type=\"text-editor.default\">\n\t\t\t\t<div class=\"elementor-widget-container\">\n\t\t\t\t\t\t\t\t\t<p>Hi!<\/p><p>I am a Tampere-based guitarist and guitar teacher, constantly striving to broaden my skills and musical understanding across genres\u2014from classical to contemporary, and from soft to heavy styles. I graduated as a music pedagogue from Tampere University of Applied Sciences in 2014, with classical guitar as my principal instrument. I have been working as a guitar teacher since 2007, and around the same time, I also began my professional career as a performing musician.<\/p><p>Over the years, through playing, listening to and studying music, I have become familiar with many different genres of music, from heavy metal to traditional stage dance music and from jazz to flamenco. In addition to classical guitar playing, I teach guitar accompaniment and electric guitar playing.<\/p><p>When it comes to guitar playing, I\u2019m interested in everything\u2014and in everyone who wants to learn something new about the guitar.<\/p><p>Welcome to my lessons!<br \/><span style=\"font-family: var( --e-global-typography-text-font-family ), Sans-serif; font-size: var( --e-global-typography-text-font-size ); text-align: var(--text-align);\">-Kai<\/span><\/p>\t\t\t\t\t\t\t\t<\/div>\n\t\t\t\t<\/div>\n\t\t\t\t<\/div>\n\t\t\t\t\t<\/div>\n\t\t\t\t<\/div>\n\t\t<div class=\"elementor-element elementor-element-7e96891 e-flex e-con-boxed e-con e-parent\" data-id=\"7e96891\" data-element_type=\"container\">\n\t\t\t\t\t<div class=\"e-con-inner\">\n\t\t\t\t<div class=\"elementor-element elementor-element-119600e elementor-widget elementor-widget-spacer\" data-id=\"119600e\" data-element_type=\"widget\" data-widget_type=\"spacer.default\">\n\t\t\t\t<div class=\"elementor-widget-container\">\n\t\t\t\t\t\t\t<div class=\"elementor-spacer\">\n\t\t\t<div class=\"elementor-spacer-inner\"><\/div>\n\t\t<\/div>\n\t\t\t\t\t\t<\/div>\n\t\t\t\t<\/div>\n\t\t\t\t<div class=\"elementor-element elementor-element-ec12254 elementor-widget elementor-widget-heading\" data-id=\"ec12254\" data-element_type=\"widget\" data-widget_type=\"heading.default\">\n\t\t\t\t<div class=\"elementor-widget-container\">\n\t\t\t\t\t<h2 class=\"elementor-heading-title elementor-size-default\">I teach the following subjects:<\/h2>\t\t\t\t<\/div>\n\t\t\t\t<\/div>\n\t\t\t\t<div class=\"elementor-element elementor-element-7ed694d elementor-widget elementor-widget-spacer\" data-id=\"7ed694d\" data-element_type=\"widget\" data-widget_type=\"spacer.default\">\n\t\t\t\t<div class=\"elementor-widget-container\">\n\t\t\t\t\t\t\t<div class=\"elementor-spacer\">\n\t\t\t<div class=\"elementor-spacer-inner\"><\/div>\n\t\t<\/div>\n\t\t\t\t\t\t<\/div>\n\t\t\t\t<\/div>\n\t\t\t\t<div class=\"elementor-element elementor-element-2c2a90a elementor-widget elementor-widget-ucaddon_uc_card_post_carousel\" data-id=\"2c2a90a\" data-element_type=\"widget\" data-widget_type=\"ucaddon_uc_card_post_carousel.default\">\n\t\t\t\t<div class=\"elementor-widget-container\">\n\t\t\t\t\t\n<!-- start Post Carousel Lite -->\n\t\t<link id='font-awesome-css' href='https:\/\/musiikkitoteemi.fi\/wp-content\/plugins\/unlimited-elements-for-elementor\/assets_libraries\/font-awesome6\/fontawesome-all.min.css' type='text\/css' rel='stylesheet' >\n\t\t<link id='font-awesome-4-shim-css' href='https:\/\/musiikkitoteemi.fi\/wp-content\/plugins\/unlimited-elements-for-elementor\/assets_libraries\/font-awesome6\/fontawesome-v4-shims.min.css' type='text\/css' rel='stylesheet' >\n\t\t<link id='owl-carousel-css' href='https:\/\/musiikkitoteemi.fi\/wp-content\/plugins\/unlimited-elements-for-elementor\/assets_libraries\/owl-carousel-new\/assets\/owl.carousel.css' type='text\/css' rel='stylesheet' >\n\n<style>\/* widget: Post Carousel Lite *\/\n\n#uc_uc_card_post_carousel_elementor_2c2a90a *{\n  box-sizing:border-box;\n}\n#uc_uc_card_post_carousel_elementor_2c2a90a{\n  position:relative;\n  min-height:1px;\n}\n#uc_uc_card_post_carousel_elementor_2c2a90a .uc_image_carousel_content{\n\ttext-align:center;\n    display: flex;\n     flex-flow: column nowrap;\n}\n#uc_uc_card_post_carousel_elementor_2c2a90a .ue_post_carousel_item\n{\n  overflow:hidden;\n  \n}\n#uc_uc_card_post_carousel_elementor_2c2a90a .uc_image_carousel_bg {\n  background-repeat: no-repeat;\n}\n#uc_uc_card_post_carousel_elementor_2c2a90a .uc_image_carousel_placeholder a{\n  width:100%;\n}\n#uc_uc_card_post_carousel_elementor_2c2a90a .uc_image_carousel_bg{\n  width:100%;\n}\n#uc_uc_card_post_carousel_elementor_2c2a90a .uc_image_carousel_placeholder{\n  overflow:hidden;\n}\n\n#uc_uc_card_post_carousel_elementor_2c2a90a .ue_post_btn_holder\n{\n  margin-top:auto;\n}\n\n#uc_uc_card_post_carousel_elementor_2c2a90a .uc_more_btn{\n\n  display:inline-block;\n  text-align:center;\n  text-decoration:none;\n} \n\n.uc_overlay_image_carousel .uc_more_btn{\n  text-decoration:none;\n  display:inline-block;\n}\n\n.uc_overlay_image_carousel .uc_post_title{\n  font-size:21px;\n  text-decoration:none;\n}\n\n#uc_uc_card_post_carousel_elementor_2c2a90a .owl-nav .owl-prev{\n    position:absolute;\n    display:inline-block;\n    text-align:center;\n}\n#uc_uc_card_post_carousel_elementor_2c2a90a .owl-nav .owl-next{\n  position:absolute;\n  display:inline-block;\n  text-align:center;\n}\n\n\n#uc_uc_card_post_carousel_elementor_2c2a90a .owl-dots {\noverflow:hidden;\ndisplay:true !important;\ntext-align:center;\n}\n\n#uc_uc_card_post_carousel_elementor_2c2a90a .owl-dot {\nborder-radius:50%;\ndisplay:inline-block;\n}\n\t#uc_uc_card_post_carousel_elementor_2c2a90a .owl-stage\n        {\n            transition-timing-function: linear!important;\n        }\n\n\n\n<\/style>\n\n<div class=\"uc_overlay_image_carousel\" id=\"uc_uc_card_post_carousel_elementor_2c2a90a\" data-custom-sethtml=\"true\" >\n   <div class=\"uc_carousel owl-carousel owl-theme uc-items-wrapper\">\n   \t\t<div id=\"uc_uc_card_post_carousel_elementor_2c2a90a_item1\" class=\"uc_image_carousel_container_holder ue_post_carousel_item ue-Klassinen kitara\">\n  <div class=\"uc_image_carousel_placeholder\">\n    <a href=\"https:\/\/musiikkitoteemi.fi\/en\/opetus_ja_kurssit\/kitarat\/\"><div class=\"uc_image_carousel_bg\" style=\"background-image:url(https:\/\/musiikkitoteemi.fi\/wp-content\/uploads\/2024\/07\/musiikkitoteemi-kitaransoitonopetus-768x611.jpg); background-position:center;\"><\/div><\/a>\n  <\/div>\n\n  <div class=\"uc_image_carousel_content\" >\n                <a href=\"https:\/\/musiikkitoteemi.fi\/en\/opetus_ja_kurssit\/kitarat\/\" style=\"text-decoration:none;\"><div class=\"uc_post_title\" style=\"text-decoration:none;\">Guitars<\/div><\/a>    <div class=\"ue_post_intro\">Guitar lessons in Tampere. If you are interested in guitar, we have almost everything: classical or nylon string...<\/div>    \n    <div class=\"ue_post_btn_holder\"><a class=\"uc_more_btn ue-dynamic-popup-single\" href='https:\/\/musiikkitoteemi.fi\/en\/opetus_ja_kurssit\/kitarat\/' target=\"_self\">Read more<\/a><\/div>    \n  <\/div>\n  \n    \n<\/div>\n\n   <\/div>\t\n<\/div>\n\n<!-- end Post Carousel Lite -->\t\t\t\t<\/div>\n\t\t\t\t<\/div>\n\t\t\t\t<div class=\"elementor-element elementor-element-1fa0d24 elementor-widget elementor-widget-spacer\" data-id=\"1fa0d24\" data-element_type=\"widget\" data-widget_type=\"spacer.default\">\n\t\t\t\t<div class=\"elementor-widget-container\">\n\t\t\t\t\t\t\t<div class=\"elementor-spacer\">\n\t\t\t<div class=\"elementor-spacer-inner\"><\/div>\n\t\t<\/div>\n\t\t\t\t\t\t<\/div>\n\t\t\t\t<\/div>\n\t\t\t\t\t<\/div>\n\t\t\t\t<\/div>\n\t\t\t\t<\/div>","protected":false},"excerpt":{"rendered":"<p>Opettajat Musiikkitoteemin opettajat esitt\u00e4ytyv\u00e4t \u00a0 Opettajat Kai Korteila Klassinen kitara ja s\u00e4hk\u00f6kitara\u00a0\u00a0 toimisto@musiikkitoteemi.fi Moi! Olen tamperelainen kitaristi ja kitaransoiton opettaja. Pyrin jatkuvasti kasvattamaan osaamistani ja ymm\u00e4rryst\u00e4ni genrerajojen yli uudesta vanhaan ja kevyest\u00e4 raskaaseen. Vuonna 2014 valmistuin musiikkipedagogiksi Tampereen ammattikorkeakoulusta p\u00e4\u00e4instrumenttinani klassinen kitara. Soitonopetuksen parissa olen ty\u00f6skennellyt vuodesta 2007. Samoihin aikoihin aloin ty\u00f6skentelem\u00e4\u00e4n ammattimaisesti my\u00f6s muusikkona. [&hellip;]<\/p>\n","protected":false},"author":1,"featured_media":0,"parent":665,"menu_order":0,"comment_status":"closed","ping_status":"closed","template":"","meta":{"_acf_changed":false,"footnotes":""},"class_list":["post-840","page","type-page","status-publish","hentry"],"acf":[],"yoast_head":"<!-- This site is optimized with the Yoast SEO plugin v27.3 - https:\/\/yoast.com\/product\/yoast-seo-wordpress\/ -->\n<title>Kai Korteila - Musiikkikoulu Musiikkitoteemi<\/title>\n<meta name=\"description\" content=\"Kai Korteila on monipuolinen kitaristi ja kitaraopettaja, joka taitaa niin klassisen kuin s\u00e4hk\u00f6kitaran, sek\u00e4 basson ja ukulelen.\" \/>\n<meta name=\"robots\" content=\"index, follow, max-snippet:-1, max-image-preview:large, max-video-preview:-1\" \/>\n<link rel=\"canonical\" href=\"https:\/\/musiikkitoteemi.fi\/en\/opettajat\/kai-korteila\/\" \/>\n<meta property=\"og:locale\" content=\"en_US\" \/>\n<meta property=\"og:type\" content=\"article\" \/>\n<meta property=\"og:title\" content=\"Kai Korteila, kitarat, basso ja ukulele\" \/>\n<meta property=\"og:description\" content=\"Kai Korteila on monipuolinen kitaristi ja kitaraopettaja, joka taitaa niin klassisen kuin s\u00e4hk\u00f6kitaran, sek\u00e4 basson ja ukulelen.\" \/>\n<meta property=\"og:url\" content=\"https:\/\/musiikkitoteemi.fi\/en\/opettajat\/kai-korteila\/\" \/>\n<meta property=\"og:site_name\" content=\"Musiikkikoulu Musiikkitoteemi\" \/>\n<meta property=\"article:publisher\" content=\"https:\/\/www.facebook.com\/musiikkitoteemi\/\" \/>\n<meta property=\"article:modified_time\" content=\"2025-06-29T11:12:14+00:00\" \/>\n<meta property=\"og:image\" content=\"https:\/\/musiikkitoteemi.fi\/wp-content\/uploads\/2024\/07\/opettajat-kai-k.jpg\" \/>\n\t<meta property=\"og:image:width\" content=\"300\" \/>\n\t<meta property=\"og:image:height\" content=\"300\" \/>\n\t<meta property=\"og:image:type\" content=\"image\/jpeg\" \/>\n<meta name=\"twitter:card\" content=\"summary_large_image\" \/>\n<meta name=\"twitter:label1\" content=\"Est. reading time\" \/>\n\t<meta name=\"twitter:data1\" content=\"1 minute\" \/>\n<script type=\"application\/ld+json\" class=\"yoast-schema-graph\">{\"@context\":\"https:\\\/\\\/schema.org\",\"@graph\":[{\"@type\":\"WebPage\",\"@id\":\"https:\\\/\\\/musiikkitoteemi.fi\\\/opettajat\\\/kai-korteila\\\/\",\"url\":\"https:\\\/\\\/musiikkitoteemi.fi\\\/opettajat\\\/kai-korteila\\\/\",\"name\":\"Kai Korteila - Musiikkikoulu Musiikkitoteemi\",\"isPartOf\":{\"@id\":\"https:\\\/\\\/musiikkitoteemi.fi\\\/#website\"},\"primaryImageOfPage\":{\"@id\":\"https:\\\/\\\/musiikkitoteemi.fi\\\/opettajat\\\/kai-korteila\\\/#primaryimage\"},\"image\":{\"@id\":\"https:\\\/\\\/musiikkitoteemi.fi\\\/opettajat\\\/kai-korteila\\\/#primaryimage\"},\"thumbnailUrl\":\"https:\\\/\\\/musiikkitoteemi.fi\\\/wp-content\\\/uploads\\\/2024\\\/07\\\/opettajat-kai-k.jpg\",\"datePublished\":\"2024-07-30T06:20:41+00:00\",\"dateModified\":\"2025-06-29T11:12:14+00:00\",\"description\":\"Kai Korteila on monipuolinen kitaristi ja kitaraopettaja, joka taitaa niin klassisen kuin s\u00e4hk\u00f6kitaran, sek\u00e4 basson ja ukulelen.\",\"breadcrumb\":{\"@id\":\"https:\\\/\\\/musiikkitoteemi.fi\\\/opettajat\\\/kai-korteila\\\/#breadcrumb\"},\"inLanguage\":\"en-US\",\"potentialAction\":[{\"@type\":\"ReadAction\",\"target\":[\"https:\\\/\\\/musiikkitoteemi.fi\\\/opettajat\\\/kai-korteila\\\/\"]}]},{\"@type\":\"ImageObject\",\"inLanguage\":\"en-US\",\"@id\":\"https:\\\/\\\/musiikkitoteemi.fi\\\/opettajat\\\/kai-korteila\\\/#primaryimage\",\"url\":\"https:\\\/\\\/musiikkitoteemi.fi\\\/wp-content\\\/uploads\\\/2024\\\/07\\\/opettajat-kai-k.jpg\",\"contentUrl\":\"https:\\\/\\\/musiikkitoteemi.fi\\\/wp-content\\\/uploads\\\/2024\\\/07\\\/opettajat-kai-k.jpg\"},{\"@type\":\"BreadcrumbList\",\"@id\":\"https:\\\/\\\/musiikkitoteemi.fi\\\/opettajat\\\/kai-korteila\\\/#breadcrumb\",\"itemListElement\":[{\"@type\":\"ListItem\",\"position\":1,\"name\":\"Etusivu\",\"item\":\"https:\\\/\\\/musiikkitoteemi.fi\\\/\"},{\"@type\":\"ListItem\",\"position\":2,\"name\":\"Opettajat\",\"item\":\"https:\\\/\\\/musiikkitoteemi.fi\\\/opettajat\\\/\"},{\"@type\":\"ListItem\",\"position\":3,\"name\":\"Kai Korteila\"}]},{\"@type\":\"WebSite\",\"@id\":\"https:\\\/\\\/musiikkitoteemi.fi\\\/#website\",\"url\":\"https:\\\/\\\/musiikkitoteemi.fi\\\/\",\"name\":\"Musiikkitoteemi - Musiikkikoulu Tampereella\",\"description\":\"Sinun musiikkikoulusi Tampereella vuodesta 2004.\",\"publisher\":{\"@id\":\"https:\\\/\\\/musiikkitoteemi.fi\\\/#organization\"},\"potentialAction\":[{\"@type\":\"SearchAction\",\"target\":{\"@type\":\"EntryPoint\",\"urlTemplate\":\"https:\\\/\\\/musiikkitoteemi.fi\\\/?s={search_term_string}\"},\"query-input\":{\"@type\":\"PropertyValueSpecification\",\"valueRequired\":true,\"valueName\":\"search_term_string\"}}],\"inLanguage\":\"en-US\"},{\"@type\":\"Organization\",\"@id\":\"https:\\\/\\\/musiikkitoteemi.fi\\\/#organization\",\"name\":\"Musiikkitoteemi\",\"url\":\"https:\\\/\\\/musiikkitoteemi.fi\\\/\",\"logo\":{\"@type\":\"ImageObject\",\"inLanguage\":\"en-US\",\"@id\":\"https:\\\/\\\/musiikkitoteemi.fi\\\/#\\\/schema\\\/logo\\\/image\\\/\",\"url\":\"https:\\\/\\\/musiikkitoteemi.fi\\\/wp-content\\\/uploads\\\/2024\\\/07\\\/musiikkitoteemi.png\",\"contentUrl\":\"https:\\\/\\\/musiikkitoteemi.fi\\\/wp-content\\\/uploads\\\/2024\\\/07\\\/musiikkitoteemi.png\",\"width\":451,\"height\":221,\"caption\":\"Musiikkitoteemi\"},\"image\":{\"@id\":\"https:\\\/\\\/musiikkitoteemi.fi\\\/#\\\/schema\\\/logo\\\/image\\\/\"},\"sameAs\":[\"https:\\\/\\\/www.facebook.com\\\/musiikkitoteemi\\\/\",\"https:\\\/\\\/www.instagram.com\\\/musiikkitoteemi\\\/\",\"https:\\\/\\\/www.youtube.com\\\/@totemguitar\"]}]}<\/script>\n<!-- \/ Yoast SEO plugin. -->","yoast_head_json":{"title":"Kai Korteila - Musiikkikoulu Musiikkitoteemi","description":"Kai Korteila on monipuolinen kitaristi ja kitaraopettaja, joka taitaa niin klassisen kuin s\u00e4hk\u00f6kitaran, sek\u00e4 basson ja ukulelen.","robots":{"index":"index","follow":"follow","max-snippet":"max-snippet:-1","max-image-preview":"max-image-preview:large","max-video-preview":"max-video-preview:-1"},"canonical":"https:\/\/musiikkitoteemi.fi\/en\/opettajat\/kai-korteila\/","og_locale":"en_US","og_type":"article","og_title":"Kai Korteila, kitarat, basso ja ukulele","og_description":"Kai Korteila on monipuolinen kitaristi ja kitaraopettaja, joka taitaa niin klassisen kuin s\u00e4hk\u00f6kitaran, sek\u00e4 basson ja ukulelen.","og_url":"https:\/\/musiikkitoteemi.fi\/en\/opettajat\/kai-korteila\/","og_site_name":"Musiikkikoulu Musiikkitoteemi","article_publisher":"https:\/\/www.facebook.com\/musiikkitoteemi\/","article_modified_time":"2025-06-29T11:12:14+00:00","og_image":[{"width":300,"height":300,"url":"https:\/\/musiikkitoteemi.fi\/wp-content\/uploads\/2024\/07\/opettajat-kai-k.jpg","type":"image\/jpeg"}],"twitter_card":"summary_large_image","twitter_misc":{"Est. reading time":"1 minute"},"schema":{"@context":"https:\/\/schema.org","@graph":[{"@type":"WebPage","@id":"https:\/\/musiikkitoteemi.fi\/opettajat\/kai-korteila\/","url":"https:\/\/musiikkitoteemi.fi\/opettajat\/kai-korteila\/","name":"Kai Korteila - Musiikkikoulu Musiikkitoteemi","isPartOf":{"@id":"https:\/\/musiikkitoteemi.fi\/#website"},"primaryImageOfPage":{"@id":"https:\/\/musiikkitoteemi.fi\/opettajat\/kai-korteila\/#primaryimage"},"image":{"@id":"https:\/\/musiikkitoteemi.fi\/opettajat\/kai-korteila\/#primaryimage"},"thumbnailUrl":"https:\/\/musiikkitoteemi.fi\/wp-content\/uploads\/2024\/07\/opettajat-kai-k.jpg","datePublished":"2024-07-30T06:20:41+00:00","dateModified":"2025-06-29T11:12:14+00:00","description":"Kai Korteila on monipuolinen kitaristi ja kitaraopettaja, joka taitaa niin klassisen kuin s\u00e4hk\u00f6kitaran, sek\u00e4 basson ja ukulelen.","breadcrumb":{"@id":"https:\/\/musiikkitoteemi.fi\/opettajat\/kai-korteila\/#breadcrumb"},"inLanguage":"en-US","potentialAction":[{"@type":"ReadAction","target":["https:\/\/musiikkitoteemi.fi\/opettajat\/kai-korteila\/"]}]},{"@type":"ImageObject","inLanguage":"en-US","@id":"https:\/\/musiikkitoteemi.fi\/opettajat\/kai-korteila\/#primaryimage","url":"https:\/\/musiikkitoteemi.fi\/wp-content\/uploads\/2024\/07\/opettajat-kai-k.jpg","contentUrl":"https:\/\/musiikkitoteemi.fi\/wp-content\/uploads\/2024\/07\/opettajat-kai-k.jpg"},{"@type":"BreadcrumbList","@id":"https:\/\/musiikkitoteemi.fi\/opettajat\/kai-korteila\/#breadcrumb","itemListElement":[{"@type":"ListItem","position":1,"name":"Etusivu","item":"https:\/\/musiikkitoteemi.fi\/"},{"@type":"ListItem","position":2,"name":"Opettajat","item":"https:\/\/musiikkitoteemi.fi\/opettajat\/"},{"@type":"ListItem","position":3,"name":"Kai Korteila"}]},{"@type":"WebSite","@id":"https:\/\/musiikkitoteemi.fi\/#website","url":"https:\/\/musiikkitoteemi.fi\/","name":"Music Totem - Music School in Tampere","description":"Your music school in Tampere since 2004.","publisher":{"@id":"https:\/\/musiikkitoteemi.fi\/#organization"},"potentialAction":[{"@type":"SearchAction","target":{"@type":"EntryPoint","urlTemplate":"https:\/\/musiikkitoteemi.fi\/?s={search_term_string}"},"query-input":{"@type":"PropertyValueSpecification","valueRequired":true,"valueName":"search_term_string"}}],"inLanguage":"en-US"},{"@type":"Organization","@id":"https:\/\/musiikkitoteemi.fi\/#organization","name":"Music Totem","url":"https:\/\/musiikkitoteemi.fi\/","logo":{"@type":"ImageObject","inLanguage":"en-US","@id":"https:\/\/musiikkitoteemi.fi\/#\/schema\/logo\/image\/","url":"https:\/\/musiikkitoteemi.fi\/wp-content\/uploads\/2024\/07\/musiikkitoteemi.png","contentUrl":"https:\/\/musiikkitoteemi.fi\/wp-content\/uploads\/2024\/07\/musiikkitoteemi.png","width":451,"height":221,"caption":"Musiikkitoteemi"},"image":{"@id":"https:\/\/musiikkitoteemi.fi\/#\/schema\/logo\/image\/"},"sameAs":["https:\/\/www.facebook.com\/musiikkitoteemi\/","https:\/\/www.instagram.com\/musiikkitoteemi\/","https:\/\/www.youtube.com\/@totemguitar"]}]}},"_links":{"self":[{"href":"https:\/\/musiikkitoteemi.fi\/en\/wp-json\/wp\/v2\/pages\/840","targetHints":{"allow":["GET"]}}],"collection":[{"href":"https:\/\/musiikkitoteemi.fi\/en\/wp-json\/wp\/v2\/pages"}],"about":[{"href":"https:\/\/musiikkitoteemi.fi\/en\/wp-json\/wp\/v2\/types\/page"}],"author":[{"embeddable":true,"href":"https:\/\/musiikkitoteemi.fi\/en\/wp-json\/wp\/v2\/users\/1"}],"replies":[{"embeddable":true,"href":"https:\/\/musiikkitoteemi.fi\/en\/wp-json\/wp\/v2\/comments?post=840"}],"version-history":[{"count":59,"href":"https:\/\/musiikkitoteemi.fi\/en\/wp-json\/wp\/v2\/pages\/840\/revisions"}],"predecessor-version":[{"id":4373,"href":"https:\/\/musiikkitoteemi.fi\/en\/wp-json\/wp\/v2\/pages\/840\/revisions\/4373"}],"up":[{"embeddable":true,"href":"https:\/\/musiikkitoteemi.fi\/en\/wp-json\/wp\/v2\/pages\/665"}],"wp:attachment":[{"href":"https:\/\/musiikkitoteemi.fi\/en\/wp-json\/wp\/v2\/media?parent=840"}],"curies":[{"name":"wp","href":"https:\/\/api.w.org\/{rel}","templated":true}]}}